{"id":280,"date":"2024-02-21T23:25:32","date_gmt":"2024-02-21T23:25:32","guid":{"rendered":"https:\/\/gfeb.org\/al\/?page_id=280"},"modified":"2024-03-07T13:37:43","modified_gmt":"2024-03-07T13:37:43","slug":"partner-best","status":"publish","type":"page","link":"https:\/\/gfeb.org\/al\/partner-best\/","title":{"rendered":"partner best"},"content":{"rendered":"<p>[et_pb_section fb_built=&#8221;1&#8243; next_background_color=&#8221;#ffffff&#8221; _builder_version=&#8221;4.24.0&#8243; _module_preset=&#8221;default&#8221; use_background_color_gradient=&#8221;on&#8221; background_color_gradient_direction=&#8221;270deg&#8221; background_color_gradient_stops=&#8221;#5a7414 0%|#1f5100 100%&#8221; bottom_divider_style=&#8221;wave&#8221; bottom_divider_height=&#8221;32px&#8221; global_colors_info=&#8221;{}&#8221;][et_pb_row _builder_version=&#8221;4.24.0&#8243; _module_preset=&#8221;default&#8221; global_colors_info=&#8221;{}&#8221;][et_pb_column type=&#8221;4_4&#8243; _builder_version=&#8221;4.24.0&#8243; _module_preset=&#8221;default&#8221; global_colors_info=&#8221;{}&#8221;][et_pb_text _builder_version=&#8221;4.24.0&#8243; _module_preset=&#8221;default&#8221; header_text_align=&#8221;center&#8221; header_text_color=&#8221;#FFFFFF&#8221; global_colors_info=&#8221;{}&#8221;]<\/p>\n<h1>Partner BEST<\/h1>\n<p>[\/et_pb_text][\/et_pb_column][\/et_pb_row][\/et_pb_section][et_pb_section fb_built=&#8221;1&#8243; _builder_version=&#8221;4.24.0&#8243; _module_preset=&#8221;default&#8221; global_colors_info=&#8221;{}&#8221;][et_pb_row _builder_version=&#8221;4.24.0&#8243; _module_preset=&#8221;default&#8221; custom_margin=&#8221;|auto|-141px|auto||&#8221; custom_padding=&#8221;3px|||||&#8221; global_colors_info=&#8221;{}&#8221;][et_pb_column type=&#8221;4_4&#8243; _builder_version=&#8221;4.24.0&#8243; _module_preset=&#8221;default&#8221; global_colors_info=&#8221;{}&#8221;][et_pb_image src=&#8221;https:\/\/gfeb.org\/al\/wp-content\/uploads\/sites\/3\/2024\/02\/BEST.png&#8221; title_text=&#8221;BEST&#8221; _builder_version=&#8221;4.24.0&#8243; _module_preset=&#8221;default&#8221; global_colors_info=&#8221;{}&#8221;][\/et_pb_image][\/et_pb_column][\/et_pb_row][\/et_pb_section][et_pb_section fb_built=&#8221;1&#8243; _builder_version=&#8221;4.24.0&#8243; _module_preset=&#8221;default&#8221; custom_padding=&#8221;0px|||||&#8221; global_colors_info=&#8221;{}&#8221;][et_pb_row _builder_version=&#8221;4.24.0&#8243; _module_preset=&#8221;default&#8221; min_height=&#8221;368px&#8221; custom_padding=&#8221;3px|||||&#8221; global_colors_info=&#8221;{}&#8221;][et_pb_column type=&#8221;4_4&#8243; _builder_version=&#8221;4.24.0&#8243; _module_preset=&#8221;default&#8221; global_colors_info=&#8221;{}&#8221;][et_pb_text _builder_version=&#8221;4.24.0&#8243; _module_preset=&#8221;default&#8221; custom_padding=&#8221;2px||||false|false&#8221; global_colors_info=&#8221;{}&#8221;]<\/p>\n<div class=\"et_pb_module et_pb_text et_pb_text_2  et_pb_text_align_left et_pb_bg_layout_light\">\n<div class=\"et_pb_text_inner\">\n<h3>BEST INSTITUT F\u00dcR BERUFSBEZOGONE WEITERBILDUNG UND PERSONALTRAINING<\/h3>\n<\/div>\n<\/div>\n<p>[\/et_pb_text][et_pb_text _builder_version=&#8221;4.24.0&#8243; _module_preset=&#8221;default&#8221; custom_padding=&#8221;2px||||false|false&#8221; hover_enabled=&#8221;0&#8243; global_colors_info=&#8221;{}&#8221; sticky_enabled=&#8221;0&#8243;]<\/p>\n<p style=\"text-align: justify;\">BEST Institut f\u00fcr berufsbezogene Weiterbildung und Personaltraining GmbH u themelua n\u00eb vitin 1990 si nj\u00eb organizat\u00eb austriake e pavarur p\u00ebr ofrimin e trajnimeve t\u00eb vazhdueshme, kualifikimeve profesionale dhe k\u00ebshillimeve p\u00ebr karrier\u00eb. Aktivitetet kryesore p\u00ebrfshijn\u00eb zhvillimin e programeve inovative t\u00eb trajnimit p\u00ebr individ\u00eb t\u00eb rinj dhe t\u00eb rritur, shumica prej tyre gra t\u00eb margjinalizuara dhe individ\u00eb me sfond migrimi, n\u00eb trajnime t\u00eb vazhdueshme dhe profesionale, k\u00ebshillimin dhe trajnimin dhe aktivizimin p\u00ebr k\u00ebrkuesit e pun\u00ebs dhe punonj\u00ebsit. Skemat e trajnimit jan\u00eb orientuar nga k\u00ebrkesat e klient\u00ebve dhe bazuar n\u00eb nevojat specifike t\u00eb tregut t\u00eb pun\u00ebs dhe situatat individuale, aft\u00ebsit\u00eb dhe kompetencat e pjes\u00ebmarr\u00ebsve, p\u00ebrvoj\u00ebn paraprake dhe rrethanat jet\u00ebsore.<\/p>\n<p>[\/et_pb_text][\/et_pb_column][\/et_pb_row][et_pb_row column_structure=&#8221;1_3,1_3,1_3&#8243; _builder_version=&#8221;4.24.0&#8243; _module_preset=&#8221;default&#8221; global_colors_info=&#8221;{}&#8221;][et_pb_column type=&#8221;1_3&#8243; _builder_version=&#8221;4.24.0&#8243; _module_preset=&#8221;default&#8221; global_colors_info=&#8221;{}&#8221;][et_pb_blurb title=&#8221;Eksperienc\u00eb e Spikatur&#8221; use_icon=&#8221;on&#8221; font_icon=&#8221;&#x5a;||divi||400&#8243; icon_placement=&#8221;left&#8221; _builder_version=&#8221;4.24.0&#8243; _module_preset=&#8221;default&#8221; hover_enabled=&#8221;0&#8243; global_colors_info=&#8221;{}&#8221; sticky_enabled=&#8221;0&#8243;]<\/p>\n<p>Shum\u00eb vite p\u00ebrvoj\u00eb, ekipet multidisiplinare t\u00eb kombinuara me partneritetet e orientuara, si dhe lidhjet e forta me bot\u00ebn e k\u00ebrkimeve akademike ju ofrojn\u00eb konsultim optimal, metoda dhe instrumente n\u00eb fush\u00ebn e menaxhimit t\u00eb burimeve njer\u00ebzore. Sh\u00ebrbimet e BEST jan\u00eb t\u00eb projektuara specifikisht p\u00ebr t\u00eb p\u00ebrmbushur nevojat praktike.<\/p>\n<p>[\/et_pb_blurb][\/et_pb_column][et_pb_column type=&#8221;1_3&#8243; _builder_version=&#8221;4.24.0&#8243; _module_preset=&#8221;default&#8221; global_colors_info=&#8221;{}&#8221;][et_pb_blurb title=&#8221;Zgjidhje t\u00eb P\u00ebrshtatura&#8221; use_icon=&#8221;on&#8221; font_icon=&#8221;&#x5a;||divi||400&#8243; icon_placement=&#8221;left&#8221; _builder_version=&#8221;4.24.0&#8243; _module_preset=&#8221;default&#8221; hover_enabled=&#8221;0&#8243; locked=&#8221;off&#8221; global_colors_info=&#8221;{}&#8221; sticky_enabled=&#8221;0&#8243;]<\/p>\n<p>Secila kompani \u00ebsht\u00eb unike n\u00eb struktur\u00eb, personel dhe filozofi. Kjo \u00ebsht\u00eb arsyeja pse produktet dhe sh\u00ebrbimet tona, nga nj\u00eb instrument i ve\u00e7ant\u00eb i zgjedhjes deri n\u00eb nj\u00eb skem\u00eb trajnimi, jan\u00eb t\u00eb orientuara nga nevojat dhe situata specifike, duke sjell\u00eb k\u00ebshtu vler\u00eb e shtuar.<\/p>\n<p>[\/et_pb_blurb][\/et_pb_column][et_pb_column type=&#8221;1_3&#8243; _builder_version=&#8221;4.24.0&#8243; _module_preset=&#8221;default&#8221; global_colors_info=&#8221;{}&#8221;][et_pb_blurb title=&#8221;Partneritet Objektiv&#8221; use_icon=&#8221;on&#8221; font_icon=&#8221;&#x5a;||divi||400&#8243; icon_placement=&#8221;left&#8221; _builder_version=&#8221;4.24.0&#8243; _module_preset=&#8221;default&#8221; hover_enabled=&#8221;0&#8243; locked=&#8221;off&#8221; global_colors_info=&#8221;{}&#8221; sticky_enabled=&#8221;0&#8243;]<\/p>\n<p>BEST zgjedh produktet dhe masat q\u00eb ju p\u00ebrshtaten m\u00eb s\u00eb miri, pa nj\u00eb inventar standard. K\u00ebshtu, ata veprojm\u00eb si nj\u00eb partner i besuesh\u00ebm q\u00eb nuk \u00ebsht\u00eb n\u00ebn presionin e marketingut t\u00eb lidhur me produkte t\u00eb vetme. P\u00ebrve\u00e7 k\u00ebsaj, nj\u00eb rrjet i partner\u00ebve kompetent\u00eb siguron zhvillimin dhe zbatimin e nj\u00eb game t\u00eb gjer\u00eb t\u00eb skemave dhe projekteve.<\/p>\n<p>[\/et_pb_blurb][\/et_pb_column][\/et_pb_row][et_pb_row column_structure=&#8221;1_3,1_3,1_3&#8243; _builder_version=&#8221;4.24.0&#8243; _module_preset=&#8221;default&#8221; global_colors_info=&#8221;{}&#8221;][et_pb_column type=&#8221;1_3&#8243; _builder_version=&#8221;4.24.0&#8243; _module_preset=&#8221;default&#8221; global_colors_info=&#8221;{}&#8221;][et_pb_blurb title=&#8221;Sh\u00ebrbime brenda organizat\u00ebs ose p\u00ebr t\u00eb tret\u00eb&#8221; use_icon=&#8221;on&#8221; font_icon=&#8221;&#x5a;||divi||400&#8243; icon_placement=&#8221;left&#8221; _builder_version=&#8221;4.24.0&#8243; _module_preset=&#8221;default&#8221; hover_enabled=&#8221;0&#8243; global_colors_info=&#8221;{}&#8221; sticky_enabled=&#8221;0&#8243;]<\/p>\n<p>Sipas k\u00ebrkes\u00ebs, BEST gjithashtu mund t\u00eb ofroj\u00eb sh\u00ebrbimet n\u00eb kompani- me m\u00eb shum\u00eb se 12 zyra n\u00eb Vjen\u00eb dhe Austrin\u00eb e Poshtme, ata mund t\u00eb kryejm\u00eb profesionalisht skemat e tyre n\u00eb ambientet e kompanive. P\u00ebrs\u00ebri, fleksibiliteti dhe pavar\u00ebsia jan\u00eb pjes\u00eb e prioriteteve kryesore t\u00eb tyre.<\/p>\n<p>[\/et_pb_blurb][\/et_pb_column][et_pb_column type=&#8221;1_3&#8243; _builder_version=&#8221;4.24.0&#8243; _module_preset=&#8221;default&#8221; global_colors_info=&#8221;{}&#8221;][et_pb_blurb title=&#8221;Menaxhimi i Cil\u00ebsis\u00eb&#8221; use_icon=&#8221;on&#8221; font_icon=&#8221;&#x5a;||divi||400&#8243; icon_placement=&#8221;left&#8221; _builder_version=&#8221;4.24.0&#8243; _module_preset=&#8221;default&#8221; hover_enabled=&#8221;0&#8243; locked=&#8221;off&#8221; global_colors_info=&#8221;{}&#8221; sticky_enabled=&#8221;0&#8243;]<\/p>\n<p>Strategjia e BEST p\u00ebr cil\u00ebsis\u00eb \u00ebsht\u00eb n\u00eb p\u00ebrputhje me k\u00ebrkesat dhe kriteret e p\u00ebrcaktuara nga Fondacioni Evropian p\u00ebr Menaxhimi i Cil\u00ebsis\u00eb (EFQM). Thelbi i saj \u00ebsht\u00eb nj\u00eb model i q\u00ebndruesh\u00ebm i fokusimit t\u00eb sh\u00ebrbimeve ndaj nevojave dhe suksesin t\u00eb kompanive. P\u00ebr t\u00eb siguruar p\u00ebrfitimin dhe k\u00ebnaq\u00ebsin\u00eb m\u00eb t\u00eb madhe p\u00ebr klient\u00ebt, ata aplikojm\u00eb dhe rekomandojm\u00eb metodat dhe instrumentet p\u00ebr Burimet Njer\u00ebzore q\u00eb kan\u00eb rezultuar t\u00eb jen\u00eb m\u00eb e vlefshme, qoft\u00eb n\u00eb praktik\u00eb ose sipas rezultateve t\u00eb dala nga vler\u00ebsimet. Sipas k\u00ebrkes\u00ebs, ata vler\u00ebsojn\u00eb masat e BNj q\u00eb kan\u00eb qen\u00eb sugjeruar dhe tashm\u00eb jan\u00eb zbatuar.<\/p>\n<p>[\/et_pb_blurb][\/et_pb_column][et_pb_column type=&#8221;1_3&#8243; _builder_version=&#8221;4.24.0&#8243; _module_preset=&#8221;default&#8221; global_colors_info=&#8221;{}&#8221;][et_pb_blurb title=&#8221;25 vite eksperience&#8221; use_icon=&#8221;on&#8221; font_icon=&#8221;&#x5a;||divi||400&#8243; icon_placement=&#8221;left&#8221; _builder_version=&#8221;4.24.0&#8243; _module_preset=&#8221;default&#8221; hover_enabled=&#8221;0&#8243; global_colors_info=&#8221;{}&#8221; sticky_enabled=&#8221;0&#8243;]<\/p>\n<p>N\u00eb p\u00ebrputhje me k\u00ebrkesat e koh\u00ebve moderne n\u00eb bota e pun\u00ebsimit, BEST ofron nj\u00eb gam\u00eb t\u00eb gjer\u00eb t\u00eb kurseve dhe seminareve. Ata vendosim theksin ve\u00e7an\u00ebrisht n\u00eb Informatik\u00eb &amp; IT, ekonomi, gjuh\u00ebt, statistikat dhe SPSS, n\u00e9 kualifikime m\u00eb t\u00eb specializuara si dhe mbi zhvillimin e personalitetit <em>&amp; komunikimit, me k\u00ebshillime individuale apo n\u00e9 grup.<\/em><\/p>\n<p>[\/et_pb_blurb][\/et_pb_column][\/et_pb_row][et_pb_row _builder_version=&#8221;4.24.0&#8243; _module_preset=&#8221;default&#8221; custom_padding=&#8221;||0px|||&#8221; global_colors_info=&#8221;{}&#8221;][et_pb_column type=&#8221;4_4&#8243; _builder_version=&#8221;4.24.0&#8243; _module_preset=&#8221;default&#8221; global_colors_info=&#8221;{}&#8221;][et_pb_divider _builder_version=&#8221;4.24.0&#8243; _module_preset=&#8221;default&#8221; global_colors_info=&#8221;{}&#8221;][\/et_pb_divider][\/et_pb_column][\/et_pb_row][et_pb_row column_structure=&#8221;1_2,1_2&#8243; _builder_version=&#8221;4.24.0&#8243; _module_preset=&#8221;default&#8221; global_colors_info=&#8221;{}&#8221;][et_pb_column type=&#8221;1_2&#8243; _builder_version=&#8221;4.24.0&#8243; _module_preset=&#8221;default&#8221; global_colors_info=&#8221;{}&#8221;][et_pb_text _builder_version=&#8221;4.24.0&#8243; _module_preset=&#8221;default&#8221; global_colors_info=&#8221;{}&#8221;]<\/p>\n<p>Website <a href=\"https:\/\/best.at\" target=\"_blank\" rel=\"noopener\">https:\/\/best.at<\/a><span><br \/><\/span>Contact email: office@best.at<\/p>\n<p>[\/et_pb_text][\/et_pb_column][et_pb_column type=&#8221;1_2&#8243; _builder_version=&#8221;4.24.0&#8243; _module_preset=&#8221;default&#8221; global_colors_info=&#8221;{}&#8221;][\/et_pb_column][\/et_pb_row][\/et_pb_section]<\/p>\n","protected":false},"excerpt":{"rendered":"<p>Partner BEST BEST INSTITUT F\u00dcR BERUFSBEZOGONE WEITERBILDUNG UND PERSONALTRAINING BEST Institut f\u00fcr berufsbezogene Weiterbildung und Personaltraining GmbH u themelua n\u00eb vitin 1990 si nj\u00eb organizat\u00eb austriake e pavarur p\u00ebr ofrimin e trajnimeve t\u00eb vazhdueshme, kualifikimeve profesionale dhe k\u00ebshillimeve p\u00ebr karrier\u00eb. Aktivitetet kryesore p\u00ebrfshijn\u00eb zhvillimin e programeve inovative t\u00eb trajnimit p\u00ebr individ\u00eb t\u00eb rinj dhe t\u00eb [&hellip;]<\/p>\n","protected":false},"author":1,"featured_media":0,"parent":0,"menu_order":0,"comment_status":"closed","ping_status":"closed","template":"","meta":{"_et_pb_use_builder":"on","_et_pb_old_content":"<!-- wp:divi\/placeholder \/-->","_et_gb_content_width":"","footnotes":""},"class_list":["post-280","page","type-page","status-publish","hentry"],"_links":{"self":[{"href":"https:\/\/gfeb.org\/al\/wp-json\/wp\/v2\/pages\/280","targetHints":{"allow":["GET"]}}],"collection":[{"href":"https:\/\/gfeb.org\/al\/wp-json\/wp\/v2\/pages"}],"about":[{"href":"https:\/\/gfeb.org\/al\/wp-json\/wp\/v2\/types\/page"}],"author":[{"embeddable":true,"href":"https:\/\/gfeb.org\/al\/wp-json\/wp\/v2\/users\/1"}],"replies":[{"embeddable":true,"href":"https:\/\/gfeb.org\/al\/wp-json\/wp\/v2\/comments?post=280"}],"version-history":[{"count":6,"href":"https:\/\/gfeb.org\/al\/wp-json\/wp\/v2\/pages\/280\/revisions"}],"predecessor-version":[{"id":915,"href":"https:\/\/gfeb.org\/al\/wp-json\/wp\/v2\/pages\/280\/revisions\/915"}],"wp:attachment":[{"href":"https:\/\/gfeb.org\/al\/wp-json\/wp\/v2\/media?parent=280"}],"curies":[{"name":"wp","href":"https:\/\/api.w.org\/{rel}","templated":true}]}}