{"id":78,"date":"2024-02-03T16:49:17","date_gmt":"2024-02-03T16:49:17","guid":{"rendered":"https:\/\/gfeb.org\/al\/?page_id=78"},"modified":"2024-03-07T13:49:46","modified_gmt":"2024-03-07T13:49:46","slug":"about","status":"publish","type":"page","link":"https:\/\/gfeb.org\/al\/about\/","title":{"rendered":"Rreth projektit"},"content":{"rendered":"<p>[et_pb_section fb_built=&#8221;1&#8243; next_background_color=&#8221;#ffffff&#8221; _builder_version=&#8221;4.24.0&#8243; _module_preset=&#8221;default&#8221; use_background_color_gradient=&#8221;on&#8221; background_color_gradient_direction=&#8221;270deg&#8221; background_color_gradient_stops=&#8221;#5a7414 0%|#1f5100 100%&#8221; bottom_divider_style=&#8221;wave&#8221; bottom_divider_height=&#8221;32px&#8221; global_colors_info=&#8221;{}&#8221;][et_pb_row _builder_version=&#8221;4.24.0&#8243; _module_preset=&#8221;default&#8221; global_colors_info=&#8221;{}&#8221;][et_pb_column type=&#8221;4_4&#8243; _builder_version=&#8221;4.24.0&#8243; _module_preset=&#8221;default&#8221; global_colors_info=&#8221;{}&#8221;][et_pb_text _builder_version=&#8221;4.24.0&#8243; _module_preset=&#8221;default&#8221; header_text_align=&#8221;center&#8221; header_text_color=&#8221;#FFFFFF&#8221; hover_enabled=&#8221;0&#8243; global_colors_info=&#8221;{}&#8221; sticky_enabled=&#8221;0&#8243;]<\/p>\n<h1>Rreth projektit<\/h1>\n<p>[\/et_pb_text][\/et_pb_column][\/et_pb_row][\/et_pb_section][et_pb_section fb_built=&#8221;1&#8243; _builder_version=&#8221;4.24.0&#8243; _module_preset=&#8221;default&#8221; min_height=&#8221;475.7px&#8221; custom_padding=&#8221;3px||5px|||&#8221; global_colors_info=&#8221;{}&#8221;][et_pb_row _builder_version=&#8221;4.24.0&#8243; _module_preset=&#8221;default&#8221; min_height=&#8221;98px&#8221; custom_padding=&#8221;||5px|||&#8221; global_colors_info=&#8221;{}&#8221;][et_pb_column type=&#8221;4_4&#8243; _builder_version=&#8221;4.24.0&#8243; _module_preset=&#8221;default&#8221; global_colors_info=&#8221;{}&#8221;][et_pb_text _builder_version=&#8221;4.24.0&#8243; _module_preset=&#8221;default&#8221; custom_padding=&#8221;2px||||false|false&#8221; global_colors_info=&#8221;{}&#8221;]<\/p>\n<p style=\"text-align: justify;\">Projekti G-FEB synon t\u00eb p\u00ebrmir\u00ebsoj\u00eb sistemin e Arsimimit dhe Trajnimit Profesional (VET) n\u00eb rajonin e Ballkanit duke krijuar zgjidhje inovative, specifike p\u00ebr tregun.<\/p>\n<p style=\"text-align: justify;\">K\u00ebto zgjidhje do t\u00eb ofrojn\u00eb mund\u00ebsi p\u00ebr t\u00eb m\u00ebsuarit gjat\u00eb gjith\u00eb jet\u00ebs dhe do t\u00eb promovojn\u00eb zhvillimin e aft\u00ebsive t\u00eb gjelbra dhe t\u00eb q\u00ebndrueshm\u00ebris\u00eb n\u00eb mes t\u00eb sip\u00ebrmarr\u00ebseve gra. Projekti adreson disa sfida n\u00eb rajonin e Ballkanit dhe Turqis\u00eb p\u00ebrfshir\u00eb arsimin dhe trajnimin profesional t\u00eb cil\u00ebsis\u00eb s\u00eb ul\u00ebt, papun\u00ebsin\u00eb, ve\u00e7an\u00ebrisht n\u00eb mes t\u00eb grave dhe grupeve t\u00eb tjera vulnerab\u00ebl, mosp\u00ebrputhjen midis aft\u00ebsive dhe tregut t\u00eb pun\u00ebs, dhe munges\u00ebn e iniciativ\u00ebs s\u00eb gjelb\u00ebr n\u00eb rajon.<\/p>\n<p style=\"text-align: justify;\">[\/et_pb_text][\/et_pb_column][\/et_pb_row][et_pb_row _builder_version=&#8221;4.24.0&#8243; _module_preset=&#8221;default&#8221; custom_margin=&#8221;|auto|-22px|auto||&#8221; custom_padding=&#8221;3px|||||&#8221; global_colors_info=&#8221;{}&#8221;][et_pb_column type=&#8221;4_4&#8243; _builder_version=&#8221;4.24.0&#8243; _module_preset=&#8221;default&#8221; global_colors_info=&#8221;{}&#8221;][et_pb_image src=&#8221;https:\/\/gfeb.org\/al\/wp-content\/uploads\/sites\/3\/2024\/02\/about.jpg&#8221; title_text=&#8221;about&#8221; _builder_version=&#8221;4.24.0&#8243; _module_preset=&#8221;default&#8221; custom_margin=&#8221;||-2px|||&#8221; global_colors_info=&#8221;{}&#8221;][\/et_pb_image][\/et_pb_column][\/et_pb_row][\/et_pb_section][et_pb_section fb_built=&#8221;1&#8243; _builder_version=&#8221;4.24.0&#8243; _module_preset=&#8221;default&#8221; custom_padding=&#8221;0px|||||&#8221; global_colors_info=&#8221;{}&#8221;][et_pb_row _builder_version=&#8221;4.24.0&#8243; _module_preset=&#8221;default&#8221; min_height=&#8221;368px&#8221; custom_padding=&#8221;3px|||||&#8221; global_colors_info=&#8221;{}&#8221;][et_pb_column type=&#8221;4_4&#8243; _builder_version=&#8221;4.24.0&#8243; _module_preset=&#8221;default&#8221; global_colors_info=&#8221;{}&#8221;][et_pb_text _builder_version=&#8221;4.24.0&#8243; _module_preset=&#8221;default&#8221; custom_margin=&#8221;-8px|||||&#8221; custom_padding=&#8221;2px||||false|false&#8221; global_colors_info=&#8221;{}&#8221;]<\/p>\n<p>Objektivat e projektit p\u00ebrfshijn\u00eb zhvillimin e kurrikulave t\u00eb AFP-s\u00eb p\u00ebr sip\u00ebrmarrjen e gjelb\u00ebr, tejkalimin e hendekut nd\u00ebrmjet sektorit t\u00eb AFP-s\u00eb dhe tregut t\u00eb pun\u00ebs, nd\u00ebrtimin e kapaciteteve t\u00eb m\u00ebsuesve dhe trajner\u00ebve t\u00eb AFP-s\u00eb, rritjen e bashk\u00ebpunimit nd\u00ebrmjet pal\u00ebve t\u00eb interesuara publike dhe private, duke zhvilluar aft\u00ebsit\u00eb e gjelbra dhe dixhitale t\u00eb m\u00ebsuesve t\u00eb AFP-s\u00eb, trajner\u00ebve dhe grave sip\u00ebrmarr\u00ebse, dhe trajnimin e grave n\u00eb sip\u00ebrmarrjen e gjelb\u00ebr.<\/p>\n<p>Konsorciumi p\u00ebrb\u00ebhet nga tet\u00eb organizata nga Greqia, Shqip\u00ebria, Bosnja dhe Hercegovina, Maqedonia e Veriut, Mali i Zi, Turqia dhe Austria. K\u00ebta partner\u00eb do t\u00eb p\u00ebrdorin ekspertiz\u00ebn e tyre n\u00eb arsimin dhe trajnimin profesional, duke mb\u00ebshtetur grat\u00eb sip\u00ebrmarr\u00ebse dhe duke leht\u00ebsuar aksesin n\u00eb tregun e pun\u00ebs p\u00ebr t\u00eb prodhuar rezultate me cil\u00ebsi t\u00eb lart\u00eb dhe p\u00ebr t\u00eb maksimizuar ndikimin n\u00eb grupet e synuara.<br \/>Projekti G-FEB \u00ebsht\u00eb dizenjuar p\u00ebr t\u00eb theksuar r\u00ebnd\u00ebsin\u00eb e edukimit profesional n\u00eb sektorin e sip\u00ebrmarrjes s\u00eb gjelb\u00ebr dhe p\u00ebrgjegj\u00ebsin\u00eb e komunitetit p\u00ebr t\u00eb kaluar drejt praktikave m\u00eb t\u00eb gjelb\u00ebrta, m\u00eb t\u00eb q\u00ebndrueshme, t\u00eb kombinuara me specializimet e men\u00e7ura dhe digjitalizimin.<\/p>\n<p>M\u00eb poshte jepet nj\u00eb p\u00ebrmbledhje e ndikimit t\u00eb tij n\u00eb grupe t\u00eb ndryshme t\u00eb synuara:<\/p>\n<p><strong>Organizatat Pjes\u00ebmarr\u00ebse:<\/strong><br \/>1.Ato do t\u00eb p\u00ebrmir\u00ebsojn\u00eb ekspertiz\u00ebn e tyre n\u00eb praktikat m\u00eb t\u00eb gjelb\u00ebrta, duke u p\u00ebrputhur me metodat e Gjurm\u00ebve Mjedisore, t\u00eb cilat do t\u00eb jen\u00eb nj\u00eb ndihmues n\u00eb mb\u00ebshtetjen e sip\u00ebrmarrjeve t\u00eb gjelbra.<br \/>2.Ato do t\u00eb vler\u00ebsojn\u00eb programet e tyre t\u00eb trajnimit dhe mobilitetin me ndihm\u00ebn e pjes\u00ebmarr\u00ebsve dhe pal\u00ebve t\u00eb interesuara, duke dh\u00ebn\u00eb komentet p\u00ebr p\u00ebrmir\u00ebsim dhe njohje p\u00ebr programet\/aktivitetet e tyre.<br \/>3.Rrjetet e tyre do t\u00eb zgjerohen, pasi 8 organizatat n\u00eb k\u00ebt\u00eb partneritet bashk\u00ebpunojn\u00eb me pal\u00ebt e interesuara, duke nxitur bashk\u00ebpunimin e ardhsh\u00ebm.<br \/>4.Ato do t\u00eb fitojn\u00eb p\u00ebrvoj\u00eb n\u00eb menaxhimin e projekteve t\u00eb BE-s\u00eb, duke m\u00ebsuar rreth sjelljes s\u00eb pun\u00ebs n\u00eb BE, dhe duke p\u00ebrmir\u00ebsuar kapacitetin organizat\u00ebs s\u00e9 tyre.<\/p>\n<p><strong>Trajnuesit dhe Nx\u00ebn\u00ebsit:<\/strong><\/p>\n<p>1.Ato do t\u00eb ken\u00eb mund\u00ebsi p\u00ebr t\u00eb m\u00ebsuarit transnacional p\u00ebrmes trajnimeve dhe vizitave studimore, duke u kthyer me njohuri t\u00eb zgjeruara dhe perspektiva t\u00eb reja.<br \/>2.Ato do t\u00eb p\u00ebrmir\u00ebsojn\u00eb aft\u00ebsit\u00eb e tyre duke ndar\u00eb nd\u00ebrhyrjet e tyre t\u00eb m\u00ebparshme dhe duke fituar aft\u00ebsi nga programet e trajnimit.<br \/>3.Rrjeti i tyre profesional do t\u00eb zgjerohet duke vendosur marr\u00ebdh\u00ebnie me pal\u00ebt e interesuara, nga vendet e tjera pjes\u00ebmarr\u00ebse.<br \/>4.Ata do t\u00eb rrisin rolin e tyre si ambasador\u00eb t\u00eb praktikave t\u00eb gjelb\u00ebrta, duke vepruar si nj\u00eb ur\u00eb lidh\u00ebse midis k\u00ebsaj qasjeje t\u00eb re dhe SME-ve.<\/p>\n<p><strong>SME-t\u00eb<\/strong><br \/>1.Ata do t\u00eb marrin materiale dhe staf t\u00eb ri t\u00eb trajnuar n\u00eb k\u00ebto praktika p\u00ebr t\u00eb adaptuar nj\u00eb perspektiv\u00eb m\u00eb t\u00eb gjelb\u00ebr.<br \/>2.Ata do t\u00eb marrin drejtp\u00ebrdrejt rezultatet e projektit p\u00ebr zbatim, duke shtyr\u00eb m\u00eb tej hulumtime p\u00ebr t\u00eb adaptuar praktikat m\u00eb t\u00eb gjelbra n\u00eb sektorin e biznesit.<br \/>3.Ata do t\u00eb familjarizohen me programet Erasmus dhe organizatat q\u00eb kan\u00eb p\u00ebrvoj\u00eb n\u00eb to, duke mund\u00ebsuar bashk\u00ebpunime t\u00eb ardhshme.<br \/><strong><\/strong><\/p>\n<p><strong>Institucionet VET<\/strong><br \/>1. Ata do sjellin p\u00ebrmir\u00ebsime n\u00eb zonat e zbuluara si zona n\u00eb nevoj\u00eb n\u00ebp\u00ebrmjet materialeve trajnuese q\u00eb ofron G-FEB.<br \/>2.Do t\u00eb angazhohen persona nga grupet vulnerab\u00ebl, n\u00eb vecanti grat\u00eb.<\/p>\n<p>[\/et_pb_text][\/et_pb_column][\/et_pb_row][\/et_pb_section]<\/p>\n","protected":false},"excerpt":{"rendered":"<p>Rreth projektitProjekti G-FEB synon t\u00eb p\u00ebrmir\u00ebsoj\u00eb sistemin e Arsimimit dhe Trajnimit Profesional (VET) n\u00eb rajonin e Ballkanit duke krijuar zgjidhje inovative, specifike p\u00ebr tregun. K\u00ebto zgjidhje do t\u00eb ofrojn\u00eb mund\u00ebsi p\u00ebr t\u00eb m\u00ebsuarit gjat\u00eb gjith\u00eb jet\u00ebs dhe do t\u00eb promovojn\u00eb zhvillimin e aft\u00ebsive t\u00eb gjelbra dhe t\u00eb q\u00ebndrueshm\u00ebris\u00eb n\u00eb mes t\u00eb sip\u00ebrmarr\u00ebseve gra. Projekti adreson [&hellip;]<\/p>\n","protected":false},"author":1,"featured_media":0,"parent":0,"menu_order":0,"comment_status":"closed","ping_status":"closed","template":"","meta":{"_et_pb_use_builder":"on","_et_pb_old_content":"","_et_gb_content_width":"","footnotes":""},"class_list":["post-78","page","type-page","status-publish","hentry"],"_links":{"self":[{"href":"https:\/\/gfeb.org\/al\/wp-json\/wp\/v2\/pages\/78","targetHints":{"allow":["GET"]}}],"collection":[{"href":"https:\/\/gfeb.org\/al\/wp-json\/wp\/v2\/pages"}],"about":[{"href":"https:\/\/gfeb.org\/al\/wp-json\/wp\/v2\/types\/page"}],"author":[{"embeddable":true,"href":"https:\/\/gfeb.org\/al\/wp-json\/wp\/v2\/users\/1"}],"replies":[{"embeddable":true,"href":"https:\/\/gfeb.org\/al\/wp-json\/wp\/v2\/comments?post=78"}],"version-history":[{"count":16,"href":"https:\/\/gfeb.org\/al\/wp-json\/wp\/v2\/pages\/78\/revisions"}],"predecessor-version":[{"id":922,"href":"https:\/\/gfeb.org\/al\/wp-json\/wp\/v2\/pages\/78\/revisions\/922"}],"wp:attachment":[{"href":"https:\/\/gfeb.org\/al\/wp-json\/wp\/v2\/media?parent=78"}],"curies":[{"name":"wp","href":"https:\/\/api.w.org\/{rel}","templated":true}]}}