{"id":280,"date":"2024-02-21T23:25:32","date_gmt":"2024-02-21T23:25:32","guid":{"rendered":"https:\/\/gfeb.org\/at\/?page_id=280"},"modified":"2025-03-20T12:46:49","modified_gmt":"2025-03-20T12:46:49","slug":"partner-best","status":"publish","type":"page","link":"https:\/\/gfeb.org\/at\/partner-best\/","title":{"rendered":"partner best"},"content":{"rendered":"<p>[et_pb_section fb_built=&#8221;1&#8243; next_background_color=&#8221;#ffffff&#8221; _builder_version=&#8221;4.24.0&#8243; _module_preset=&#8221;default&#8221; use_background_color_gradient=&#8221;on&#8221; background_color_gradient_direction=&#8221;270deg&#8221; background_color_gradient_stops=&#8221;#5a7414 0%|#1f5100 100%&#8221; bottom_divider_style=&#8221;wave&#8221; bottom_divider_height=&#8221;32px&#8221; global_colors_info=&#8221;{}&#8221;][et_pb_row _builder_version=&#8221;4.24.0&#8243; _module_preset=&#8221;default&#8221; global_colors_info=&#8221;{}&#8221;][et_pb_column type=&#8221;4_4&#8243; _builder_version=&#8221;4.24.0&#8243; _module_preset=&#8221;default&#8221; global_colors_info=&#8221;{}&#8221;][et_pb_text _builder_version=&#8221;4.24.0&#8243; _module_preset=&#8221;default&#8221; header_text_align=&#8221;center&#8221; header_text_color=&#8221;#FFFFFF&#8221; global_colors_info=&#8221;{}&#8221;]<\/p>\n<h1>Partner BEST<\/h1>\n<p>[\/et_pb_text][\/et_pb_column][\/et_pb_row][\/et_pb_section][et_pb_section fb_built=&#8221;1&#8243; _builder_version=&#8221;4.24.0&#8243; _module_preset=&#8221;default&#8221; global_colors_info=&#8221;{}&#8221;][et_pb_row _builder_version=&#8221;4.24.0&#8243; _module_preset=&#8221;default&#8221; custom_margin=&#8221;|auto|-141px|auto||&#8221; custom_padding=&#8221;3px|||||&#8221; global_colors_info=&#8221;{}&#8221;][et_pb_column type=&#8221;4_4&#8243; _builder_version=&#8221;4.24.0&#8243; _module_preset=&#8221;default&#8221; global_colors_info=&#8221;{}&#8221;][et_pb_image src=&#8221;https:\/\/gfeb.org\/at\/wp-content\/uploads\/sites\/6\/2024\/02\/BEST.png&#8221; title_text=&#8221;BEST&#8221; _builder_version=&#8221;4.24.0&#8243; _module_preset=&#8221;default&#8221; global_colors_info=&#8221;{}&#8221;][\/et_pb_image][\/et_pb_column][\/et_pb_row][\/et_pb_section][et_pb_section fb_built=&#8221;1&#8243; _builder_version=&#8221;4.24.0&#8243; _module_preset=&#8221;default&#8221; custom_padding=&#8221;0px|||||&#8221; global_colors_info=&#8221;{}&#8221;][et_pb_row _builder_version=&#8221;4.24.0&#8243; _module_preset=&#8221;default&#8221; min_height=&#8221;368px&#8221; custom_padding=&#8221;3px|||||&#8221; global_colors_info=&#8221;{}&#8221;][et_pb_column type=&#8221;4_4&#8243; _builder_version=&#8221;4.24.0&#8243; _module_preset=&#8221;default&#8221; global_colors_info=&#8221;{}&#8221;][et_pb_text _builder_version=&#8221;4.24.0&#8243; _module_preset=&#8221;default&#8221; custom_padding=&#8221;2px||||false|false&#8221; global_colors_info=&#8221;{}&#8221;]<\/p>\n<div class=\"et_pb_module et_pb_text et_pb_text_2  et_pb_text_align_left et_pb_bg_layout_light\">\n<div class=\"et_pb_text_inner\">\n<h3>BEST INSTITUT F\u00dcR BERUFSBEZOGONE WEITERBILDUNG UND PERSONALTRAINING<\/h3>\n<\/div>\n<\/div>\n<p>[\/et_pb_text][et_pb_text _builder_version=&#8221;4.24.0&#8243; _module_preset=&#8221;default&#8221; custom_padding=&#8221;2px||||false|false&#8221; hover_enabled=&#8221;0&#8243; global_colors_info=&#8221;{}&#8221; sticky_enabled=&#8221;0&#8243;]<\/p>\n<p style=\"text-align: justify;\">BEST Institut f\u00fcr berufsbezogene Weiterbildung und Personaltraining GmbH wurde 1990 als unabh\u00e4ngige \u00f6sterreichische Organisation f\u00fcr Weiterbildung, berufliche Qualifizierung und Karrieredienstleistungen gegr\u00fcndet. Die Hauptaktivit\u00e4ten umfassen die Entwicklung innovativer Trainingsprogramme f\u00fcr Jugendliche und Erwachsene, darunter viele benachteiligte Frauen und Personen mit Migrationshintergrund, zur Weiterbildung und beruflichen Qualifizierung, Beratung &amp; Coaching und Aktivierung von Arbeitssuchenden und Besch\u00e4ftigten. Die Ausbildungsprogramme sind kundenorientiert und basieren sowohl auf den spezifischen Bed\u00fcrfnissen des Arbeitsmarktes als auch auf der individuellen Situation, den F\u00e4higkeiten und Kompetenzen, den bisherigen Erfahrungen und Lebensumst\u00e4nden der Teilnehmerinnen.<\/p>\n<p>[\/et_pb_text][\/et_pb_column][\/et_pb_row][et_pb_row column_structure=&#8221;1_3,1_3,1_3&#8243; _builder_version=&#8221;4.24.0&#8243; _module_preset=&#8221;default&#8221; global_colors_info=&#8221;{}&#8221;][et_pb_column type=&#8221;1_3&#8243; _builder_version=&#8221;4.24.0&#8243; _module_preset=&#8221;default&#8221; global_colors_info=&#8221;{}&#8221;][et_pb_blurb title=&#8221;Fundiertes Know-how&#8221; use_icon=&#8221;on&#8221; font_icon=&#8221;&#x5a;||divi||400&#8243; icon_placement=&#8221;left&#8221; _builder_version=&#8221;4.24.0&#8243; _module_preset=&#8221;default&#8221; global_colors_info=&#8221;{}&#8221;]<\/p>\n<p>Langj\u00e4hrige Erfahrung, multidisziplin\u00e4re Teams in Verbindung mit gezielten Partnerschaften sowie unsere enge Vernetzung mit der akademischen Forschung bieten Ihnen optimale Beratung, Methoden und Instrumente im Bereich des Human Resources Management. Unsere Dienstleistungen sind speziell auf die Bed\u00fcrfnisse der Praxis ausgerichtet.<\/p>\n<p>[\/et_pb_blurb][\/et_pb_column][et_pb_column type=&#8221;1_3&#8243; _builder_version=&#8221;4.24.0&#8243; _module_preset=&#8221;default&#8221; global_colors_info=&#8221;{}&#8221;][et_pb_blurb title=&#8221;Ma\u00dfgeschneiderte L\u00f6sungen&#8221; use_icon=&#8221;on&#8221; font_icon=&#8221;&#x5a;||divi||400&#8243; icon_placement=&#8221;left&#8221; _builder_version=&#8221;4.24.0&#8243; _module_preset=&#8221;default&#8221; locked=&#8221;off&#8221; global_colors_info=&#8221;{}&#8221;]<\/p>\n<p>Jedes Unternehmen ist einzigartig in Bezug auf Struktur, Personal und Philosophie. Deshalb sind unsere Produkte und Dienstleistungen, vom Auswahlinstrument bis zur Weiterbildung, auf Ihre Bed\u00fcrfnisse und Ihre spezielle Situation ausgerichtet und bieten Ihnen den Mehrwert, der z\u00e4hlt.<\/p>\n<p>[\/et_pb_blurb][\/et_pb_column][et_pb_column type=&#8221;1_3&#8243; _builder_version=&#8221;4.24.0&#8243; _module_preset=&#8221;default&#8221; global_colors_info=&#8221;{}&#8221;][et_pb_blurb title=&#8221;Objektive Partnerschaft&#8221; use_icon=&#8221;on&#8221; font_icon=&#8221;&#x5a;||divi||400&#8243; icon_placement=&#8221;left&#8221; _builder_version=&#8221;4.24.0&#8243; _module_preset=&#8221;default&#8221; locked=&#8221;off&#8221; global_colors_info=&#8221;{}&#8221;]<\/p>\n<p>Wir w\u00e4hlen die Produkte und Ma\u00dfnahmen aus, die am besten zu Ihnen passen, ohne auf ein Standardinventar zur\u00fcckgreifen zu m\u00fcssen. So k\u00f6nnen wir als verl\u00e4sslicher Partner agieren, der nicht dem Marketingdruck einzelner Produkte unterliegt. Dar\u00fcber hinaus sorgt ein Netzwerk kompetenter Partner f\u00fcr die Entwicklung und Umsetzung unterschiedlichster Ma\u00dfnahmen und Projekte.<\/p>\n<p>[\/et_pb_blurb][\/et_pb_column][\/et_pb_row][et_pb_row column_structure=&#8221;1_3,1_3,1_3&#8243; _builder_version=&#8221;4.24.0&#8243; _module_preset=&#8221;default&#8221; global_colors_info=&#8221;{}&#8221;][et_pb_column type=&#8221;1_3&#8243; _builder_version=&#8221;4.24.0&#8243; _module_preset=&#8221;default&#8221; global_colors_info=&#8221;{}&#8221;][et_pb_blurb title=&#8221;Inhouse oder Outsourcing&#8221; use_icon=&#8221;on&#8221; font_icon=&#8221;&#x5a;||divi||400&#8243; icon_placement=&#8221;left&#8221; _builder_version=&#8221;4.24.0&#8243; _module_preset=&#8221;default&#8221; global_colors_info=&#8221;{}&#8221;]<\/p>\n<p>Auf Wunsch liefern wir unsere Dienstleistungen auch in Ihr Unternehmen &#8211; mit mehr als 12 B\u00fcros in Wien und Nieder\u00f6sterreich k\u00f6nnen wir unsere Ma\u00dfnahmen auch bei Ihnen vor Ort professionell durchf\u00fchren. Auch hier geh\u00f6ren Flexibilit\u00e4t und Unabh\u00e4ngigkeit zu unseren obersten Priorit\u00e4ten.<\/p>\n<p>[\/et_pb_blurb][\/et_pb_column][et_pb_column type=&#8221;1_3&#8243; _builder_version=&#8221;4.24.0&#8243; _module_preset=&#8221;default&#8221; global_colors_info=&#8221;{}&#8221;][et_pb_blurb title=&#8221;Qualit\u00e4tsmanagement&#8221; use_icon=&#8221;on&#8221; font_icon=&#8221;&#x5a;||divi||400&#8243; icon_placement=&#8221;left&#8221; _builder_version=&#8221;4.24.0&#8243; _module_preset=&#8221;default&#8221; locked=&#8221;off&#8221; global_colors_info=&#8221;{}&#8221;]<\/p>\n<p>Unsere Qualit\u00e4tsstrategie orientiert sich an den Anforderungen und Kriterien der European Foundation for Quality Management (EFQM). Im Kern geht es um die konsequente Ausrichtung unserer Dienstleistungen auf Ihre Bed\u00fcrfnisse und Ihren Erfolg. Um den gr\u00f6\u00dftm\u00f6glichen Nutzen und die Zufriedenheit unserer Kunden zu gew\u00e4hrleisten, wenden wir diejenigen HR-Methoden und -Instrumente an, die sich in der Praxis oder in Evaluationsstudien als besonders wertvoll erwiesen haben, und empfehlen diese. Auf Wunsch evaluieren wir auch vorgeschlagene und bereits umgesetzte HR-Ma\u00dfnahmen.<\/p>\n<p>[\/et_pb_blurb][\/et_pb_column][et_pb_column type=&#8221;1_3&#8243; _builder_version=&#8221;4.24.0&#8243; _module_preset=&#8221;default&#8221; global_colors_info=&#8221;{}&#8221;][et_pb_blurb title=&#8221;25 Jahre Erfahrung&#8221; use_icon=&#8221;on&#8221; font_icon=&#8221;&#x5a;||divi||400&#8243; icon_placement=&#8221;left&#8221; _builder_version=&#8221;4.24.0&#8243; _module_preset=&#8221;default&#8221; global_colors_info=&#8221;{}&#8221;]<\/p>\n<p>Um den Anforderungen der modernen Arbeitswelt gerecht zu werden, bietet BEST ein breites Spektrum an Kursen und Seminaren an. Wir legen besonderen Wert auf EDV &amp; IT, Wirtschaft, Sprachen, Statistik &amp; SPSS, auf fachliche Qualifikationen sowie auf Pers\u00f6nlichkeitsentwicklung &amp; Kommunikation, auf Einzel- &amp; Gruppencoaching.<\/p>\n<p>[\/et_pb_blurb][\/et_pb_column][\/et_pb_row][et_pb_row _builder_version=&#8221;4.24.0&#8243; _module_preset=&#8221;default&#8221; custom_padding=&#8221;||0px|||&#8221; global_colors_info=&#8221;{}&#8221;][et_pb_column type=&#8221;4_4&#8243; _builder_version=&#8221;4.24.0&#8243; _module_preset=&#8221;default&#8221; global_colors_info=&#8221;{}&#8221;][et_pb_divider _builder_version=&#8221;4.24.0&#8243; _module_preset=&#8221;default&#8221; global_colors_info=&#8221;{}&#8221;][\/et_pb_divider][\/et_pb_column][\/et_pb_row][et_pb_row column_structure=&#8221;1_2,1_2&#8243; _builder_version=&#8221;4.24.0&#8243; _module_preset=&#8221;default&#8221; global_colors_info=&#8221;{}&#8221;][et_pb_column type=&#8221;1_2&#8243; _builder_version=&#8221;4.24.0&#8243; _module_preset=&#8221;default&#8221; global_colors_info=&#8221;{}&#8221;][et_pb_text _builder_version=&#8221;4.24.0&#8243; _module_preset=&#8221;default&#8221; global_colors_info=&#8221;{}&#8221;]<\/p>\n<p>Website <a href=\"https:\/\/best.at\" target=\"_blank\" rel=\"noopener\">https:\/\/best.at<\/a><span><br \/><\/span>Contact email: office@best.at<\/p>\n<p>[\/et_pb_text][\/et_pb_column][et_pb_column type=&#8221;1_2&#8243; _builder_version=&#8221;4.24.0&#8243; _module_preset=&#8221;default&#8221; global_colors_info=&#8221;{}&#8221;][\/et_pb_column][\/et_pb_row][\/et_pb_section]<\/p>\n","protected":false},"excerpt":{"rendered":"<p>Partner BEST BEST INSTITUT F\u00dcR BERUFSBEZOGONE WEITERBILDUNG UND PERSONALTRAINING BEST Institut f\u00fcr berufsbezogene Weiterbildung und Personaltraining GmbH wurde 1990 als unabh\u00e4ngige \u00f6sterreichische Organisation f\u00fcr Weiterbildung, berufliche Qualifizierung und Karrieredienstleistungen gegr\u00fcndet. Die Hauptaktivit\u00e4ten umfassen die Entwicklung innovativer Trainingsprogramme f\u00fcr Jugendliche und Erwachsene, darunter viele benachteiligte Frauen und Personen mit Migrationshintergrund, zur Weiterbildung und beruflichen Qualifizierung, Beratung [&hellip;]<\/p>\n","protected":false},"author":1,"featured_media":0,"parent":0,"menu_order":0,"comment_status":"closed","ping_status":"closed","template":"","meta":{"_et_pb_use_builder":"on","_et_pb_old_content":"<!-- wp:divi\/placeholder \/-->","_et_gb_content_width":"","footnotes":""},"class_list":["post-280","page","type-page","status-publish","hentry"],"_links":{"self":[{"href":"https:\/\/gfeb.org\/at\/wp-json\/wp\/v2\/pages\/280","targetHints":{"allow":["GET"]}}],"collection":[{"href":"https:\/\/gfeb.org\/at\/wp-json\/wp\/v2\/pages"}],"about":[{"href":"https:\/\/gfeb.org\/at\/wp-json\/wp\/v2\/types\/page"}],"author":[{"embeddable":true,"href":"https:\/\/gfeb.org\/at\/wp-json\/wp\/v2\/users\/1"}],"replies":[{"embeddable":true,"href":"https:\/\/gfeb.org\/at\/wp-json\/wp\/v2\/comments?post=280"}],"version-history":[{"count":7,"href":"https:\/\/gfeb.org\/at\/wp-json\/wp\/v2\/pages\/280\/revisions"}],"predecessor-version":[{"id":985,"href":"https:\/\/gfeb.org\/at\/wp-json\/wp\/v2\/pages\/280\/revisions\/985"}],"wp:attachment":[{"href":"https:\/\/gfeb.org\/at\/wp-json\/wp\/v2\/media?parent=280"}],"curies":[{"name":"wp","href":"https:\/\/api.w.org\/{rel}","templated":true}]}}