{"id":78,"date":"2024-02-03T16:49:17","date_gmt":"2024-02-03T16:49:17","guid":{"rendered":"https:\/\/gfeb.org\/at\/?page_id=78"},"modified":"2025-03-20T12:44:59","modified_gmt":"2025-03-20T12:44:59","slug":"about","status":"publish","type":"page","link":"https:\/\/gfeb.org\/at\/about\/","title":{"rendered":"about"},"content":{"rendered":"<p>[et_pb_section fb_built=&#8221;1&#8243; next_background_color=&#8221;#ffffff&#8221; _builder_version=&#8221;4.24.0&#8243; _module_preset=&#8221;default&#8221; use_background_color_gradient=&#8221;on&#8221; background_color_gradient_direction=&#8221;270deg&#8221; background_color_gradient_stops=&#8221;#5a7414 0%|#1f5100 100%&#8221; bottom_divider_style=&#8221;wave&#8221; bottom_divider_height=&#8221;32px&#8221; global_colors_info=&#8221;{}&#8221;][et_pb_row _builder_version=&#8221;4.24.0&#8243; _module_preset=&#8221;default&#8221; global_colors_info=&#8221;{}&#8221;][et_pb_column type=&#8221;4_4&#8243; _builder_version=&#8221;4.24.0&#8243; _module_preset=&#8221;default&#8221; global_colors_info=&#8221;{}&#8221;][et_pb_text _builder_version=&#8221;4.24.0&#8243; _module_preset=&#8221;default&#8221; header_text_align=&#8221;center&#8221; header_text_color=&#8221;#FFFFFF&#8221; global_colors_info=&#8221;{}&#8221;]<\/p>\n<h1>\u00dcber das Projekt<\/h1>\n<p>[\/et_pb_text][\/et_pb_column][\/et_pb_row][\/et_pb_section][et_pb_section fb_built=&#8221;1&#8243; _builder_version=&#8221;4.24.0&#8243; _module_preset=&#8221;default&#8221; min_height=&#8221;475.7px&#8221; custom_padding=&#8221;3px||5px|||&#8221; global_colors_info=&#8221;{}&#8221;][et_pb_row _builder_version=&#8221;4.24.0&#8243; _module_preset=&#8221;default&#8221; min_height=&#8221;98px&#8221; custom_padding=&#8221;||5px|||&#8221; global_colors_info=&#8221;{}&#8221;][et_pb_column type=&#8221;4_4&#8243; _builder_version=&#8221;4.24.0&#8243; _module_preset=&#8221;default&#8221; global_colors_info=&#8221;{}&#8221;][et_pb_text _builder_version=&#8221;4.24.0&#8243; _module_preset=&#8221;default&#8221; custom_padding=&#8221;2px||||false|false&#8221; global_colors_info=&#8221;{}&#8221;]<\/p>\n<p style=\"text-align: justify;\">Das G-FEB-Projekt zielt darauf ab, das Berufsbildungssystem in der Balkanregion durch die Schaffung innovativer, marktspezifischer Ausbildungsl\u00f6sungen zu verbessern.<br \/>Diese L\u00f6sungen bieten M\u00f6glichkeiten f\u00fcr lebenslanges Lernen und f\u00f6rdern die Entwicklung gr\u00fcner und nachhaltiger Kompetenzen bei Unternehmerinnen. Das Projekt setzt an mehreren Punkten an. Herausforderungen in der Balkanregion und in der T\u00fcrkei, einschlie\u00dflich der schlechten Qualit\u00e4t der Berufsbildung, der Arbeitslosigkeit, insbesondere bei Frauen und gef\u00e4hrdeten Gruppen, der Diskrepanz zwischen den Qualifikationen und dem Arbeitsmarkt und dem Mangel an gr\u00fcnen Initiativen.<\/p>\n<p style=\"text-align: justify;\">[\/et_pb_text][\/et_pb_column][\/et_pb_row][et_pb_row _builder_version=&#8221;4.24.0&#8243; _module_preset=&#8221;default&#8221; custom_margin=&#8221;|auto|-22px|auto||&#8221; custom_padding=&#8221;3px|||||&#8221; global_colors_info=&#8221;{}&#8221;][et_pb_column type=&#8221;4_4&#8243; _builder_version=&#8221;4.24.0&#8243; _module_preset=&#8221;default&#8221; global_colors_info=&#8221;{}&#8221;][et_pb_image src=&#8221;https:\/\/gfeb.org\/at\/wp-content\/uploads\/sites\/6\/2024\/02\/about.jpg&#8221; title_text=&#8221;about&#8221; _builder_version=&#8221;4.24.0&#8243; _module_preset=&#8221;default&#8221; custom_margin=&#8221;||-2px|||&#8221; global_colors_info=&#8221;{}&#8221;][\/et_pb_image][\/et_pb_column][\/et_pb_row][\/et_pb_section][et_pb_section fb_built=&#8221;1&#8243; _builder_version=&#8221;4.24.0&#8243; _module_preset=&#8221;default&#8221; custom_padding=&#8221;0px|||||&#8221; global_colors_info=&#8221;{}&#8221;][et_pb_row _builder_version=&#8221;4.24.0&#8243; _module_preset=&#8221;default&#8221; min_height=&#8221;368px&#8221; custom_padding=&#8221;3px|||||&#8221; global_colors_info=&#8221;{}&#8221;][et_pb_column type=&#8221;4_4&#8243; _builder_version=&#8221;4.24.0&#8243; _module_preset=&#8221;default&#8221; global_colors_info=&#8221;{}&#8221;][et_pb_text _builder_version=&#8221;4.24.0&#8243; _module_preset=&#8221;default&#8221; custom_margin=&#8221;-8px|||||&#8221; custom_padding=&#8221;2px||||false|false&#8221; hover_enabled=&#8221;0&#8243; global_colors_info=&#8221;{}&#8221; sticky_enabled=&#8221;0&#8243;]<\/p>\n<p style=\"text-align: justify;\">Zu den Zielen des Projekts geh\u00f6ren die Entwicklung von Lehrpl\u00e4nen f\u00fcr die berufliche Bildung in Bezug auf gr\u00fcnes Unternehmertum, die \u00dcberbr\u00fcckung der Kluft zwischen dem Berufsbildungssektor und dem Arbeitsmarkt, der Aufbau der Kapazit\u00e4ten von Trainerinnen und Ausbilderinnen in der beruflichen Bildung, die Verbesserung der Zusammenarbeit zwischen \u00f6ffentlichen und privaten Akteurinnen, die Entwicklung gr\u00fcner und digitaler Kompetenzen von Trainerinnen, Ausbilderinnen und Unternehmerinnen in der beruflichen Bildung sowie die Schulung von Frauen in gr\u00fcnem Unternehmertum.<br \/>Das Konsortium besteht aus acht Organisationen aus Griechenland, Albanien, Bosnien und Herzegowina, Nordmazedonien, Montenegro, der T\u00fcrkei und \u00d6sterreich. Diese Partner werden ihr Fachwissen in den Bereichen berufliche Bildung und Ausbildung, Unterst\u00fctzung von Unternehmerinnen und Erleichterung des Zugangs zum Arbeitsmarkt einsetzen, um qualitativ hochwertige Ergebnisse zu erzielen und die Wirkung auf die Zielgruppen zu maximieren.<br \/>Das G-FEB-Projekt soll die Bedeutung der beruflichen Bildung im Bereich des gr\u00fcnen Unternehmertums und die Verantwortung der Gemeinschaft f\u00fcr eine Umstellung auf umweltfreundlichere, nachhaltigere Praktiken in Kombination mit intelligenten Spezialisierungen und Digitalisierung hervorheben. Hier ist eine Zusammenfassung der Auswirkungen auf verschiedene Zielgruppen:<br \/><strong><\/strong><\/p>\n<p style=\"text-align: justify;\"><strong>Teilnehmende Organisationen:<\/strong><br \/>1. Sie werden ihr Fachwissen in Bezug auf umweltfreundlichere Praktiken erweitern, indem sie sich an den Methoden des Environmental Footprint orientieren, was ihnen helfen wird, gr\u00fcne Unternehmen zu unterst\u00fctzen.<br \/>2. Sie evaluieren ihre Schulungsprogramme und Mobilit\u00e4tsma\u00dfnahmen mit Hilfe der Teilnehmerinnen und Stakeholder und geben Feedback zur Verbesserung und Anerkennung ihrer Programme\/Aktivit\u00e4ten.<br \/>3. Ihre Netzwerke werden sich erweitern, da die 8 Organisationen in dieser Partnerschaft mit ihren Interessensvertreterinnen zusammenarbeiten und so die zuk\u00fcnftige Zusammenarbeit f\u00f6rdern.<br \/>4. Sie werden Erfahrungen im Management von EU-Projekten sammeln, mehr \u00fcber die Arbeitsweise der EU erfahren und ihre unternehmerischen F\u00e4higkeiten verbessern.<br \/><strong><\/strong><\/p>\n<p style=\"text-align: justify;\"><strong>Ausbilderinnen und Lernende:<\/strong><br \/>1. Sie erhalten transnationale Lernm\u00f6glichkeiten durch Schulungen und Studienbesuche und kehren mit erweitertem Wissen und neuen Erkenntnissen zur\u00fcck.<br \/>2. Sie werden ihre F\u00e4higkeiten verbessern, indem sie sich \u00fcber ihre bisherigen Umsetzungen austauschen und durch die Schulungsprogramme neue F\u00e4higkeiten erwerben.<br \/>3. Ihr berufliches Netzwerk wird sich durch den Aufbau von Beziehungen zu Akteurinnen aus anderen Teilnehmerl\u00e4ndern erweitern.<br \/>4. Sie werden ihre Rolle als Botschafterin gr\u00fcner Praktiken ausbauen und als Br\u00fccke zwischen diesem neuen Ansatz und den KMU fungieren.<br \/><strong><\/strong><\/p>\n<p style=\"text-align: justify;\"><strong>KMUs:<\/strong><br \/>1. Sie erhalten Material und neue Mitarbeiterinnen, die in diesen Praktiken geschult sind, um eine umweltfreundlichere Perspektive einzunehmen.<br \/>2. Sie erhalten die Projektergebnisse direkt zur Umsetzung, wodurch weitere Forschungen zur Einf\u00fchrung umweltfreundlicherer Praktiken im Unternehmenssektor angeregt werden.<br \/>3. Sie werden mit den Erasmus-Programmen und den darin erfahrenen Organisationen vertraut gemacht, was zu k\u00fcnftigen Kooperationen f\u00fchren kann.<br \/><strong><\/strong><\/p>\n<p style=\"text-align: justify;\"><strong>Berufsbildungseinrichtungen:<\/strong><br \/>1. Sie werden sich in identifizierten Schwachstellen mit Hilfe der von G-FEB angebotenen Schulungsmaterialien verbessern.<br \/>2. Sie werden Menschen aus gef\u00e4hrdeten Gruppen, insbesondere Frauen, einbeziehen.<\/p>\n<p>[\/et_pb_text][\/et_pb_column][\/et_pb_row][\/et_pb_section]<\/p>\n","protected":false},"excerpt":{"rendered":"<p>\u00dcber das ProjektDas G-FEB-Projekt zielt darauf ab, das Berufsbildungssystem in der Balkanregion durch die Schaffung innovativer, marktspezifischer Ausbildungsl\u00f6sungen zu verbessern.Diese L\u00f6sungen bieten M\u00f6glichkeiten f\u00fcr lebenslanges Lernen und f\u00f6rdern die Entwicklung gr\u00fcner und nachhaltiger Kompetenzen bei Unternehmerinnen. Das Projekt setzt an mehreren Punkten an. Herausforderungen in der Balkanregion und in der T\u00fcrkei, einschlie\u00dflich der schlechten Qualit\u00e4t [&hellip;]<\/p>\n","protected":false},"author":1,"featured_media":0,"parent":0,"menu_order":0,"comment_status":"closed","ping_status":"closed","template":"","meta":{"_et_pb_use_builder":"on","_et_pb_old_content":"","_et_gb_content_width":"","footnotes":""},"class_list":["post-78","page","type-page","status-publish","hentry"],"_links":{"self":[{"href":"https:\/\/gfeb.org\/at\/wp-json\/wp\/v2\/pages\/78","targetHints":{"allow":["GET"]}}],"collection":[{"href":"https:\/\/gfeb.org\/at\/wp-json\/wp\/v2\/pages"}],"about":[{"href":"https:\/\/gfeb.org\/at\/wp-json\/wp\/v2\/types\/page"}],"author":[{"embeddable":true,"href":"https:\/\/gfeb.org\/at\/wp-json\/wp\/v2\/users\/1"}],"replies":[{"embeddable":true,"href":"https:\/\/gfeb.org\/at\/wp-json\/wp\/v2\/comments?post=78"}],"version-history":[{"count":15,"href":"https:\/\/gfeb.org\/at\/wp-json\/wp\/v2\/pages\/78\/revisions"}],"predecessor-version":[{"id":984,"href":"https:\/\/gfeb.org\/at\/wp-json\/wp\/v2\/pages\/78\/revisions\/984"}],"wp:attachment":[{"href":"https:\/\/gfeb.org\/at\/wp-json\/wp\/v2\/media?parent=78"}],"curies":[{"name":"wp","href":"https:\/\/api.w.org\/{rel}","templated":true}]}}