{"id":80,"date":"2024-02-03T16:49:17","date_gmt":"2024-02-03T16:49:17","guid":{"rendered":"https:\/\/gfeb.org\/at\/?page_id=80"},"modified":"2024-03-09T13:14:13","modified_gmt":"2024-03-09T13:14:13","slug":"partners","status":"publish","type":"page","link":"https:\/\/gfeb.org\/at\/partners\/","title":{"rendered":"partners"},"content":{"rendered":"<p>[et_pb_section fb_built=&#8221;1&#8243; next_background_color=&#8221;#ffffff&#8221; _builder_version=&#8221;4.24.0&#8243; _module_preset=&#8221;default&#8221; use_background_color_gradient=&#8221;on&#8221; background_color_gradient_direction=&#8221;270deg&#8221; background_color_gradient_stops=&#8221;#5a7414 0%|#1f5100 100%&#8221; bottom_divider_style=&#8221;wave&#8221; bottom_divider_height=&#8221;32px&#8221; global_colors_info=&#8221;{}&#8221;][et_pb_row _builder_version=&#8221;4.24.0&#8243; _module_preset=&#8221;default&#8221; locked=&#8221;off&#8221; global_colors_info=&#8221;{}&#8221;][et_pb_column type=&#8221;4_4&#8243; _builder_version=&#8221;4.24.0&#8243; _module_preset=&#8221;default&#8221; global_colors_info=&#8221;{}&#8221;][et_pb_text _builder_version=&#8221;4.24.0&#8243; _module_preset=&#8221;default&#8221; header_text_align=&#8221;center&#8221; header_text_color=&#8221;#FFFFFF&#8221; global_colors_info=&#8221;{}&#8221;]<\/p>\n<h1>Partner<\/h1>\n<p>[\/et_pb_text][\/et_pb_column][\/et_pb_row][\/et_pb_section][et_pb_section fb_built=&#8221;1&#8243; _builder_version=&#8221;4.24.0&#8243; _module_preset=&#8221;default&#8221; custom_padding=&#8221;||3px|||&#8221; global_colors_info=&#8221;{}&#8221;][et_pb_row _builder_version=&#8221;4.24.0&#8243; _module_preset=&#8221;default&#8221; global_colors_info=&#8221;{}&#8221;][et_pb_column type=&#8221;4_4&#8243; _builder_version=&#8221;4.24.0&#8243; _module_preset=&#8221;default&#8221; global_colors_info=&#8221;{}&#8221;][et_pb_text _builder_version=&#8221;4.24.0&#8243; _module_preset=&#8221;default&#8221; custom_margin=&#8221;||11px|||&#8221; global_colors_info=&#8221;{}&#8221;]<\/p>\n<p style=\"text-align: justify;\">Die Partnerschaft wurde so zusammengestellt, dass sie ein einheitliches Team bildet, das sich in Bezug auf F\u00e4higkeiten, Erfahrung, Fachwissen, Kenntnisse und operativen Hintergrund gegenseitig erg\u00e4nzt. Obwohl jedes Projektergebnis einem bestimmten Partner zugewiesen ist, werden alle Partner zu allen Aktivit\u00e4ten beitragen. Das liegt daran, dass jeder Partner aufgrund seiner Erfahrung und der Arbeit seiner Experten im Bereich der interkulturellen und innovativen Unterst\u00fctzung f\u00fcr Unternehmerinnen einen einzigartigen Beitrag leisten kann. Dieser einzigartige Beitrag ist im Zusammenhang mit den zugewiesenen Themen und Aufgaben besonders wertvoll<\/p>\n<p>[\/et_pb_text][\/et_pb_column][\/et_pb_row][et_pb_row _builder_version=&#8221;4.24.0&#8243; _module_preset=&#8221;default&#8221; custom_margin=&#8221;-19px|auto|25px|auto||&#8221; custom_padding=&#8221;2px|||||&#8221; global_colors_info=&#8221;{}&#8221;][et_pb_column type=&#8221;4_4&#8243; _builder_version=&#8221;4.24.0&#8243; _module_preset=&#8221;default&#8221; global_colors_info=&#8221;{}&#8221;][et_pb_image src=&#8221;https:\/\/gfeb.org\/at\/wp-content\/uploads\/sites\/6\/2024\/02\/partners_bgrd.jpg&#8221; title_text=&#8221;partners_bgrd&#8221; _builder_version=&#8221;4.24.0&#8243; _module_preset=&#8221;default&#8221; global_colors_info=&#8221;{}&#8221;][\/et_pb_image][et_pb_text _builder_version=&#8221;4.24.0&#8243; _module_preset=&#8221;default&#8221; global_colors_info=&#8221;{}&#8221;]<\/p>\n<p style=\"text-align: justify;\">Im Rahmen des GEB-Projekts wurde eine l\u00e4nder\u00fcbergreifende Partnerschaft zwischen 8 Organisationen &#8211; NGOs und privaten Einrichtungen &#8211; aus 7 verschiedenen L\u00e4ndern aufgebaut, die im Folgenden beschrieben wird:<\/p>\n<p>[\/et_pb_text][\/et_pb_column][\/et_pb_row][\/et_pb_section][et_pb_section fb_built=&#8221;1&#8243; _builder_version=&#8221;4.24.0&#8243; _module_preset=&#8221;default&#8221; custom_padding=&#8221;||||false|false&#8221; global_colors_info=&#8221;{}&#8221;][et_pb_row column_structure=&#8221;1_2,1_2&#8243; _builder_version=&#8221;4.24.0&#8243; _module_preset=&#8221;default&#8221; min_height=&#8221;503.3px&#8221; global_colors_info=&#8221;{}&#8221;][et_pb_column type=&#8221;1_2&#8243; _builder_version=&#8221;4.24.0&#8243; _module_preset=&#8221;default&#8221; global_colors_info=&#8221;{}&#8221;][et_pb_image src=&#8221;https:\/\/gfeb.org\/at\/wp-content\/uploads\/sites\/6\/2024\/02\/SEGE.png&#8221; title_text=&#8221;SEGE&#8221; _builder_version=&#8221;4.24.0&#8243; _module_preset=&#8221;default&#8221; min_height=&#8221;415.3px&#8221; custom_margin=&#8221;-56px||||false|false&#8221; custom_padding=&#8221;0px||0px|||&#8221; global_colors_info=&#8221;{}&#8221;][\/et_pb_image][\/et_pb_column][et_pb_column type=&#8221;1_2&#8243; _builder_version=&#8221;4.24.0&#8243; _module_preset=&#8221;default&#8221; global_colors_info=&#8221;{}&#8221;][et_pb_text _builder_version=&#8221;4.24.0&#8243; _module_preset=&#8221;default&#8221; global_colors_info=&#8221;{}&#8221;]<\/p>\n<h3>SYNDESMOS EPICHERIMATION GYNAIKON ELLADAS (SEGE)<\/h3>\n<p>[\/et_pb_text][et_pb_text _builder_version=&#8221;4.24.0&#8243; _module_preset=&#8221;default&#8221; global_colors_info=&#8221;{}&#8221;]<\/p>\n<p style=\"text-align: justify;\">Die Griechische Vereinigung der Unternehmerinnen &#8211; S.E.G.E &#8211; ist eine 1997 gegr\u00fcndete nationale Nichtregierungs- und gemeinn\u00fctzige Organisation, die sich an Frauen richtet, die in Griechenland unternehmerisch t\u00e4tig sind. Die Bef\u00e4higung zur unternehmerischen und zwischenmenschlichen Entwicklung jeder Frau ist der zentrale Kern der Philosophie des Griechischen Verbandes der Unternehmerinnen &#8211; S.E.G.E. Die Mission von S.E.G.E. ist die Entwicklung von Frauen und die Unterst\u00fctzung der Nachhaltigkeit ihrer Unternehmen durch die Umsetzung von Ma\u00dfnahmen wie Beratung, Bildung, Mentoring, etc. Gleichzeitig ist S.E.G.E. aktiv an Ma\u00dfnahmen beteiligt, die jede Frau bef\u00e4higen sollen, die berufliche und zwischenmenschliche Orientierung zu finden, die sie verdient.<\/p>\n<p>[\/et_pb_text][et_pb_button button_url=&#8221;\/at\/partner-sege\/&#8221; button_text=&#8221;Erfahren Sie mehr&#8221; _builder_version=&#8221;4.24.0&#8243; _module_preset=&#8221;default&#8221; global_colors_info=&#8221;{}&#8221;][\/et_pb_button][\/et_pb_column][\/et_pb_row][\/et_pb_section][et_pb_section fb_built=&#8221;1&#8243; _builder_version=&#8221;4.24.0&#8243; _module_preset=&#8221;default&#8221; custom_margin=&#8221;||||false|false&#8221; custom_padding=&#8221;||||false|false&#8221; global_colors_info=&#8221;{}&#8221;][et_pb_row column_structure=&#8221;1_2,1_2&#8243; _builder_version=&#8221;4.24.0&#8243; _module_preset=&#8221;default&#8221; custom_margin=&#8221;|auto||auto|false|false&#8221; custom_padding=&#8221;0px||11px|||&#8221; global_colors_info=&#8221;{}&#8221;][et_pb_column type=&#8221;1_2&#8243; _builder_version=&#8221;4.24.0&#8243; _module_preset=&#8221;default&#8221; global_colors_info=&#8221;{}&#8221;][et_pb_image src=&#8221;https:\/\/gfeb.org\/at\/wp-content\/uploads\/sites\/6\/2024\/02\/AAIE.png&#8221; title_text=&#8221;AAIE&#8221; _builder_version=&#8221;4.24.0&#8243; _module_preset=&#8221;default&#8221; custom_margin=&#8221;-50px||||false|false&#8221; global_colors_info=&#8221;{}&#8221;][\/et_pb_image][\/et_pb_column][et_pb_column type=&#8221;1_2&#8243; _builder_version=&#8221;4.24.0&#8243; _module_preset=&#8221;default&#8221; global_colors_info=&#8221;{}&#8221;][et_pb_text _builder_version=&#8221;4.24.0&#8243; _module_preset=&#8221;default&#8221; global_colors_info=&#8221;{}&#8221;]<\/p>\n<h3>ALBANISCHER VERBAND DER INDUSTRIELLEN UMWELTSCH\u00dcTZER (AAIE)<\/h3>\n<p>[\/et_pb_text][et_pb_text _builder_version=&#8221;4.24.0&#8243; _module_preset=&#8221;default&#8221; global_colors_info=&#8221;{}&#8221;]<\/p>\n<p style=\"text-align: justify;\">Die AAIE verf\u00fcgt \u00fcber umfangreiche Erfahrungen in der Zusammenarbeit mit internationalen und nationalen Organisationen und kann auf mehr als f\u00fcnfzehn Jahre Erfahrung in der Analyse, Forschung, Planung, Umsetzung und Bewertung verschiedener sozio\u00f6konomischer Initiativen zur\u00fcckblicken. Dieses Fachwissen konzentriert sich vor allem auf den Bereich der Umwelt.<br \/>Als Nichtregierungsorganisation konzentrieren sich unsere Projekte auf die \u00f6kologische und menschliche Entwicklung, um den sozialen und wirtschaftlichen Aufschwung des Landes zu f\u00f6rdern.<\/p>\n<p>[\/et_pb_text][et_pb_button button_url=&#8221;\/at\/partner-aaie&#8221; button_text=&#8221;Erfahren Sie mehr&#8221; _builder_version=&#8221;4.24.0&#8243; _module_preset=&#8221;default&#8221; global_colors_info=&#8221;{}&#8221;][\/et_pb_button][\/et_pb_column][\/et_pb_row][et_pb_row column_structure=&#8221;1_2,1_2&#8243; _builder_version=&#8221;4.24.0&#8243; _module_preset=&#8221;default&#8221; custom_margin=&#8221;|auto|15px|auto||&#8221; global_colors_info=&#8221;{}&#8221;][et_pb_column type=&#8221;1_2&#8243; _builder_version=&#8221;4.24.0&#8243; _module_preset=&#8221;default&#8221; global_colors_info=&#8221;{}&#8221;][et_pb_image src=&#8221;https:\/\/gfeb.org\/at\/wp-content\/uploads\/sites\/6\/2024\/02\/UPZ.png&#8221; title_text=&#8221;UPZ&#8221; _builder_version=&#8221;4.24.0&#8243; _module_preset=&#8221;default&#8221; custom_margin=&#8221;-56px||||false|false&#8221; global_colors_info=&#8221;{}&#8221;][\/et_pb_image][\/et_pb_column][et_pb_column type=&#8221;1_2&#8243; _builder_version=&#8221;4.24.0&#8243; _module_preset=&#8221;default&#8221; global_colors_info=&#8221;{}&#8221;][et_pb_text _builder_version=&#8221;4.24.0&#8243; _module_preset=&#8221;default&#8221; global_colors_info=&#8221;{}&#8221;]<\/p>\n<h3>ASSOCIATION OF BUSINESS WOMEN &#8211; <span>BOSNIA AND HERZEGOVINA<\/span><\/h3>\n<p>[\/et_pb_text][et_pb_text _builder_version=&#8221;4.24.0&#8243; _module_preset=&#8221;default&#8221; global_colors_info=&#8221;{}&#8221;]<\/p>\n<p style=\"text-align: justify;\">Verband der Gesch\u00e4ftsfrauen in Bosnien und Herzegowina (ABW BiH): Unterst\u00fctzung, Bildung und F\u00f6rderung des weiblichen Unternehmertums.<br \/>Der Verband der Gesch\u00e4ftsfrauen in Bosnien und Herzegowina (ABW BiH) setzt sich durch Unterst\u00fctzung, Ausbildung und F\u00f6rderung des weiblichen Unternehmertums f\u00fcr Ver\u00e4nderungen und Fortschritt ein. Gegr\u00fcndet von erfolgreichen Gesch\u00e4ftsfrauen, Managerinnen und Expertinnen, setzen sich die Mitglieder des Verbandes aktiv f\u00fcr die Schaffung eines g\u00fcnstigeren wirtschaftlichen Umfelds in Bosnien und Herzegowina ein.<br \/>Die Vision des Verbandes ist die St\u00e4rkung des sozialen Rahmens f\u00fcr die Entwicklung des weiblichen Unternehmertums durch eine verbesserte Entwicklungspolitik und die Schaffung neuer Arbeitspl\u00e4tze.<\/p>\n<p>[\/et_pb_text][et_pb_button button_url=&#8221;\/at\/partner-upz&#8221; button_text=&#8221;Erfahren Sie mehr&#8221; _builder_version=&#8221;4.24.0&#8243; _module_preset=&#8221;default&#8221; global_colors_info=&#8221;{}&#8221;][\/et_pb_button][\/et_pb_column][\/et_pb_row][et_pb_row column_structure=&#8221;1_2,1_2&#8243; _builder_version=&#8221;4.24.0&#8243; _module_preset=&#8221;default&#8221; min_height=&#8221;404.3px&#8221; custom_margin=&#8221;|auto||auto|false|false&#8221; custom_padding=&#8221;||0px|||&#8221; global_colors_info=&#8221;{}&#8221;][et_pb_column type=&#8221;1_2&#8243; _builder_version=&#8221;4.24.0&#8243; _module_preset=&#8221;default&#8221; global_colors_info=&#8221;{}&#8221;][et_pb_image src=&#8221;https:\/\/gfeb.org\/at\/wp-content\/uploads\/sites\/6\/2024\/02\/ABW.png&#8221; title_text=&#8221;ABW&#8221; _builder_version=&#8221;4.24.0&#8243; _module_preset=&#8221;default&#8221; custom_margin=&#8221;||||false|false&#8221; global_colors_info=&#8221;{}&#8221;][\/et_pb_image][\/et_pb_column][et_pb_column type=&#8221;1_2&#8243; _builder_version=&#8221;4.24.0&#8243; _module_preset=&#8221;default&#8221; global_colors_info=&#8221;{}&#8221;][et_pb_text _builder_version=&#8221;4.24.0&#8243; _module_preset=&#8221;default&#8221; global_colors_info=&#8221;{}&#8221;]<\/p>\n<h3>VERBAND DER GESCH\u00c4FTSFRAUEN NORDMAZEDONIENS<\/h3>\n<p>[\/et_pb_text][et_pb_text _builder_version=&#8221;4.24.0&#8243; _module_preset=&#8221;default&#8221; global_colors_info=&#8221;{}&#8221;]<\/p>\n<p style=\"text-align: justify;\"><span>Der Verband der Gesch\u00e4ftsfrauen &#8211; Nordmazedonien ist ein spezifischer und kompetenter Partner im Dialog mit der Regierung, Nichtregierungsorganisationen und dem Privatsektor, der zur sozialen und wirtschaftlichen Entwicklung beitr\u00e4gt, mit besonderem Schwerpunkt auf dem weiblichen Unternehmertum als Faktor des Wirtschaftswachstums.<br \/>Der Verband spielt eine f\u00fchrende Rolle bei der Organisation des Dialogs und der Zusammenarbeit zwischen Gesch\u00e4ftsfrauen, um Unternehmerinnen in Mazedonien und in der Region zu unterst\u00fctzen und zu f\u00f6rdern.<br \/>Die Association of Business Women &#8211; North Macedonia wurde im Juli 2010 formell als NGO gegr\u00fcndet, die sich aktiv f\u00fcr die F\u00f6rderung und St\u00e4rkung des weiblichen Unternehmertums im Land und in der Region einsetzt. Frauenunternehmertum als eigener Zweig der wirtschaftlichen Entwicklung im privaten Sektor sowie in den staatlichen Institutionen und Verb\u00e4nden war bisher nicht klar erkennbar.<br \/><\/span><\/p>\n<p>[\/et_pb_text][et_pb_button button_url=&#8221;\/at\/partner-abw&#8221; button_text=&#8221;Erfahren Sie mehr&#8221; _builder_version=&#8221;4.24.0&#8243; _module_preset=&#8221;default&#8221; global_colors_info=&#8221;{}&#8221;][\/et_pb_button][\/et_pb_column][\/et_pb_row][et_pb_row column_structure=&#8221;1_2,1_2&#8243; _builder_version=&#8221;4.24.0&#8243; _module_preset=&#8221;default&#8221; min_height=&#8221;488.3px&#8221; custom_margin=&#8221;|auto|12px|auto|false|false&#8221; custom_padding=&#8221;||0px||false|false&#8221; global_colors_info=&#8221;{}&#8221;][et_pb_column type=&#8221;1_2&#8243; _builder_version=&#8221;4.24.0&#8243; _module_preset=&#8221;default&#8221; global_colors_info=&#8221;{}&#8221;][et_pb_image src=&#8221;https:\/\/gfeb.org\/at\/wp-content\/uploads\/sites\/6\/2024\/02\/APZ.png&#8221; title_text=&#8221;APZ&#8221; _builder_version=&#8221;4.24.0&#8243; _module_preset=&#8221;default&#8221; custom_margin=&#8221;-76px||||false|false&#8221; global_colors_info=&#8221;{}&#8221;][\/et_pb_image][\/et_pb_column][et_pb_column type=&#8221;1_2&#8243; _builder_version=&#8221;4.24.0&#8243; _module_preset=&#8221;default&#8221; global_colors_info=&#8221;{}&#8221;][et_pb_text _builder_version=&#8221;4.24.0&#8243; _module_preset=&#8221;default&#8221; global_colors_info=&#8221;{}&#8221;]<\/p>\n<h3>BUSINESS WOMEN ASSOCIATION &#8211; MONTENEGRO<\/h3>\n<p>[\/et_pb_text][et_pb_text _builder_version=&#8221;4.24.0&#8243; _module_preset=&#8221;default&#8221; global_colors_info=&#8221;{}&#8221;]<\/p>\n<p style=\"text-align: justify;\">Die Business Women Association of Montenegro unterst\u00fctzt Frauen in der Wirtschaft, weibliche F\u00fchrungskr\u00e4fte und Unternehmertum, setzt sich f\u00fcr die Verbesserung des Gesch\u00e4ftsklimas ein und f\u00f6rdert kontinuierlich die Vernetzung auf lokaler, regionaler und internationaler Ebene.<br \/>Die Business Women Association of Montenegro ist als respektierter Partner im \u00f6ffentlich-privaten Dialog anerkannt und tr\u00e4gt zur sozialen und wirtschaftlichen Entwicklung bei, wobei der Schwerpunkt auf dem weiblichen Unternehmertum als Faktor des Wirtschaftswachstums liegt.<\/p>\n<p>[\/et_pb_text][et_pb_button button_url=&#8221;\/at\/partner-apz&#8221; button_text=&#8221;Erfahren Sie mehr&#8221; _builder_version=&#8221;4.24.0&#8243; _module_preset=&#8221;default&#8221; global_colors_info=&#8221;{}&#8221;][\/et_pb_button][\/et_pb_column][\/et_pb_row][et_pb_row column_structure=&#8221;1_2,1_2&#8243; _builder_version=&#8221;4.24.0&#8243; _module_preset=&#8221;default&#8221; min_height=&#8221;514.1px&#8221; custom_margin=&#8221;|auto||auto|false|false&#8221; custom_padding=&#8221;17px|||||&#8221; global_colors_info=&#8221;{}&#8221;][et_pb_column type=&#8221;1_2&#8243; _builder_version=&#8221;4.24.0&#8243; _module_preset=&#8221;default&#8221; global_colors_info=&#8221;{}&#8221;][et_pb_image src=&#8221;https:\/\/gfeb.org\/at\/wp-content\/uploads\/sites\/6\/2024\/02\/KAGIDER.png&#8221; title_text=&#8221;KAGIDER&#8221; _builder_version=&#8221;4.24.0&#8243; _module_preset=&#8221;default&#8221; custom_margin=&#8221;||||false|false&#8221; global_colors_info=&#8221;{}&#8221;][\/et_pb_image][\/et_pb_column][et_pb_column type=&#8221;1_2&#8243; _builder_version=&#8221;4.24.0&#8243; _module_preset=&#8221;default&#8221; global_colors_info=&#8221;{}&#8221;][et_pb_text _builder_version=&#8221;4.24.0&#8243; _module_preset=&#8221;default&#8221; global_colors_info=&#8221;{}&#8221;]<\/p>\n<h3><span>VERBAND T\u00dcRKISCHER UNTERNEHMERINNEN<\/span>\u00a0<span>(KAGIDER)<\/span><\/h3>\n<p>[\/et_pb_text][et_pb_text _builder_version=&#8221;4.24.0&#8243; _module_preset=&#8221;default&#8221; global_colors_info=&#8221;{}&#8221;]<\/p>\n<p style=\"text-align: justify;\">Der t\u00fcrkische Unternehmerinnenverband (KAGIDER) ist eine Nichtregierungsorganisation, die sich zum Ziel gesetzt hat, Frauen durch Unternehmertum zu st\u00e4rken. Der t\u00fcrkische Unternehmerinnenverband ist eine gemeinn\u00fctzige Nichtregierungsorganisation, die im September 2007 von 37 Unternehmerinnen gegr\u00fcndet wurde und in der T\u00fcrkei t\u00e4tig ist.<\/p>\n<p style=\"text-align: justify;\">KAGIDER hat sich seit seiner Gr\u00fcndung in Zusammenarbeit mit Komponenten aus dem \u00f6ffentlichen und privaten Sektor sowie der Zivilgesellschaft an zahlreichen Projekten und Initiativen beteiligt. Zu den Zielen der Organisation geh\u00f6rt es, junge Frauen auf das Berufsleben vorzubereiten, Frauen, die Unternehmerinnen werden wollen, durch Ausbildung und Mentoring zu unterst\u00fctzen und die Zahl der Vorbild-Unternehmerinnen sichtbar zu machen und zu erh\u00f6hen.<\/p>\n<p>[\/et_pb_text][et_pb_button button_url=&#8221;\/at\/partner-kagider&#8221; button_text=&#8221;Erfahren Sie mehr&#8221; _builder_version=&#8221;4.24.0&#8243; _module_preset=&#8221;default&#8221; hover_enabled=&#8221;0&#8243; global_colors_info=&#8221;{}&#8221; sticky_enabled=&#8221;0&#8243;][\/et_pb_button][\/et_pb_column][\/et_pb_row][et_pb_row column_structure=&#8221;1_2,1_2&#8243; _builder_version=&#8221;4.24.0&#8243; _module_preset=&#8221;default&#8221; custom_margin=&#8221;|auto|-45px|auto||&#8221; custom_padding=&#8221;||0px||false|false&#8221; global_colors_info=&#8221;{}&#8221;][et_pb_column type=&#8221;1_2&#8243; _builder_version=&#8221;4.24.0&#8243; _module_preset=&#8221;default&#8221; global_colors_info=&#8221;{}&#8221;][et_pb_image src=&#8221;https:\/\/gfeb.org\/at\/wp-content\/uploads\/sites\/6\/2024\/02\/WECA.png&#8221; title_text=&#8221;WECA&#8221; _builder_version=&#8221;4.24.0&#8243; _module_preset=&#8221;default&#8221; custom_margin=&#8221;||||false|false&#8221; global_colors_info=&#8221;{}&#8221;][\/et_pb_image][\/et_pb_column][et_pb_column type=&#8221;1_2&#8243; _builder_version=&#8221;4.24.0&#8243; _module_preset=&#8221;default&#8221; global_colors_info=&#8221;{}&#8221;][et_pb_text _builder_version=&#8221;4.24.0&#8243; _module_preset=&#8221;default&#8221; global_colors_info=&#8221;{}&#8221;]<\/p>\n<h3>FRAUENWIRTSCHAFTSKAMMER VON ALBANIEN<span>\u00a0(WECA)<\/span><\/h3>\n<p>[\/et_pb_text][et_pb_text _builder_version=&#8221;4.24.0&#8243; _module_preset=&#8221;default&#8221; global_colors_info=&#8221;{}&#8221;]<\/p>\n<p style=\"text-align: justify;\">Die Women&#8217;s Economic Chamber of Albania (WECA) wurde am<sup> <\/sup>26 Juni 2020 rechtlich gegr\u00fcndet.<\/p>\n<p style=\"text-align: justify;\">Die Kammer repr\u00e4sentiert das gemeinsame Interesse einer Gruppe von Unternehmerinnen und Fachleuten, die Gesellschaft zu beeinflussen, um das weibliche Unternehmertum in Albanien zu st\u00e4rken. Nach jahrzehntelanger Erfahrung in verschiedenen Gesch\u00e4ftsbereichen haben sie ihr Wissen, ihre Energie, ihr Interesse und ihren Wunsch, einen Beitrag zur Gemeinschaft der von Frauen gef\u00fchrten Unternehmen zu leisten, zusammengef\u00fchrt.<\/p>\n<p style=\"text-align: justify;\"><strong>Der Auftrag der WECA<\/strong> besteht darin, Frauen als F\u00f6rderinnen der Wirtschaft zu st\u00e4rken und sie an allen Entscheidungsprozessen in wirtschaftlichen Fragen zu beteiligen.<\/p>\n<p>[\/et_pb_text][et_pb_button button_url=&#8221;\/at\/partner-weca&#8221; button_text=&#8221;Erfahren Sie mehr&#8221; _builder_version=&#8221;4.24.0&#8243; _module_preset=&#8221;default&#8221; global_colors_info=&#8221;{}&#8221;][\/et_pb_button][\/et_pb_column][\/et_pb_row][et_pb_row column_structure=&#8221;1_2,1_2&#8243; _builder_version=&#8221;4.24.0&#8243; _module_preset=&#8221;default&#8221; min_height=&#8221;459.6px&#8221; custom_margin=&#8221;|auto||auto|false|false&#8221; custom_padding=&#8221;104px||0px||false|false&#8221; global_colors_info=&#8221;{}&#8221;][et_pb_column type=&#8221;1_2&#8243; _builder_version=&#8221;4.24.0&#8243; _module_preset=&#8221;default&#8221; global_colors_info=&#8221;{}&#8221;][et_pb_image src=&#8221;https:\/\/gfeb.org\/at\/wp-content\/uploads\/sites\/6\/2024\/02\/BEST.png&#8221; title_text=&#8221;BEST&#8221; _builder_version=&#8221;4.24.0&#8243; _module_preset=&#8221;default&#8221; custom_margin=&#8221;-76px||||false|false&#8221; global_colors_info=&#8221;{}&#8221;][\/et_pb_image][\/et_pb_column][et_pb_column type=&#8221;1_2&#8243; _builder_version=&#8221;4.24.0&#8243; _module_preset=&#8221;default&#8221; global_colors_info=&#8221;{}&#8221;][et_pb_text _builder_version=&#8221;4.24.0&#8243; _module_preset=&#8221;default&#8221; global_colors_info=&#8221;{}&#8221;]<\/p>\n<h3>BEST INSTITUT F\u00dcR BERUFSBEZOGONE WEITERBILDUNG UND PERSONALTRAINING<\/h3>\n<p>[\/et_pb_text][et_pb_text _builder_version=&#8221;4.24.0&#8243; _module_preset=&#8221;default&#8221; global_colors_info=&#8221;{}&#8221;]<\/p>\n<p style=\"text-align: justify;\">BEST Institut f\u00fcr berufsbezogene Weiterbildung und Personaltraining GmbH wurde 1990 als unabh\u00e4ngige \u00f6sterreichische Organisation f\u00fcr Weiterbildung, berufliche Qualifizierung und Karrieredienstleistungen gegr\u00fcndet. Die Hauptaktivit\u00e4ten umfassen die Entwicklung innovativer Trainingsprogramme f\u00fcr Jugendliche und Erwachsene, darunter viele benachteiligte Frauen und Personen mit Migrationshintergrund, zur Weiterbildung und beruflichen Qualifizierung, Beratung &amp; Coaching und Aktivierung von Arbeitssuchenden und Besch\u00e4ftigten.<\/p>\n<p>[\/et_pb_text][et_pb_button button_url=&#8221;\/at\/partner-best&#8221; button_text=&#8221;Erfahren Sie mehr&#8221; _builder_version=&#8221;4.24.0&#8243; _module_preset=&#8221;default&#8221; global_colors_info=&#8221;{}&#8221;][\/et_pb_button][\/et_pb_column][\/et_pb_row][\/et_pb_section]<\/p>\n","protected":false},"excerpt":{"rendered":"<p>PartnerDie Partnerschaft wurde so zusammengestellt, dass sie ein einheitliches Team bildet, das sich in Bezug auf F\u00e4higkeiten, Erfahrung, Fachwissen, Kenntnisse und operativen Hintergrund gegenseitig erg\u00e4nzt. Obwohl jedes Projektergebnis einem bestimmten Partner zugewiesen ist, werden alle Partner zu allen Aktivit\u00e4ten beitragen. Das liegt daran, dass jeder Partner aufgrund seiner Erfahrung und der Arbeit seiner Experten im [&hellip;]<\/p>\n","protected":false},"author":1,"featured_media":0,"parent":0,"menu_order":0,"comment_status":"closed","ping_status":"closed","template":"","meta":{"_et_pb_use_builder":"on","_et_pb_old_content":"","_et_gb_content_width":"","footnotes":""},"class_list":["post-80","page","type-page","status-publish","hentry"],"_links":{"self":[{"href":"https:\/\/gfeb.org\/at\/wp-json\/wp\/v2\/pages\/80","targetHints":{"allow":["GET"]}}],"collection":[{"href":"https:\/\/gfeb.org\/at\/wp-json\/wp\/v2\/pages"}],"about":[{"href":"https:\/\/gfeb.org\/at\/wp-json\/wp\/v2\/types\/page"}],"author":[{"embeddable":true,"href":"https:\/\/gfeb.org\/at\/wp-json\/wp\/v2\/users\/1"}],"replies":[{"embeddable":true,"href":"https:\/\/gfeb.org\/at\/wp-json\/wp\/v2\/comments?post=80"}],"version-history":[{"count":32,"href":"https:\/\/gfeb.org\/at\/wp-json\/wp\/v2\/pages\/80\/revisions"}],"predecessor-version":[{"id":914,"href":"https:\/\/gfeb.org\/at\/wp-json\/wp\/v2\/pages\/80\/revisions\/914"}],"wp:attachment":[{"href":"https:\/\/gfeb.org\/at\/wp-json\/wp\/v2\/media?parent=80"}],"curies":[{"name":"wp","href":"https:\/\/api.w.org\/{rel}","templated":true}]}}