{"id":280,"date":"2024-02-21T23:25:32","date_gmt":"2024-02-21T23:25:32","guid":{"rendered":"https:\/\/gfeb.org\/bih\/?page_id=280"},"modified":"2024-03-07T18:25:09","modified_gmt":"2024-03-07T18:25:09","slug":"partner-best","status":"publish","type":"page","link":"https:\/\/gfeb.org\/bih\/partner-best\/","title":{"rendered":"partner best"},"content":{"rendered":"<p>[et_pb_section fb_built=&#8221;1&#8243; next_background_color=&#8221;#ffffff&#8221; _builder_version=&#8221;4.24.0&#8243; _module_preset=&#8221;default&#8221; use_background_color_gradient=&#8221;on&#8221; background_color_gradient_direction=&#8221;270deg&#8221; background_color_gradient_stops=&#8221;#5a7414 0%|#1f5100 100%&#8221; bottom_divider_style=&#8221;wave&#8221; bottom_divider_height=&#8221;32px&#8221; global_colors_info=&#8221;{}&#8221;][et_pb_row _builder_version=&#8221;4.24.0&#8243; _module_preset=&#8221;default&#8221; global_colors_info=&#8221;{}&#8221;][et_pb_column type=&#8221;4_4&#8243; _builder_version=&#8221;4.24.0&#8243; _module_preset=&#8221;default&#8221; global_colors_info=&#8221;{}&#8221;][et_pb_text _builder_version=&#8221;4.24.0&#8243; _module_preset=&#8221;default&#8221; header_text_align=&#8221;center&#8221; header_text_color=&#8221;#FFFFFF&#8221; global_colors_info=&#8221;{}&#8221;]<\/p>\n<h1>Partner BEST<\/h1>\n<p>[\/et_pb_text][\/et_pb_column][\/et_pb_row][\/et_pb_section][et_pb_section fb_built=&#8221;1&#8243; _builder_version=&#8221;4.24.0&#8243; _module_preset=&#8221;default&#8221; global_colors_info=&#8221;{}&#8221;][et_pb_row _builder_version=&#8221;4.24.0&#8243; _module_preset=&#8221;default&#8221; custom_margin=&#8221;|auto|-141px|auto||&#8221; custom_padding=&#8221;3px|||||&#8221; global_colors_info=&#8221;{}&#8221;][et_pb_column type=&#8221;4_4&#8243; _builder_version=&#8221;4.24.0&#8243; _module_preset=&#8221;default&#8221; global_colors_info=&#8221;{}&#8221;][et_pb_image src=&#8221;https:\/\/gfeb.org\/bih\/wp-content\/uploads\/sites\/4\/2024\/02\/BEST.png&#8221; title_text=&#8221;BEST&#8221; _builder_version=&#8221;4.24.0&#8243; _module_preset=&#8221;default&#8221; global_colors_info=&#8221;{}&#8221;][\/et_pb_image][\/et_pb_column][\/et_pb_row][\/et_pb_section][et_pb_section fb_built=&#8221;1&#8243; _builder_version=&#8221;4.24.0&#8243; _module_preset=&#8221;default&#8221; custom_padding=&#8221;0px|||||&#8221; global_colors_info=&#8221;{}&#8221;][et_pb_row _builder_version=&#8221;4.24.0&#8243; _module_preset=&#8221;default&#8221; min_height=&#8221;368px&#8221; custom_padding=&#8221;3px|||||&#8221; global_colors_info=&#8221;{}&#8221;][et_pb_column type=&#8221;4_4&#8243; _builder_version=&#8221;4.24.0&#8243; _module_preset=&#8221;default&#8221; global_colors_info=&#8221;{}&#8221;][et_pb_text _builder_version=&#8221;4.24.0&#8243; _module_preset=&#8221;default&#8221; custom_padding=&#8221;2px||||false|false&#8221; hover_enabled=&#8221;0&#8243; global_colors_info=&#8221;{}&#8221; sticky_enabled=&#8221;0&#8243;]<\/p>\n<div class=\"et_pb_module et_pb_text et_pb_text_2  et_pb_text_align_left et_pb_bg_layout_light\">\n<div class=\"et_pb_text_inner\">\n<h3>BEST INSTITUT ZA STRU\u010cNO OBRAZOVANJE I OBUKU KADROVA<\/h3>\n<\/div>\n<\/div>\n<p>[\/et_pb_text][et_pb_text _builder_version=&#8221;4.24.0&#8243; _module_preset=&#8221;default&#8221; custom_padding=&#8221;2px||||false|false&#8221; hover_enabled=&#8221;0&#8243; global_colors_info=&#8221;{}&#8221; sticky_enabled=&#8221;0&#8243;]<\/p>\n<p style=\"text-align: justify;\">BEST institut za stru\u010dno obrazovanje i obuku kadrova je osnovan 1990. godine kao nezavisna austrijska organizacija za pru\u017eanje usluga kontinuiranog usavr\u0161avanja, stru\u010dne kvalifikacije i karijerne servise. Najva\u017enije aktivnosti obuhvataju razvoj inovativnih programa obuke za mlade pojedince i odrasle, od kojih su mnoge \u017eene u nepovoljnom polo\u017eaju i migranti, a koje se odnose na kontinuirane i stru\u010dne obuke, savetovanja, obu\u010davanja i aktivacija za osobe koje tra\u017ee posao i zaposlene. \u0160eme obuke su orijentisane na klijente i zasnovane na specifi\u010dnim potrebama tr\u017ei\u0161ta rada i individualnim situacijama, vje\u0161tinama i kompetencijama korisnika, prethodnom iskustvu i \u017eivotnim okolnostima.<\/p>\n<p>[\/et_pb_text][\/et_pb_column][\/et_pb_row][et_pb_row column_structure=&#8221;1_3,1_3,1_3&#8243; _builder_version=&#8221;4.24.0&#8243; _module_preset=&#8221;default&#8221; global_colors_info=&#8221;{}&#8221;][et_pb_column type=&#8221;1_3&#8243; _builder_version=&#8221;4.24.0&#8243; _module_preset=&#8221;default&#8221; global_colors_info=&#8221;{}&#8221;][et_pb_blurb title=&#8221;Dubinsko znanje&#8221; use_icon=&#8221;on&#8221; font_icon=&#8221;&#x5a;||divi||400&#8243; icon_placement=&#8221;left&#8221; _builder_version=&#8221;4.24.0&#8243; _module_preset=&#8221;default&#8221; hover_enabled=&#8221;0&#8243; global_colors_info=&#8221;{}&#8221; sticky_enabled=&#8221;0&#8243;]<\/p>\n<p>Dugogodi\u0161nje iskustvo, multidisciplinarni timovi u kombinaciji sa ciljanim partnerstvima, kao i na\u0161e sna\u017ene veze sa svijetom akademskog istra\u017eivanja, pru\u017eaju optimalne konsultacije, metode i instrumente u oblasti upravljanja ljudskim resursima. Na\u0161e usluge su posebno dizajnirane da zadovolje prakti\u010dne potrebe.<\/p>\n<p>[\/et_pb_blurb][\/et_pb_column][et_pb_column type=&#8221;1_3&#8243; _builder_version=&#8221;4.24.0&#8243; _module_preset=&#8221;default&#8221; global_colors_info=&#8221;{}&#8221;][et_pb_blurb title=&#8221;Prilago\u0111ena rje\u0161enja&#8221; use_icon=&#8221;on&#8221; font_icon=&#8221;&#x5a;||divi||400&#8243; icon_placement=&#8221;left&#8221; _builder_version=&#8221;4.24.0&#8243; _module_preset=&#8221;default&#8221; hover_enabled=&#8221;0&#8243; locked=&#8221;off&#8221; global_colors_info=&#8221;{}&#8221; sticky_enabled=&#8221;0&#8243;]<\/p>\n<p>Svaka kompanija je jedinstvena u pogledu strukture, zaposlenih i filozofije. To je razlog za\u0161to su na\u0161i proizvodi i usluge, po\u010dev\u0161i od odre\u0111enog instrumenta do \u0161eme obuke, usmjereni na odre\u0111ene potrebe i konkretnu situaciju, daju\u0107i tako bitnu dodatnu vrijednost.<\/p>\n<p>[\/et_pb_blurb][\/et_pb_column][et_pb_column type=&#8221;1_3&#8243; _builder_version=&#8221;4.24.0&#8243; _module_preset=&#8221;default&#8221; global_colors_info=&#8221;{}&#8221;][et_pb_blurb title=&#8221;Ciljana partnerstva&#8221; use_icon=&#8221;on&#8221; font_icon=&#8221;&#x5a;||divi||400&#8243; icon_placement=&#8221;left&#8221; _builder_version=&#8221;4.24.0&#8243; _module_preset=&#8221;default&#8221; hover_enabled=&#8221;0&#8243; locked=&#8221;off&#8221; global_colors_info=&#8221;{}&#8221; sticky_enabled=&#8221;0&#8243;]<\/p>\n<p>Selektujemo proizvode i mjere koje najbolje odgovaraju bez nepotrebnih standardnih usluga. Stoga mo\u017eemo djelovati kao pouzdan partner koji nije podlo\u017ean marketin\u0161kom pritisku za odre\u0111ene pojedina\u010dne proizvode. Osim toga, mre\u017ea kompetentnih partnera osigurava razvoj i implementaciju \u0161irokog spektra \u0161ema i projekata.<\/p>\n<p>[\/et_pb_blurb][\/et_pb_column][\/et_pb_row][et_pb_row column_structure=&#8221;1_3,1_3,1_3&#8243; _builder_version=&#8221;4.24.0&#8243; _module_preset=&#8221;default&#8221; global_colors_info=&#8221;{}&#8221;][et_pb_column type=&#8221;1_3&#8243; _builder_version=&#8221;4.24.0&#8243; _module_preset=&#8221;default&#8221; global_colors_info=&#8221;{}&#8221;][et_pb_blurb title=&#8221;Sopstvena ili kupljena usluga&#8221; use_icon=&#8221;on&#8221; font_icon=&#8221;&#x5a;||divi||400&#8243; icon_placement=&#8221;left&#8221; _builder_version=&#8221;4.24.0&#8243; _module_preset=&#8221;default&#8221; hover_enabled=&#8221;0&#8243; global_colors_info=&#8221;{}&#8221; sticky_enabled=&#8221;0&#8243;]<\/p>\n<p>Na zahtjev, tako\u0111e mo\u017eemo isporu\u010diti na\u0161e usluge klijentu \u2013 sa vi\u0161e od 12 kancelarija u Be\u010du i Donjoj Austriji, mo\u017eemo profesionalno sprovesti na\u0161e usluge u kancelarijama klijenta. Dakle, fleksibilnost i nezavisnost su dio na\u0161ih glavnih prioriteta.<\/p>\n<p>[\/et_pb_blurb][\/et_pb_column][et_pb_column type=&#8221;1_3&#8243; _builder_version=&#8221;4.24.0&#8243; _module_preset=&#8221;default&#8221; global_colors_info=&#8221;{}&#8221;][et_pb_blurb title=&#8221;Upravljanje kvalitetom&#8221; use_icon=&#8221;on&#8221; font_icon=&#8221;&#x5a;||divi||400&#8243; icon_placement=&#8221;left&#8221; _builder_version=&#8221;4.24.0&#8243; _module_preset=&#8221;default&#8221; hover_enabled=&#8221;0&#8243; locked=&#8221;off&#8221; global_colors_info=&#8221;{}&#8221; sticky_enabled=&#8221;0&#8243;]<\/p>\n<p>Na\u0161a strategija kvaliteta je u skladu sa zahtjevima i kriterijumima koje postavlja Evropska fondacija za upravljanje kvalitetom (EFQM). Su\u0161tina toga je dosljedan obrazac fokusiranja na\u0161ih usluga na potrebe i uspjeh klijenta. Kako bismo osigurali najve\u0107u korist i zadovoljstvo na\u0161im klijentima, primjenjujemo i preporu\u010dujemo one HR metode i instrumente koji su se pokazali kao najvrjedniji, bilo u praksi, bilo prema rezultatima evaluacionih studija. Na zahtjev mo\u017eemo ocijeniti i HR mjere koje su predlo\u017eene i koje su ve\u0107 implementirane.<\/p>\n<p>[\/et_pb_blurb][\/et_pb_column][et_pb_column type=&#8221;1_3&#8243; _builder_version=&#8221;4.24.0&#8243; _module_preset=&#8221;default&#8221; global_colors_info=&#8221;{}&#8221;][et_pb_blurb title=&#8221;25 godina iskustva&#8221; use_icon=&#8221;on&#8221; font_icon=&#8221;&#x5a;||divi||400&#8243; icon_placement=&#8221;left&#8221; _builder_version=&#8221;4.24.0&#8243; _module_preset=&#8221;default&#8221; hover_enabled=&#8221;0&#8243; global_colors_info=&#8221;{}&#8221; sticky_enabled=&#8221;0&#8243;]<\/p>\n<p>U skladu sa zahtjevima savremenog svijeta zapo\u0161ljavanja, BEST nudi \u0161irok spektar kurseva i seminara. Poseban naglasak stavljamo na ra\u010dunarstvo i IT, ekonomiju, jezike, statistiku i SPSS, na specijalizovane kvalifikacije, kao i na li\u010dni razvoj i komunikaciju, na individualni i grupni coaching.<\/p>\n<p>[\/et_pb_blurb][\/et_pb_column][\/et_pb_row][et_pb_row _builder_version=&#8221;4.24.0&#8243; _module_preset=&#8221;default&#8221; custom_padding=&#8221;||0px|||&#8221; global_colors_info=&#8221;{}&#8221;][et_pb_column type=&#8221;4_4&#8243; _builder_version=&#8221;4.24.0&#8243; _module_preset=&#8221;default&#8221; global_colors_info=&#8221;{}&#8221;][et_pb_divider _builder_version=&#8221;4.24.0&#8243; _module_preset=&#8221;default&#8221; global_colors_info=&#8221;{}&#8221;][\/et_pb_divider][\/et_pb_column][\/et_pb_row][et_pb_row column_structure=&#8221;1_2,1_2&#8243; _builder_version=&#8221;4.24.0&#8243; _module_preset=&#8221;default&#8221; global_colors_info=&#8221;{}&#8221;][et_pb_column type=&#8221;1_2&#8243; _builder_version=&#8221;4.24.0&#8243; _module_preset=&#8221;default&#8221; global_colors_info=&#8221;{}&#8221;][et_pb_text _builder_version=&#8221;4.24.0&#8243; _module_preset=&#8221;default&#8221; global_colors_info=&#8221;{}&#8221;]<\/p>\n<p>Website <a href=\"https:\/\/best.at\" target=\"_blank\" rel=\"noopener\">https:\/\/best.at<\/a><span><br \/><\/span>Contact email: office@best.at<\/p>\n<p>[\/et_pb_text][\/et_pb_column][et_pb_column type=&#8221;1_2&#8243; _builder_version=&#8221;4.24.0&#8243; _module_preset=&#8221;default&#8221; global_colors_info=&#8221;{}&#8221;][\/et_pb_column][\/et_pb_row][\/et_pb_section]<\/p>\n","protected":false},"excerpt":{"rendered":"<p>Partner BEST BEST INSTITUT ZA STRU\u010cNO OBRAZOVANJE I OBUKU KADROVA BEST institut za stru\u010dno obrazovanje i obuku kadrova je osnovan 1990. godine kao nezavisna austrijska organizacija za pru\u017eanje usluga kontinuiranog usavr\u0161avanja, stru\u010dne kvalifikacije i karijerne servise. Najva\u017enije aktivnosti obuhvataju razvoj inovativnih programa obuke za mlade pojedince i odrasle, od kojih su mnoge \u017eene u nepovoljnom [&hellip;]<\/p>\n","protected":false},"author":1,"featured_media":0,"parent":0,"menu_order":0,"comment_status":"closed","ping_status":"closed","template":"","meta":{"_et_pb_use_builder":"on","_et_pb_old_content":"<!-- wp:divi\/placeholder \/-->","_et_gb_content_width":"","footnotes":""},"class_list":["post-280","page","type-page","status-publish","hentry"],"_links":{"self":[{"href":"https:\/\/gfeb.org\/bih\/wp-json\/wp\/v2\/pages\/280","targetHints":{"allow":["GET"]}}],"collection":[{"href":"https:\/\/gfeb.org\/bih\/wp-json\/wp\/v2\/pages"}],"about":[{"href":"https:\/\/gfeb.org\/bih\/wp-json\/wp\/v2\/types\/page"}],"author":[{"embeddable":true,"href":"https:\/\/gfeb.org\/bih\/wp-json\/wp\/v2\/users\/1"}],"replies":[{"embeddable":true,"href":"https:\/\/gfeb.org\/bih\/wp-json\/wp\/v2\/comments?post=280"}],"version-history":[{"count":6,"href":"https:\/\/gfeb.org\/bih\/wp-json\/wp\/v2\/pages\/280\/revisions"}],"predecessor-version":[{"id":913,"href":"https:\/\/gfeb.org\/bih\/wp-json\/wp\/v2\/pages\/280\/revisions\/913"}],"wp:attachment":[{"href":"https:\/\/gfeb.org\/bih\/wp-json\/wp\/v2\/media?parent=280"}],"curies":[{"name":"wp","href":"https:\/\/api.w.org\/{rel}","templated":true}]}}