{"id":78,"date":"2024-02-03T16:49:17","date_gmt":"2024-02-03T16:49:17","guid":{"rendered":"https:\/\/gfeb.org\/bih\/?page_id=78"},"modified":"2024-03-07T18:29:56","modified_gmt":"2024-03-07T18:29:56","slug":"about","status":"publish","type":"page","link":"https:\/\/gfeb.org\/bih\/about\/","title":{"rendered":"about"},"content":{"rendered":"<p>[et_pb_section fb_built=&#8221;1&#8243; next_background_color=&#8221;#ffffff&#8221; _builder_version=&#8221;4.24.0&#8243; _module_preset=&#8221;default&#8221; use_background_color_gradient=&#8221;on&#8221; background_color_gradient_direction=&#8221;270deg&#8221; background_color_gradient_stops=&#8221;#5a7414 0%|#1f5100 100%&#8221; bottom_divider_style=&#8221;wave&#8221; bottom_divider_height=&#8221;32px&#8221; global_colors_info=&#8221;{}&#8221;][et_pb_row _builder_version=&#8221;4.24.0&#8243; _module_preset=&#8221;default&#8221; global_colors_info=&#8221;{}&#8221;][et_pb_column type=&#8221;4_4&#8243; _builder_version=&#8221;4.24.0&#8243; _module_preset=&#8221;default&#8221; global_colors_info=&#8221;{}&#8221;][et_pb_text _builder_version=&#8221;4.24.0&#8243; _module_preset=&#8221;default&#8221; header_text_align=&#8221;center&#8221; header_text_color=&#8221;#FFFFFF&#8221; hover_enabled=&#8221;0&#8243; global_colors_info=&#8221;{}&#8221; sticky_enabled=&#8221;0&#8243;]<\/p>\n<h1>O projektu<\/h1>\n<p>[\/et_pb_text][\/et_pb_column][\/et_pb_row][\/et_pb_section][et_pb_section fb_built=&#8221;1&#8243; _builder_version=&#8221;4.24.0&#8243; _module_preset=&#8221;default&#8221; min_height=&#8221;475.7px&#8221; custom_padding=&#8221;3px||5px|||&#8221; global_colors_info=&#8221;{}&#8221;][et_pb_row _builder_version=&#8221;4.24.0&#8243; _module_preset=&#8221;default&#8221; min_height=&#8221;98px&#8221; custom_padding=&#8221;||5px|||&#8221; global_colors_info=&#8221;{}&#8221;][et_pb_column type=&#8221;4_4&#8243; _builder_version=&#8221;4.24.0&#8243; _module_preset=&#8221;default&#8221; global_colors_info=&#8221;{}&#8221;][et_pb_text _builder_version=&#8221;4.24.0&#8243; _module_preset=&#8221;default&#8221; custom_padding=&#8221;2px||||false|false&#8221; hover_enabled=&#8221;0&#8243; global_colors_info=&#8221;{}&#8221; sticky_enabled=&#8221;0&#8243;]<\/p>\n<p style=\"text-align: justify;\">Projekat G-FEB ima za cilj unapre\u0111enje sistema stru\u010dnog obrazovanja i obuke (VET) u regionu Balkana stvaranjem inovativnih, tr\u017ei\u0161no specifi\u010dnih edukativnih re\u0161enja.<\/p>\n<p style=\"text-align: justify;\">Ova rje\u0161enja \u0107e ponuditi mogu\u0107nosti cjelo\u017eivotnog u\u010denja i promovisati razvoj zelenih vje\u0161tina i vje\u0161tina odr\u017eivosti me\u0111u poduzetnicama. Projekat se odnosi na prevladavanje nekoliko izazova u regionu Balkana i u Turskoj, uklju\u010duju\u0107i nizak kvalitet stru\u010dnog obrazovanje i obuke, nezaposlenost, posebno me\u0111u \u017eenama i ranjivim kategorijama, neuskla\u0111enost vje\u0161tina sa tr\u017ei\u0161tem rada i nedostatak zelenih inicijativa.<\/p>\n<p>[\/et_pb_text][\/et_pb_column][\/et_pb_row][et_pb_row _builder_version=&#8221;4.24.0&#8243; _module_preset=&#8221;default&#8221; custom_margin=&#8221;|auto|-22px|auto||&#8221; custom_padding=&#8221;3px|||||&#8221; global_colors_info=&#8221;{}&#8221;][et_pb_column type=&#8221;4_4&#8243; _builder_version=&#8221;4.24.0&#8243; _module_preset=&#8221;default&#8221; global_colors_info=&#8221;{}&#8221;][et_pb_image src=&#8221;https:\/\/gfeb.org\/bih\/wp-content\/uploads\/sites\/4\/2024\/02\/about.jpg&#8221; title_text=&#8221;about&#8221; _builder_version=&#8221;4.24.0&#8243; _module_preset=&#8221;default&#8221; custom_margin=&#8221;||-2px|||&#8221; global_colors_info=&#8221;{}&#8221;][\/et_pb_image][\/et_pb_column][\/et_pb_row][\/et_pb_section][et_pb_section fb_built=&#8221;1&#8243; _builder_version=&#8221;4.24.0&#8243; _module_preset=&#8221;default&#8221; custom_padding=&#8221;0px|||||&#8221; global_colors_info=&#8221;{}&#8221;][et_pb_row _builder_version=&#8221;4.24.0&#8243; _module_preset=&#8221;default&#8221; min_height=&#8221;368px&#8221; custom_padding=&#8221;3px|||||&#8221; global_colors_info=&#8221;{}&#8221;][et_pb_column type=&#8221;4_4&#8243; _builder_version=&#8221;4.24.0&#8243; _module_preset=&#8221;default&#8221; global_colors_info=&#8221;{}&#8221;][et_pb_text _builder_version=&#8221;4.24.0&#8243; _module_preset=&#8221;default&#8221; custom_margin=&#8221;-8px|||||&#8221; custom_padding=&#8221;2px||||false|false&#8221; hover_enabled=&#8221;0&#8243; global_colors_info=&#8221;{}&#8221; sticky_enabled=&#8221;0&#8243;]<\/p>\n<p style=\"text-align: justify;\">Ciljevi projekta obuhvataju razvoj VET kurikuluma o zelenom poduzetni\u0161tvu, premo\u0161\u0107avanje jaza izme\u0111u sektora stru\u010dnog obrazovanja i tr\u017ei\u0161ta rada, kreiranje i ja\u010danje kapaciteta VET nastavnika i trenera, ja\u010danje saradnje izme\u0111u javnih i privatnih institucija i u\u010desnika, razvoj zelenih i digitalnih vje\u0161tina VET nastavnika, trenera i poduzetnica i obuke za \u017eene u zelenom poduzetni\u0161tvu.<\/p>\n<p style=\"text-align: justify;\">Konzorcijum \u010dini osam organizacija iz Gr\u010dke, Albanije, Bosne i Hercegovine, Sjeverne Makedonije, Crne Gore, Turske i Austrije. Navedeni partneri \u0107e iskoristiti svoje ekspertize u stru\u010dnom obrazovanju i obuci, podr\u017eavati poduzetnica i olak\u0161avati pristup tr\u017ei\u0161tu rada, kako bi ostvarili visoko kvalitetne rezultate i maksimizirali uticaj na ciljne grupe.<\/p>\n<p style=\"text-align: justify;\">Projekat G-FEB je dizajniran kako bi se naglasio zna\u010daj stru\u010dnog obrazovanja u sektoru zelenog poduzetni\u0161tva i odgovornosti zajednice u transvormaciji ka zelenijim, odr\u017eivijim praksama, u kombinaciji s pametnom specijalizacijom i digitalizacijom.<\/p>\n<p style=\"text-align: justify;\">Ukratko o projekta uticaju na razli\u010dite ciljne grupe:<\/p>\n<p style=\"text-align: justify;\"><strong>Organizacije u\u010desnice:<\/strong><\/p>\n<ol style=\"text-align: justify;\">\n<li>Unaprijedi\u0107e se stru\u010dnost u zelenijim praksama i uskladiti se sa metodama uticaja na \u017eivotnu sredinu, \u0161to \u0107e pru\u017eiti podr\u0161ku zelenim preduze\u0107ima.<\/li>\n<li>Programe obuka i mobilnosti \u0107e ocjenjivati u\u010desnici i zainteresovane strane i time \u0107e se dobiti povratne informacije za unapre\u0111enje programa\/aktivnosti, kako bi bili kvalitetniji i prepoznatljiviji.<\/li>\n<li>Mre\u017ee saradnika \u0107e se \u0161iriti s obzirom na to da 8 organizacija u ovom partnerstvu sara\u0111uju sa svojim zainteresovanim stranama, podsti\u010du\u0107i budu\u0107u saradnju.<\/li>\n<li>Ste\u0107i \u0107e iskustvo u upravljanju EU projektima, u\u010diti o radnom ambijentu u EU okvirima i ja\u010dati korporativne kapacitete.<\/li>\n<\/ol>\n<p style=\"text-align: justify;\"><strong>Treneri i polaznici obuka:<\/strong><\/p>\n<ol style=\"text-align: justify;\">\n<li>Ima\u0107e mogu\u0107nosti za transnacionalno u\u010denje kroz obuke i studijske posjete tokom kojih \u0107e ste\u0107i nova znanja i dobiti informacije.<\/li>\n<li>Unaprijedi\u0107e svoje vje\u0161tine razmjenom prethodnih praksi i sticanjem novih vje\u0161tina iz programa obuke.<\/li>\n<li>Profesionalna mre\u017ea \u0107e se pro\u0161iriti uspostavljanjem kontakata sa zainteresovanim stranama iz drugih zemalja u\u010desnica.<\/li>\n<li>Poja\u010da\u0107e se uloga ambasadora zelenih praksi, djeluju\u0107i kao most izme\u0111u ovog novog pristupa i malih i srednjih preduze\u0107a.<\/li>\n<\/ol>\n<p style=\"text-align: justify;\"><strong>Mala i srednja preduze\u0107a \u2013 MSP:<\/strong><\/p>\n<ol style=\"text-align: justify;\">\n<li>Obezbijedi\u0107e materijale i kadrove osposobljene za primjenu zelenije perspektive.<\/li>\n<li>Direktno \u0107e dobiti rezultate projekta za implementaciju, podsti\u010duc\u0301i dalja istra\u017eivanja u cilju usvajanja zelenije prakse u poslovnom sektoru.<\/li>\n<li>Upozna\u0107e se sa Erasmus programima i organizacijama s iskustvom u njihovom sprovo\u0111enju, \u0161to mo\u017ee dovesti do potencijalne budu\u0107e saradnje.<\/li>\n<\/ol>\n<p style=\"text-align: justify;\"><strong>VET institucije:<\/strong><\/p>\n<ol style=\"text-align: justify;\">\n<li>Na bolji na\u010din \u0107e identifikovati slabosti kroz materijale za obuku koje \u0107e obezbijediti G-FEB.<\/li>\n<\/ol>\n<p style=\"text-align: justify;\">2. Anga\u017eova\u0107e ljude iz osetljivih kategorija, posebno \u017eene.<\/p>\n<p>[\/et_pb_text][\/et_pb_column][\/et_pb_row][\/et_pb_section]<\/p>\n","protected":false},"excerpt":{"rendered":"<p>O projektuProjekat G-FEB ima za cilj unapre\u0111enje sistema stru\u010dnog obrazovanja i obuke (VET) u regionu Balkana stvaranjem inovativnih, tr\u017ei\u0161no specifi\u010dnih edukativnih re\u0161enja. Ova rje\u0161enja \u0107e ponuditi mogu\u0107nosti cjelo\u017eivotnog u\u010denja i promovisati razvoj zelenih vje\u0161tina i vje\u0161tina odr\u017eivosti me\u0111u poduzetnicama. Projekat se odnosi na prevladavanje nekoliko izazova u regionu Balkana i u Turskoj, uklju\u010duju\u0107i nizak kvalitet [&hellip;]<\/p>\n","protected":false},"author":1,"featured_media":0,"parent":0,"menu_order":0,"comment_status":"closed","ping_status":"closed","template":"","meta":{"_et_pb_use_builder":"on","_et_pb_old_content":"","_et_gb_content_width":"","footnotes":""},"class_list":["post-78","page","type-page","status-publish","hentry"],"_links":{"self":[{"href":"https:\/\/gfeb.org\/bih\/wp-json\/wp\/v2\/pages\/78","targetHints":{"allow":["GET"]}}],"collection":[{"href":"https:\/\/gfeb.org\/bih\/wp-json\/wp\/v2\/pages"}],"about":[{"href":"https:\/\/gfeb.org\/bih\/wp-json\/wp\/v2\/types\/page"}],"author":[{"embeddable":true,"href":"https:\/\/gfeb.org\/bih\/wp-json\/wp\/v2\/users\/1"}],"replies":[{"embeddable":true,"href":"https:\/\/gfeb.org\/bih\/wp-json\/wp\/v2\/comments?post=78"}],"version-history":[{"count":14,"href":"https:\/\/gfeb.org\/bih\/wp-json\/wp\/v2\/pages\/78\/revisions"}],"predecessor-version":[{"id":915,"href":"https:\/\/gfeb.org\/bih\/wp-json\/wp\/v2\/pages\/78\/revisions\/915"}],"wp:attachment":[{"href":"https:\/\/gfeb.org\/bih\/wp-json\/wp\/v2\/media?parent=78"}],"curies":[{"name":"wp","href":"https:\/\/api.w.org\/{rel}","templated":true}]}}