{"id":98,"date":"2024-02-03T16:51:46","date_gmt":"2024-02-03T16:51:46","guid":{"rendered":"https:\/\/gfeb.org\/bih\/?page_id=98"},"modified":"2025-03-19T11:58:09","modified_gmt":"2025-03-19T11:58:09","slug":"home","status":"publish","type":"page","link":"https:\/\/gfeb.org\/bih\/","title":{"rendered":"Home"},"content":{"rendered":"<p>[et_pb_section fb_built=&#8221;1&#8243; next_background_color=&#8221;#ffffff&#8221; _builder_version=&#8221;4.24.0&#8243; _module_preset=&#8221;default&#8221; use_background_color_gradient=&#8221;on&#8221; background_color_gradient_direction=&#8221;270deg&#8221; background_color_gradient_stops=&#8221;#5a7414 0%|#1f5100 100%&#8221; custom_padding=&#8221;15px|||||&#8221; bottom_divider_style=&#8221;wave&#8221; bottom_divider_height=&#8221;37px&#8221; global_colors_info=&#8221;{}&#8221;][et_pb_row column_structure=&#8221;2_5,3_5&#8243; make_equal=&#8221;on&#8221; _builder_version=&#8221;4.24.0&#8243; _module_preset=&#8221;default&#8221; custom_margin=&#8221;|auto|-12px|auto||&#8221; global_colors_info=&#8221;{}&#8221;][et_pb_column type=&#8221;2_5&#8243; _builder_version=&#8221;4.24.0&#8243; _module_preset=&#8221;default&#8221; global_colors_info=&#8221;{}&#8221;][et_pb_text _builder_version=&#8221;4.24.0&#8243; _module_preset=&#8221;default&#8221; text_text_color=&#8221;#FFFFFF&#8221; header_font=&#8221;|600|||||||&#8221; header_text_color=&#8221;#FFFFFF&#8221; header_font_size=&#8221;31px&#8221; header_line_height=&#8221;1.2em&#8221; width=&#8221;100%&#8221; custom_padding=&#8221;|0px||||&#8221; global_colors_info=&#8221;{}&#8221;]<\/p>\n<h1><strong>Zelena tranzicija<\/strong><br \/><span style=\"color: #a3cf01;\">biznisa \u017eena<\/span><br \/>na Balkanu<\/h1>\n<p>[\/et_pb_text][et_pb_button button_url=&#8221;\/bih\/about&#8221; button_text=&#8221;Saznaj vi\u0161e&#8221; _builder_version=&#8221;4.24.0&#8243; _module_preset=&#8221;default&#8221; custom_button=&#8221;on&#8221; button_text_size=&#8221;16px&#8221; button_border_width=&#8221;2px&#8221; button_border_color=&#8221;#FFFFFF&#8221; button_border_radius=&#8221;10px&#8221; button_letter_spacing=&#8221;1px&#8221; background_layout=&#8221;dark&#8221; animation_style=&#8221;fade&#8221; animation_duration=&#8221;1600ms&#8221; global_colors_info=&#8221;{}&#8221; button_bg_color__hover_enabled=&#8221;on|hover&#8221; button_bg_color__hover=&#8221;RGBA(255,255,255,0)&#8221; button_bg_enable_color__hover=&#8221;on&#8221; button_border_width__hover_enabled=&#8221;on|hover&#8221; button_border_width__hover=&#8221;2px&#8221; button_border_color__hover_enabled=&#8221;on|hover&#8221; button_border_color__hover=&#8221;#FFFFFF&#8221;][\/et_pb_button][et_pb_button button_url=&#8221;https:\/\/gfeb.org\/collaboration\/&#8221; button_text=&#8221;Saradnja&#8221; _builder_version=&#8221;4.24.0&#8243; _module_preset=&#8221;default&#8221; custom_button=&#8221;on&#8221; button_text_size=&#8221;16px&#8221; button_text_color=&#8221;#0A0000&#8243; button_bg_color=&#8221;#A3CF01&#8243; button_border_color=&#8221;#FFFFFF&#8221; button_border_radius=&#8221;12px&#8221; button_letter_spacing=&#8221;1px&#8221; hover_enabled=&#8221;0&#8243; locked=&#8221;off&#8221; global_colors_info=&#8221;{}&#8221; sticky_enabled=&#8221;0&#8243;][\/et_pb_button][\/et_pb_column][et_pb_column type=&#8221;3_5&#8243; _builder_version=&#8221;4.24.0&#8243; _module_preset=&#8221;default&#8221; global_colors_info=&#8221;{}&#8221;][et_pb_image src=&#8221;https:\/\/gfeb.org\/bih\/wp-content\/uploads\/sites\/4\/2024\/02\/option03.png&#8221; title_text=&#8221;option03&#8243; _builder_version=&#8221;4.24.0&#8243; _module_preset=&#8221;default&#8221; width=&#8221;99.8%&#8221; custom_margin=&#8221;|||-26px||&#8221; animation_style=&#8221;slide&#8221; animation_direction=&#8221;right&#8221; global_colors_info=&#8221;{}&#8221;][\/et_pb_image][\/et_pb_column][\/et_pb_row][\/et_pb_section][et_pb_section fb_built=&#8221;1&#8243; _builder_version=&#8221;4.24.0&#8243; _module_preset=&#8221;default&#8221; custom_padding=&#8221;||80px||false|false&#8221; global_colors_info=&#8221;{}&#8221;][et_pb_row column_structure=&#8221;1_3,1_3,1_3&#8243; use_custom_gutter=&#8221;on&#8221; gutter_width=&#8221;1&#8243; _builder_version=&#8221;4.24.0&#8243; _module_preset=&#8221;default&#8221; custom_margin=&#8221;-139px||||false|false&#8221; custom_padding=&#8221;1px|||||&#8221; global_colors_info=&#8221;{}&#8221;][et_pb_column type=&#8221;1_3&#8243; _builder_version=&#8221;4.24.0&#8243; _module_preset=&#8221;default&#8221; global_colors_info=&#8221;{}&#8221;][et_pb_blurb title=&#8221;Idi ka zelenom&#8221; use_icon=&#8221;on&#8221; font_icon=&#8221;&#xf18c;||fa||400&#8243; icon_color=&#8221;#5A7414&#8243; image_icon_background_color=&#8221;#A3CF01&#8243; icon_placement=&#8221;left&#8221; _builder_version=&#8221;4.24.0&#8243; _module_preset=&#8221;default&#8221; header_font=&#8221;|700|||||||&#8221; header_text_color=&#8221;#5A7414&#8243; body_font_size=&#8221;13px&#8221; background_color=&#8221;#FFFFFF&#8221; custom_margin=&#8221;22px|22px|22px|22px|true|true&#8221; custom_padding=&#8221;22px|22px|22px|22px|true|true&#8221; animation_style=&#8221;slide&#8221; animation_direction=&#8221;bottom&#8221; border_radii=&#8221;on|13px|13px|13px|13px&#8221; border_radii_image=&#8221;on|16px|16px|16px|16px&#8221; border_width_all_image=&#8221;13px&#8221; border_color_all_image=&#8221;#A3CF01&#8243; box_shadow_style=&#8221;preset1&#8243; global_colors_info=&#8221;{}&#8221;]<\/p>\n<p>Pribli\u017eavanje koncepta zelenog poduzetni\u0161tva poduzetnicama u regionu<\/p>\n<p>[\/et_pb_blurb][\/et_pb_column][et_pb_column type=&#8221;1_3&#8243; _builder_version=&#8221;4.24.0&#8243; _module_preset=&#8221;default&#8221; global_colors_info=&#8221;{}&#8221;][et_pb_blurb title=&#8221;Educiraj se&#8221; use_icon=&#8221;on&#8221; font_icon=&#8221;&#xf0eb;||fa||900&#8243; icon_color=&#8221;#5A7414&#8243; image_icon_background_color=&#8221;#A3CF01&#8243; icon_placement=&#8221;left&#8221; _builder_version=&#8221;4.24.0&#8243; _module_preset=&#8221;default&#8221; header_font=&#8221;|700|||||||&#8221; header_text_color=&#8221;#5A7414&#8243; body_font_size=&#8221;13px&#8221; background_color=&#8221;#FFFFFF&#8221; custom_margin=&#8221;22px|22px|22px|22px|true|true&#8221; custom_padding=&#8221;22px|22px|22px|22px|true|true&#8221; animation_style=&#8221;slide&#8221; animation_direction=&#8221;bottom&#8221; border_radii=&#8221;on|13px|13px|13px|13px&#8221; border_radii_image=&#8221;on|16px|16px|16px|16px&#8221; border_width_all_image=&#8221;13px&#8221; border_color_all_image=&#8221;#A3CF01&#8243; box_shadow_style=&#8221;preset1&#8243; global_colors_info=&#8221;{}&#8221;]<\/p>\n<p>Edukacija \u017eena o poslovanju u eko segmentu, kroz inkluzivne nastavne metode<\/p>\n<p>[\/et_pb_blurb][\/et_pb_column][et_pb_column type=&#8221;1_3&#8243; _builder_version=&#8221;4.24.0&#8243; _module_preset=&#8221;default&#8221; global_colors_info=&#8221;{}&#8221;][et_pb_blurb title=&#8221;Predstavi&#8221; use_icon=&#8221;on&#8221; font_icon=&#8221;&#xf130;||fa||900&#8243; icon_color=&#8221;#5A7414&#8243; image_icon_background_color=&#8221;#A3CF01&#8243; icon_placement=&#8221;left&#8221; _builder_version=&#8221;4.24.0&#8243; _module_preset=&#8221;default&#8221; header_font=&#8221;|700|||||||&#8221; header_text_color=&#8221;#5A7414&#8243; body_font_size=&#8221;13px&#8221; background_color=&#8221;#FFFFFF&#8221; custom_margin=&#8221;22px|22px|22px|22px|true|true&#8221; custom_padding=&#8221;22px|22px|22px|22px|true|true&#8221; animation_style=&#8221;slide&#8221; animation_direction=&#8221;bottom&#8221; border_radii=&#8221;on|13px|13px|13px|13px&#8221; border_radii_image=&#8221;on|16px|16px|16px|16px&#8221; border_width_all_image=&#8221;13px&#8221; border_color_all_image=&#8221;#A3CF01&#8243; box_shadow_style=&#8221;preset1&#8243; global_colors_info=&#8221;{}&#8221;]<\/p>\n<p>Predstavljanje primjera dobre prakse i studije slu\u010dajajeva \u017eena u biznisu i zelenoj ekonomiji<\/p>\n<p>[\/et_pb_blurb][\/et_pb_column][\/et_pb_row][\/et_pb_section][et_pb_section fb_built=&#8221;1&#8243; next_background_color=&#8221;#ffffff&#8221; _builder_version=&#8221;4.24.0&#8243; _module_preset=&#8221;default&#8221; use_background_color_gradient=&#8221;on&#8221; background_color_gradient_direction=&#8221;270deg&#8221; background_color_gradient_stops=&#8221;#5a7414 0%|#1f5100 100%&#8221; custom_padding=&#8221;||79px||false|false&#8221; bottom_divider_style=&#8221;wave&#8221; bottom_divider_height=&#8221;40px&#8221; global_colors_info=&#8221;{}&#8221;][et_pb_row column_structure=&#8221;1_2,1_2&#8243; _builder_version=&#8221;4.24.0&#8243; _module_preset=&#8221;default&#8221; global_colors_info=&#8221;{}&#8221;][et_pb_column type=&#8221;1_2&#8243; _builder_version=&#8221;4.24.0&#8243; _module_preset=&#8221;default&#8221; global_colors_info=&#8221;{}&#8221;][et_pb_gallery gallery_ids=&#8221;121,122,120&#8243; fullwidth=&#8221;on&#8221; _builder_version=&#8221;4.24.0&#8243; _module_preset=&#8221;default&#8221; auto=&#8221;on&#8221; auto_speed=&#8221;1700&#8243; global_colors_info=&#8221;{}&#8221;][\/et_pb_gallery][\/et_pb_column][et_pb_column type=&#8221;1_2&#8243; _builder_version=&#8221;4.24.0&#8243; _module_preset=&#8221;default&#8221; global_colors_info=&#8221;{}&#8221;][et_pb_text _builder_version=&#8221;4.24.0&#8243; _module_preset=&#8221;default&#8221; text_text_color=&#8221;#FFFFFF&#8221; header_text_color=&#8221;#FFFFFF&#8221; header_font_size=&#8221;28px&#8221; header_2_font=&#8221;|600|||||||&#8221; header_2_text_color=&#8221;#FFFFFF&#8221; header_3_text_color=&#8221;#FFFFFF&#8221; text_orientation=&#8221;justified&#8221; global_colors_info=&#8221;{}&#8221;]<\/p>\n<h2>O projektu<\/h2>\n<p>Projekat je fokusiran na unapre\u0111enje sistema stru\u010dnog obrazovanja i obuka (VET) u regionu Balkana. Navedeno \u0107e se posti\u0107i uvo\u0111enjem inovativnih, tr\u017ei\u0161no orijentisanih rje\u0161enja za obuku, koja \u0107e pru\u017eiti mogu\u0107nosti za cjelo\u017eivotno u\u010denje i razvoj zelenih vje\u0161tina i vje\u0161tina odr\u017eivosti za poduzetnice.<br \/>Projekat \u0107e se odnositi na prevladavanje nekoliko izazova u regionu Balkana i u Turskoj, kao \u0161to su nizak kvalitet stru\u010dnog obrazovanja i obuke, nedostatak obrazovanja i obuke u zelenom sektoru, visoke stope nezaposlenosti, posebno me\u0111u \u017eenama i drugim ranjivim kategorijama, neuskla\u0111enost izme\u0111u vje\u0161tina i tr\u017ei\u0161ta rada, te nedostatak zelenih inicijativa u regionu.<\/p>\n<p>[\/et_pb_text][et_pb_button button_url=&#8221;\/bih\/about&#8221; button_text=&#8221;Saznaj vi\u0161e&#8221; _builder_version=&#8221;4.24.0&#8243; _module_preset=&#8221;default&#8221; custom_button=&#8221;on&#8221; button_text_size=&#8221;16px&#8221; button_border_width=&#8221;2px&#8221; button_border_color=&#8221;#FFFFFF&#8221; button_border_radius=&#8221;10px&#8221; button_letter_spacing=&#8221;1px&#8221; background_layout=&#8221;dark&#8221; animation_style=&#8221;fade&#8221; animation_duration=&#8221;1600ms&#8221; locked=&#8221;off&#8221; global_colors_info=&#8221;{}&#8221; button_bg_color__hover_enabled=&#8221;on|hover&#8221; button_bg_color__hover=&#8221;RGBA(255,255,255,0)&#8221; button_bg_enable_color__hover=&#8221;on&#8221; button_border_width__hover_enabled=&#8221;on|hover&#8221; button_border_width__hover=&#8221;2px&#8221; button_border_color__hover_enabled=&#8221;on|hover&#8221; button_border_color__hover=&#8221;#FFFFFF&#8221;][\/et_pb_button][\/et_pb_column][\/et_pb_row][\/et_pb_section][et_pb_section fb_built=&#8221;1&#8243; _builder_version=&#8221;4.24.0&#8243; _module_preset=&#8221;default&#8221; custom_padding=&#8221;||11px|||&#8221; global_colors_info=&#8221;{}&#8221;][et_pb_row _builder_version=&#8221;4.24.0&#8243; _module_preset=&#8221;default&#8221; global_colors_info=&#8221;{}&#8221;][et_pb_column type=&#8221;4_4&#8243; _builder_version=&#8221;4.24.0&#8243; _module_preset=&#8221;default&#8221; global_colors_info=&#8221;{}&#8221;][et_pb_text _builder_version=&#8221;4.24.0&#8243; _module_preset=&#8221;default&#8221; text_text_color=&#8221;#A3CF01&#8243; header_2_font=&#8221;|700|||||||&#8221; header_2_text_align=&#8221;center&#8221; header_2_text_color=&#8221;#5A7414&#8243; global_colors_info=&#8221;{}&#8221;]<\/p>\n<h2>Partneri<\/h2>\n<p>[\/et_pb_text][\/et_pb_column][\/et_pb_row][et_pb_row column_structure=&#8221;1_4,1_4,1_4,1_4&#8243; use_custom_gutter=&#8221;on&#8221; gutter_width=&#8221;2&#8243; _builder_version=&#8221;4.24.0&#8243; _module_preset=&#8221;default&#8221; global_colors_info=&#8221;{}&#8221;][et_pb_column type=&#8221;1_4&#8243; _builder_version=&#8221;4.24.0&#8243; _module_preset=&#8221;default&#8221; global_colors_info=&#8221;{}&#8221;][et_pb_image src=&#8221;https:\/\/gfeb.org\/bih\/wp-content\/uploads\/sites\/4\/2024\/02\/SEGE.png&#8221; title_text=&#8221;SEGE&#8221; _builder_version=&#8221;4.24.0&#8243; _module_preset=&#8221;default&#8221; global_colors_info=&#8221;{}&#8221;][\/et_pb_image][\/et_pb_column][et_pb_column type=&#8221;1_4&#8243; _builder_version=&#8221;4.24.0&#8243; _module_preset=&#8221;default&#8221; global_colors_info=&#8221;{}&#8221;][et_pb_image src=&#8221;https:\/\/gfeb.org\/bih\/wp-content\/uploads\/sites\/4\/2024\/02\/AAIE.png&#8221; title_text=&#8221;AAIE&#8221; _builder_version=&#8221;4.24.0&#8243; _module_preset=&#8221;default&#8221; global_colors_info=&#8221;{}&#8221;][\/et_pb_image][\/et_pb_column][et_pb_column type=&#8221;1_4&#8243; _builder_version=&#8221;4.24.0&#8243; _module_preset=&#8221;default&#8221; global_colors_info=&#8221;{}&#8221;][et_pb_image src=&#8221;https:\/\/gfeb.org\/bih\/wp-content\/uploads\/sites\/4\/2024\/02\/UPZ.png&#8221; title_text=&#8221;UPZ&#8221; _builder_version=&#8221;4.24.0&#8243; _module_preset=&#8221;default&#8221; global_colors_info=&#8221;{}&#8221;][\/et_pb_image][\/et_pb_column][et_pb_column type=&#8221;1_4&#8243; _builder_version=&#8221;4.24.0&#8243; _module_preset=&#8221;default&#8221; global_colors_info=&#8221;{}&#8221;][et_pb_image src=&#8221;https:\/\/gfeb.org\/bih\/wp-content\/uploads\/sites\/4\/2024\/02\/ABW.png&#8221; title_text=&#8221;ABW&#8221; _builder_version=&#8221;4.24.0&#8243; _module_preset=&#8221;default&#8221; global_colors_info=&#8221;{}&#8221;][\/et_pb_image][\/et_pb_column][\/et_pb_row][et_pb_row column_structure=&#8221;1_4,1_4,1_4,1_4&#8243; use_custom_gutter=&#8221;on&#8221; gutter_width=&#8221;2&#8243; _builder_version=&#8221;4.24.0&#8243; _module_preset=&#8221;default&#8221; global_colors_info=&#8221;{}&#8221;][et_pb_column type=&#8221;1_4&#8243; _builder_version=&#8221;4.24.0&#8243; _module_preset=&#8221;default&#8221; global_colors_info=&#8221;{}&#8221;][et_pb_image src=&#8221;https:\/\/gfeb.org\/bih\/wp-content\/uploads\/sites\/4\/2024\/02\/APZ.png&#8221; title_text=&#8221;APZ&#8221; _builder_version=&#8221;4.24.0&#8243; _module_preset=&#8221;default&#8221; global_colors_info=&#8221;{}&#8221;][\/et_pb_image][\/et_pb_column][et_pb_column type=&#8221;1_4&#8243; _builder_version=&#8221;4.24.0&#8243; _module_preset=&#8221;default&#8221; global_colors_info=&#8221;{}&#8221;][et_pb_image src=&#8221;https:\/\/gfeb.org\/bih\/wp-content\/uploads\/sites\/4\/2024\/02\/KAGIDER.png&#8221; title_text=&#8221;KAGIDER&#8221; _builder_version=&#8221;4.24.0&#8243; _module_preset=&#8221;default&#8221; global_colors_info=&#8221;{}&#8221;][\/et_pb_image][et_pb_button button_url=&#8221;\/about&#8221; button_text=&#8221;Learn more&#8221; _builder_version=&#8221;4.24.0&#8243; _module_preset=&#8221;default&#8221; custom_button=&#8221;on&#8221; button_text_size=&#8221;16px&#8221; button_border_width=&#8221;2px&#8221; button_border_color=&#8221;#FFFFFF&#8221; button_border_radius=&#8221;10px&#8221; button_letter_spacing=&#8221;1px&#8221; background_layout=&#8221;dark&#8221; animation_style=&#8221;fade&#8221; animation_duration=&#8221;1600ms&#8221; locked=&#8221;off&#8221; global_colors_info=&#8221;{}&#8221; button_bg_color__hover_enabled=&#8221;on|hover&#8221; button_bg_color__hover=&#8221;RGBA(255,255,255,0)&#8221; button_bg_enable_color__hover=&#8221;on&#8221; button_border_width__hover_enabled=&#8221;on|hover&#8221; button_border_width__hover=&#8221;2px&#8221; button_border_color__hover_enabled=&#8221;on|hover&#8221; button_border_color__hover=&#8221;#FFFFFF&#8221;][\/et_pb_button][\/et_pb_column][et_pb_column type=&#8221;1_4&#8243; _builder_version=&#8221;4.24.0&#8243; _module_preset=&#8221;default&#8221; global_colors_info=&#8221;{}&#8221;][et_pb_image src=&#8221;https:\/\/gfeb.org\/bih\/wp-content\/uploads\/sites\/4\/2024\/02\/WECA.png&#8221; title_text=&#8221;WECA&#8221; _builder_version=&#8221;4.24.0&#8243; _module_preset=&#8221;default&#8221; global_colors_info=&#8221;{}&#8221;][\/et_pb_image][\/et_pb_column][et_pb_column type=&#8221;1_4&#8243; _builder_version=&#8221;4.24.0&#8243; _module_preset=&#8221;default&#8221; global_colors_info=&#8221;{}&#8221;][et_pb_image src=&#8221;https:\/\/gfeb.org\/bih\/wp-content\/uploads\/sites\/4\/2024\/02\/BEST.png&#8221; title_text=&#8221;BEST&#8221; _builder_version=&#8221;4.24.0&#8243; _module_preset=&#8221;default&#8221; global_colors_info=&#8221;{}&#8221;][\/et_pb_image][\/et_pb_column][\/et_pb_row][\/et_pb_section][et_pb_section fb_built=&#8221;1&#8243; next_background_color=&#8221;#ffffff&#8221; _builder_version=&#8221;4.24.0&#8243; _module_preset=&#8221;default&#8221; use_background_color_gradient=&#8221;on&#8221; background_color_gradient_direction=&#8221;270deg&#8221; background_color_gradient_stops=&#8221;#5a7414 0%|#1f5100 100%&#8221; bottom_divider_style=&#8221;wave&#8221; bottom_divider_height=&#8221;40px&#8221; global_colors_info=&#8221;{}&#8221;][et_pb_row column_structure=&#8221;1_2,1_2&#8243; _builder_version=&#8221;4.24.0&#8243; _module_preset=&#8221;default&#8221; global_colors_info=&#8221;{}&#8221;][et_pb_column type=&#8221;1_2&#8243; _builder_version=&#8221;4.24.0&#8243; _module_preset=&#8221;default&#8221; global_colors_info=&#8221;{}&#8221;][et_pb_text _builder_version=&#8221;4.24.0&#8243; _module_preset=&#8221;default&#8221; text_text_color=&#8221;#FFFFFF&#8221; header_text_color=&#8221;#FFFFFF&#8221; header_font_size=&#8221;28px&#8221; header_2_font=&#8221;|600|||||||&#8221; header_2_text_color=&#8221;#FFFFFF&#8221; header_3_text_color=&#8221;#FFFFFF&#8221; text_orientation=&#8221;justified&#8221; global_colors_info=&#8221;{}&#8221;]<\/p>\n<h2>Rezultati<\/h2>\n<p>Na\u0161 cilj je kreiranje online platforme s nekoliko klju\u010dnih svrha.<br \/>Platforma \u0107e prikazati primjere dobre prakse i studije slu\u010daja poduzetnica i zelenih poduzetnica iz Evrope. Tako\u0111e \u0107e ista\u0107i dobre prakse i studije slu\u010daja u sektoru stru\u010dnog obrazovanja, uklju\u010duju\u0107i metodologije obuke, metode usavr\u0161avanja i veze sa tr\u017ei\u0161tem rada. Platforma \u0107e ponuditi materijale za e-u\u010denje za nastavnike i trenere u segmentu stru\u010dnog obrazovanja i osposo-bljavanja (VET), koji \u0107e se zasnivati na VET kurikulumu za VET trenere.<\/p>\n<p>Projekat ima za cilj kreiranje privla\u010dnog vizuelnog identiteta, uklju\u010duju\u0107i logo projekta, dokument i forme za prezentaciju. Namjera je da se unaprijedi znanje i informisanje javnosti o aktivnostima, rezultatima i doga\u0111ajima projekta u razli\u010ditim partnerskim zemljama, posebno u regionu Balkana.<\/p>\n<p>Projekat \u0107e promovisati i \u0161iriti svoju viziju i ciljeve sveobuhvatno i dosljedno.<\/p>\n<p>[\/et_pb_text][\/et_pb_column][et_pb_column type=&#8221;1_2&#8243; _builder_version=&#8221;4.24.0&#8243; _module_preset=&#8221;default&#8221; global_colors_info=&#8221;{}&#8221;][et_pb_image src=&#8221;https:\/\/gfeb.org\/bih\/wp-content\/uploads\/sites\/4\/2024\/02\/gal01.jpg&#8221; title_text=&#8221;gal01&#8243; _builder_version=&#8221;4.24.0&#8243; _module_preset=&#8221;default&#8221; global_colors_info=&#8221;{}&#8221;][\/et_pb_image][\/et_pb_column][\/et_pb_row][\/et_pb_section][et_pb_section fb_built=&#8221;1&#8243; _builder_version=&#8221;4.24.0&#8243; _module_preset=&#8221;default&#8221; global_colors_info=&#8221;{}&#8221;][et_pb_row _builder_version=&#8221;4.24.0&#8243; _module_preset=&#8221;default&#8221; global_colors_info=&#8221;{}&#8221;][et_pb_column type=&#8221;4_4&#8243; _builder_version=&#8221;4.24.0&#8243; _module_preset=&#8221;default&#8221; global_colors_info=&#8221;{}&#8221;][et_pb_text _builder_version=&#8221;4.24.0&#8243; _module_preset=&#8221;default&#8221; header_2_font=&#8221;|700|||||||&#8221; header_2_text_align=&#8221;center&#8221; header_2_text_color=&#8221;#5A7414&#8243; global_colors_info=&#8221;{}&#8221;]<\/p>\n<h2>Vijesti<\/h2>\n<p>[\/et_pb_text][et_pb_blog fullwidth=&#8221;off&#8221; posts_number=&#8221;3&#8243; include_categories=&#8221;10&#8243; use_manual_excerpt=&#8221;off&#8221; _builder_version=&#8221;4.24.0&#8243; _module_preset=&#8221;default&#8221; border_width_all=&#8221;0px&#8221; border_radii_image=&#8221;off|10px|10px||&#8221; global_colors_info=&#8221;{}&#8221;][\/et_pb_blog][\/et_pb_column][\/et_pb_row][\/et_pb_section]<\/p>\n","protected":false},"excerpt":{"rendered":"<p>Zelena tranzicijabiznisa \u017eenana BalkanuPribli\u017eavanje koncepta zelenog poduzetni\u0161tva poduzetnicama u regionuEdukacija \u017eena o poslovanju u eko segmentu, kroz inkluzivne nastavne metodePredstavljanje primjera dobre prakse i studije slu\u010dajajeva \u017eena u biznisu i zelenoj ekonomijiO projektu Projekat je fokusiran na unapre\u0111enje sistema stru\u010dnog obrazovanja i obuka (VET) u regionu Balkana. Navedeno \u0107e se posti\u0107i uvo\u0111enjem inovativnih, tr\u017ei\u0161no orijentisanih [&hellip;]<\/p>\n","protected":false},"author":1,"featured_media":0,"parent":0,"menu_order":0,"comment_status":"closed","ping_status":"closed","template":"","meta":{"_et_pb_use_builder":"on","_et_pb_old_content":"","_et_gb_content_width":"","footnotes":""},"class_list":["post-98","page","type-page","status-publish","hentry"],"_links":{"self":[{"href":"https:\/\/gfeb.org\/bih\/wp-json\/wp\/v2\/pages\/98","targetHints":{"allow":["GET"]}}],"collection":[{"href":"https:\/\/gfeb.org\/bih\/wp-json\/wp\/v2\/pages"}],"about":[{"href":"https:\/\/gfeb.org\/bih\/wp-json\/wp\/v2\/types\/page"}],"author":[{"embeddable":true,"href":"https:\/\/gfeb.org\/bih\/wp-json\/wp\/v2\/users\/1"}],"replies":[{"embeddable":true,"href":"https:\/\/gfeb.org\/bih\/wp-json\/wp\/v2\/comments?post=98"}],"version-history":[{"count":28,"href":"https:\/\/gfeb.org\/bih\/wp-json\/wp\/v2\/pages\/98\/revisions"}],"predecessor-version":[{"id":985,"href":"https:\/\/gfeb.org\/bih\/wp-json\/wp\/v2\/pages\/98\/revisions\/985"}],"wp:attachment":[{"href":"https:\/\/gfeb.org\/bih\/wp-json\/wp\/v2\/media?parent=98"}],"curies":[{"name":"wp","href":"https:\/\/api.w.org\/{rel}","templated":true}]}}