{"id":276,"date":"2024-02-21T23:24:33","date_gmt":"2024-02-21T23:24:33","guid":{"rendered":"https:\/\/gfeb.org\/tr\/?page_id=276"},"modified":"2024-03-08T10:29:49","modified_gmt":"2024-03-08T10:29:49","slug":"partner-kagider","status":"publish","type":"page","link":"https:\/\/gfeb.org\/tr\/partner-kagider\/","title":{"rendered":"partner kagider"},"content":{"rendered":"<p>[et_pb_section fb_built=&#8221;1&#8243; next_background_color=&#8221;#ffffff&#8221; _builder_version=&#8221;4.24.0&#8243; _module_preset=&#8221;default&#8221; use_background_color_gradient=&#8221;on&#8221; background_color_gradient_direction=&#8221;270deg&#8221; background_color_gradient_stops=&#8221;#5a7414 0%|#1f5100 100%&#8221; bottom_divider_style=&#8221;wave&#8221; bottom_divider_height=&#8221;32px&#8221; global_colors_info=&#8221;{}&#8221;][et_pb_row _builder_version=&#8221;4.24.0&#8243; _module_preset=&#8221;default&#8221; global_colors_info=&#8221;{}&#8221;][et_pb_column type=&#8221;4_4&#8243; _builder_version=&#8221;4.24.0&#8243; _module_preset=&#8221;default&#8221; global_colors_info=&#8221;{}&#8221;][et_pb_text _builder_version=&#8221;4.24.0&#8243; _module_preset=&#8221;default&#8221; header_text_align=&#8221;center&#8221; header_text_color=&#8221;#FFFFFF&#8221; hover_enabled=&#8221;0&#8243; global_colors_info=&#8221;{}&#8221; sticky_enabled=&#8221;0&#8243;]<\/p>\n<h1>Ortak KAGIDER<\/h1>\n<p>[\/et_pb_text][\/et_pb_column][\/et_pb_row][\/et_pb_section][et_pb_section fb_built=&#8221;1&#8243; _builder_version=&#8221;4.24.0&#8243; _module_preset=&#8221;default&#8221; global_colors_info=&#8221;{}&#8221;][et_pb_row _builder_version=&#8221;4.24.0&#8243; _module_preset=&#8221;default&#8221; custom_margin=&#8221;|auto|-141px|auto||&#8221; custom_padding=&#8221;3px|||||&#8221; global_colors_info=&#8221;{}&#8221;][et_pb_column type=&#8221;4_4&#8243; _builder_version=&#8221;4.24.0&#8243; _module_preset=&#8221;default&#8221; global_colors_info=&#8221;{}&#8221;][et_pb_image src=&#8221;https:\/\/gfeb.org\/tr\/wp-content\/uploads\/sites\/5\/2024\/02\/KAGIDER.png&#8221; title_text=&#8221;KAGIDER&#8221; _builder_version=&#8221;4.24.0&#8243; _module_preset=&#8221;default&#8221; global_colors_info=&#8221;{}&#8221;][\/et_pb_image][\/et_pb_column][\/et_pb_row][\/et_pb_section][et_pb_section fb_built=&#8221;1&#8243; _builder_version=&#8221;4.24.0&#8243; _module_preset=&#8221;default&#8221; custom_padding=&#8221;0px|||||&#8221; global_colors_info=&#8221;{}&#8221;][et_pb_row _builder_version=&#8221;4.24.0&#8243; _module_preset=&#8221;default&#8221; min_height=&#8221;368px&#8221; custom_padding=&#8221;3px|||||&#8221; global_colors_info=&#8221;{}&#8221;][et_pb_column type=&#8221;4_4&#8243; _builder_version=&#8221;4.24.0&#8243; _module_preset=&#8221;default&#8221; global_colors_info=&#8221;{}&#8221;][et_pb_text _builder_version=&#8221;4.24.0&#8243; _module_preset=&#8221;default&#8221; custom_padding=&#8221;2px||||false|false&#8221; hover_enabled=&#8221;0&#8243; global_colors_info=&#8221;{}&#8221; sticky_enabled=&#8221;0&#8243;]<\/p>\n<div class=\"et_pb_module et_pb_text et_pb_text_2  et_pb_text_align_left et_pb_bg_layout_light\">\n<div class=\"et_pb_text_inner\">\n<h3><span>T\u00dcRK\u0130YE KADIN G\u0130R\u0130\u015e\u0130MC\u0130LER DERNE\u011e\u0130 (KAG\u0130DER)<\/span><\/h3>\n<\/div>\n<\/div>\n<p>[\/et_pb_text][et_pb_text _builder_version=&#8221;4.24.0&#8243; _module_preset=&#8221;default&#8221; custom_padding=&#8221;2px||||false|false&#8221; hover_enabled=&#8221;0&#8243; global_colors_info=&#8221;{}&#8221; sticky_enabled=&#8221;0&#8243;]<\/p>\n<p style=\"text-align: justify;\">T\u00fcrkiye Kad\u0131n Giri\u015fimciler Derne\u011fi (KAG\u0130DER), kad\u0131nlar\u0131 giri\u015fimcilik arac\u0131l\u0131\u011f\u0131yla g\u00fc\u00e7lendirmeyi ama\u00e7layan bir sivil toplum kurulu\u015fudur. T\u00fcrkiye Kad\u0131n Giri\u015fimciler Derne\u011fi, Eyl\u00fcl 2002&#8217;de T\u00fcrkiye&#8217;de faaliyet g\u00f6steren 37 kad\u0131n giri\u015fimci taraf\u0131ndan kurulan, k\u00e2r amac\u0131 g\u00fctmeyen bir sivil toplum kurulu\u015fudur.<\/p>\n<p style=\"text-align: justify;\">KAG\u0130DER, kamu, \u00f6zel sekt\u00f6r ve sivil toplum payda\u015fl\u0131\u011f\u0131nda kurulu\u015fundan bu yana bir\u00e7ok proje ve i\u015f birli\u011finde yer alm\u0131\u015ft\u0131r. Kurulu\u015fun hedefleri aras\u0131nda gen\u00e7 kad\u0131nlar\u0131 i\u015f ya\u015fam\u0131na haz\u0131rlamak, giri\u015fimci olmak isteyen kad\u0131nlara e\u011fitim ve ment\u00f6rl\u00fck deste\u011fi sa\u011flamak, rol model kad\u0131n giri\u015fimci say\u0131s\u0131n\u0131 art\u0131rmak ve g\u00f6r\u00fcn\u00fcr k\u0131lmak bulunmaktad\u0131r.<\/p>\n<p style=\"text-align: justify;\">KAG\u0130DER, sadece ekonomik olarak de\u011fil, ayn\u0131 zamanda siyasi ve sosyal olarak da kad\u0131nlar\u0131 g\u00fc\u00e7lendirmeyi ama\u00e7lamakta, kad\u0131nlarla erkekler aras\u0131nda, f\u0131rsatlarda toplumsal cinsiyet e\u015fitli\u011fi i\u00e7in savunuculuk yapmaktad\u0131r. K\u00fcresel d\u00fczeyde aktif olan KAG\u0130DER, W20&#8217;nin kurucu derne\u011fi olup, Br\u00fcksel&#8217;de temsil edilmektedir. BM ECOSOC dan\u0131\u015fma stat\u00fcs\u00fcne sahiptir, FCEM, AFAEMME, WEP \u00fcyesidir ve Balkan Kad\u0131n Koalisyonu&#8217;nun be\u015f kurucu \u00fcyesinden biridir. Haziran 2023&#8217;ten beri, Esra Bezircio\u011flu, KAG\u0130DER Ba\u015fkan\u0131 olarak g\u00f6rev yapmaktad\u0131r.<\/p>\n<p>[\/et_pb_text][\/et_pb_column][\/et_pb_row][et_pb_row column_structure=&#8221;1_3,1_3,1_3&#8243; _builder_version=&#8221;4.24.0&#8243; _module_preset=&#8221;default&#8221; global_colors_info=&#8221;{}&#8221;][et_pb_column type=&#8221;1_3&#8243; _builder_version=&#8221;4.24.0&#8243; _module_preset=&#8221;default&#8221; global_colors_info=&#8221;{}&#8221;][et_pb_blurb use_icon=&#8221;on&#8221; font_icon=&#8221;&#x5a;||divi||400&#8243; icon_placement=&#8221;left&#8221; _builder_version=&#8221;4.24.0&#8243; _module_preset=&#8221;default&#8221; hover_enabled=&#8221;0&#8243; global_colors_info=&#8221;{}&#8221; sticky_enabled=&#8221;0&#8243;]<\/p>\n<p><strong>\u0130\u015f d\u00fcnyas\u0131ndaki kad\u0131n say\u0131s\u0131n\u0131 art\u0131rmak ve kad\u0131n giri\u015fimcileri te\u015fvik etmek<\/strong><\/p>\n<p>[\/et_pb_blurb][\/et_pb_column][et_pb_column type=&#8221;1_3&#8243; _builder_version=&#8221;4.24.0&#8243; _module_preset=&#8221;default&#8221; global_colors_info=&#8221;{}&#8221;][et_pb_blurb use_icon=&#8221;on&#8221; font_icon=&#8221;&#x5a;||divi||400&#8243; icon_placement=&#8221;left&#8221; _builder_version=&#8221;4.24.0&#8243; _module_preset=&#8221;default&#8221; hover_enabled=&#8221;0&#8243; locked=&#8221;off&#8221; global_colors_info=&#8221;{}&#8221; sticky_enabled=&#8221;0&#8243;]<\/p>\n<p><strong>\u0130\u015f d\u00fcnyas\u0131na giri\u015f yapmak ve giri\u015fimci olmak isteyen kad\u0131nlara e\u011fitimler ve ment\u00f6rl\u00fck sa\u011flamak<\/strong><\/p>\n<p>[\/et_pb_blurb][\/et_pb_column][et_pb_column type=&#8221;1_3&#8243; _builder_version=&#8221;4.24.0&#8243; _module_preset=&#8221;default&#8221; global_colors_info=&#8221;{}&#8221;][et_pb_blurb use_icon=&#8221;on&#8221; font_icon=&#8221;&#x5a;||divi||400&#8243; icon_placement=&#8221;left&#8221; _builder_version=&#8221;4.24.0&#8243; _module_preset=&#8221;default&#8221; hover_enabled=&#8221;0&#8243; locked=&#8221;off&#8221; global_colors_info=&#8221;{}&#8221; sticky_enabled=&#8221;0&#8243;]<\/p>\n<p><strong>KAG\u0130DER faaliyetlerinin etkilerini T\u00fcrkiye geneline yaymak<\/strong><\/p>\n<p>[\/et_pb_blurb][\/et_pb_column][\/et_pb_row][et_pb_row column_structure=&#8221;1_3,1_3,1_3&#8243; _builder_version=&#8221;4.24.0&#8243; _module_preset=&#8221;default&#8221; global_colors_info=&#8221;{}&#8221;][et_pb_column type=&#8221;1_3&#8243; _builder_version=&#8221;4.24.0&#8243; _module_preset=&#8221;default&#8221; global_colors_info=&#8221;{}&#8221;][et_pb_blurb use_icon=&#8221;on&#8221; font_icon=&#8221;&#x5a;||divi||400&#8243; icon_placement=&#8221;left&#8221; _builder_version=&#8221;4.24.0&#8243; _module_preset=&#8221;default&#8221; hover_enabled=&#8221;0&#8243; global_colors_info=&#8221;{}&#8221; sticky_enabled=&#8221;0&#8243;]<\/p>\n<p><strong>Finansal eri\u015fim i\u00e7in bir yol haritas\u0131 sa\u011flarken, kad\u0131n giri\u015fimcili\u011fine y\u00f6nelik bir ekosistemin geli\u015ftirilmesi i\u00e7in yasal zeminin desteklenmesi<\/strong><\/p>\n<p>[\/et_pb_blurb][\/et_pb_column][et_pb_column type=&#8221;1_3&#8243; _builder_version=&#8221;4.24.0&#8243; _module_preset=&#8221;default&#8221; global_colors_info=&#8221;{}&#8221;][et_pb_blurb use_icon=&#8221;on&#8221; font_icon=&#8221;&#x5a;||divi||400&#8243; icon_placement=&#8221;left&#8221; _builder_version=&#8221;4.24.0&#8243; _module_preset=&#8221;default&#8221; hover_enabled=&#8221;0&#8243; locked=&#8221;off&#8221; global_colors_info=&#8221;{}&#8221; sticky_enabled=&#8221;0&#8243;]<\/p>\n<p><strong>KAG\u0130DER \u00fcyelerini i\u015flerini b\u00fcy\u00fctmelerinde desteklemek<\/strong><\/p>\n<p>[\/et_pb_blurb][\/et_pb_column][et_pb_column type=&#8221;1_3&#8243; _builder_version=&#8221;4.24.0&#8243; _module_preset=&#8221;default&#8221; global_colors_info=&#8221;{}&#8221;][et_pb_blurb use_icon=&#8221;on&#8221; font_icon=&#8221;&#x5a;||divi||400&#8243; icon_placement=&#8221;left&#8221; _builder_version=&#8221;4.24.0&#8243; _module_preset=&#8221;default&#8221; hover_enabled=&#8221;0&#8243; locked=&#8221;off&#8221; global_colors_info=&#8221;{}&#8221; sticky_enabled=&#8221;0&#8243;]<\/p>\n<p><strong>Gen\u00e7 kad\u0131nlar\u0131n e\u011fitimlerine devam ederken, i\u015f ve giri\u015fim d\u00fcnyas\u0131na giri\u015flerinde te\u015fvik etmek ve desteklemek<\/strong><\/p>\n<p>[\/et_pb_blurb][\/et_pb_column][\/et_pb_row][et_pb_row column_structure=&#8221;1_3,1_3,1_3&#8243; _builder_version=&#8221;4.24.0&#8243; _module_preset=&#8221;default&#8221; global_colors_info=&#8221;{}&#8221;][et_pb_column type=&#8221;1_3&#8243; _builder_version=&#8221;4.24.0&#8243; _module_preset=&#8221;default&#8221; global_colors_info=&#8221;{}&#8221;][et_pb_blurb use_icon=&#8221;on&#8221; font_icon=&#8221;&#x5a;||divi||400&#8243; icon_placement=&#8221;left&#8221; _builder_version=&#8221;4.24.0&#8243; _module_preset=&#8221;default&#8221; hover_enabled=&#8221;0&#8243; global_colors_info=&#8221;{}&#8221; sticky_enabled=&#8221;0&#8243;]<\/p>\n<p><strong>KAG\u0130DER hakk\u0131nda fark\u0131ndal\u0131k yaratmak<\/strong><\/p>\n<p>[\/et_pb_blurb][\/et_pb_column][et_pb_column type=&#8221;1_3&#8243; _builder_version=&#8221;4.24.0&#8243; _module_preset=&#8221;default&#8221; global_colors_info=&#8221;{}&#8221;][\/et_pb_column][et_pb_column type=&#8221;1_3&#8243; _builder_version=&#8221;4.24.0&#8243; _module_preset=&#8221;default&#8221; global_colors_info=&#8221;{}&#8221;][\/et_pb_column][\/et_pb_row][et_pb_row _builder_version=&#8221;4.24.0&#8243; _module_preset=&#8221;default&#8221; custom_padding=&#8221;||0px|||&#8221; global_colors_info=&#8221;{}&#8221;][et_pb_column type=&#8221;4_4&#8243; _builder_version=&#8221;4.24.0&#8243; _module_preset=&#8221;default&#8221; global_colors_info=&#8221;{}&#8221;][et_pb_divider _builder_version=&#8221;4.24.0&#8243; _module_preset=&#8221;default&#8221; global_colors_info=&#8221;{}&#8221;][\/et_pb_divider][\/et_pb_column][\/et_pb_row][et_pb_row column_structure=&#8221;1_2,1_2&#8243; _builder_version=&#8221;4.24.0&#8243; _module_preset=&#8221;default&#8221; global_colors_info=&#8221;{}&#8221;][et_pb_column type=&#8221;1_2&#8243; _builder_version=&#8221;4.24.0&#8243; _module_preset=&#8221;default&#8221; global_colors_info=&#8221;{}&#8221;][et_pb_text _builder_version=&#8221;4.24.0&#8243; _module_preset=&#8221;default&#8221; global_colors_info=&#8221;{}&#8221;]<\/p>\n<p>Website <a href=\"https:\/\/kagider.org\" target=\"_blank\" rel=\"noopener\">https:\/\/kagider.org<\/a><span><br \/><\/span>Contact email: ofis@kagider.org<\/p>\n<p>[\/et_pb_text][\/et_pb_column][et_pb_column type=&#8221;1_2&#8243; _builder_version=&#8221;4.24.0&#8243; _module_preset=&#8221;default&#8221; global_colors_info=&#8221;{}&#8221;][et_pb_social_media_follow _builder_version=&#8221;4.24.0&#8243; _module_preset=&#8221;default&#8221; text_orientation=&#8221;left&#8221; global_colors_info=&#8221;{}&#8221;][et_pb_social_media_follow_network social_network=&#8221;facebook&#8221; url=&#8221;https:\/\/www.facebook.com\/turkiyekadingirisimcilerdernegi&#8221; _builder_version=&#8221;4.24.0&#8243; _module_preset=&#8221;default&#8221; background_color=&#8221;#3b5998&#8243; global_colors_info=&#8221;{}&#8221; follow_button=&#8221;off&#8221; url_new_window=&#8221;on&#8221;]facebook[\/et_pb_social_media_follow_network][et_pb_social_media_follow_network social_network=&#8221;instagram&#8221; url=&#8221;https:\/\/www.instagram.com\/kagider\/&#8221; _builder_version=&#8221;4.24.0&#8243; _module_preset=&#8221;default&#8221; background_color=&#8221;#ea2c59&#8243; global_colors_info=&#8221;{}&#8221; follow_button=&#8221;off&#8221; url_new_window=&#8221;on&#8221;]instagram[\/et_pb_social_media_follow_network][et_pb_social_media_follow_network social_network=&#8221;twitter&#8221; url=&#8221;https:\/\/twitter.com\/kagider&#8221; _builder_version=&#8221;4.24.0&#8243; _module_preset=&#8221;default&#8221; background_color=&#8221;#000000&#8243; global_colors_info=&#8221;{}&#8221; follow_button=&#8221;off&#8221; url_new_window=&#8221;on&#8221;]twitter[\/et_pb_social_media_follow_network][et_pb_social_media_follow_network social_network=&#8221;linkedin&#8221; url=&#8221;https:\/\/www.linkedin.com\/company\/kagider&#8221; _builder_version=&#8221;4.24.0&#8243; _module_preset=&#8221;default&#8221; background_color=&#8221;#007bb6&#8243; global_colors_info=&#8221;{}&#8221; follow_button=&#8221;off&#8221; url_new_window=&#8221;on&#8221;]linkedin[\/et_pb_social_media_follow_network][et_pb_social_media_follow_network social_network=&#8221;spotify&#8221; url=&#8221;https:\/\/open.spotify.com\/show\/5vQ74GRaBCTBVFuvMTS5bf?si=d21d7c3a14f24cfd&#8221; _builder_version=&#8221;4.24.0&#8243; _module_preset=&#8221;default&#8221; background_color=&#8221;#1db954&#8243; global_colors_info=&#8221;{}&#8221; follow_button=&#8221;off&#8221; url_new_window=&#8221;on&#8221;]spotify[\/et_pb_social_media_follow_network][\/et_pb_social_media_follow][\/et_pb_column][\/et_pb_row][\/et_pb_section]<\/p>\n","protected":false},"excerpt":{"rendered":"<p>Ortak KAGIDER T\u00dcRK\u0130YE KADIN G\u0130R\u0130\u015e\u0130MC\u0130LER DERNE\u011e\u0130 (KAG\u0130DER) T\u00fcrkiye Kad\u0131n Giri\u015fimciler Derne\u011fi (KAG\u0130DER), kad\u0131nlar\u0131 giri\u015fimcilik arac\u0131l\u0131\u011f\u0131yla g\u00fc\u00e7lendirmeyi ama\u00e7layan bir sivil toplum kurulu\u015fudur. T\u00fcrkiye Kad\u0131n Giri\u015fimciler Derne\u011fi, Eyl\u00fcl 2002&#8217;de T\u00fcrkiye&#8217;de faaliyet g\u00f6steren 37 kad\u0131n giri\u015fimci taraf\u0131ndan kurulan, k\u00e2r amac\u0131 g\u00fctmeyen bir sivil toplum kurulu\u015fudur. KAG\u0130DER, kamu, \u00f6zel sekt\u00f6r ve sivil toplum payda\u015fl\u0131\u011f\u0131nda kurulu\u015fundan bu yana bir\u00e7ok proje [&hellip;]<\/p>\n","protected":false},"author":1,"featured_media":0,"parent":0,"menu_order":0,"comment_status":"closed","ping_status":"closed","template":"","meta":{"_et_pb_use_builder":"on","_et_pb_old_content":"<!-- wp:divi\/placeholder \/-->","_et_gb_content_width":"","footnotes":""},"class_list":["post-276","page","type-page","status-publish","hentry"],"_links":{"self":[{"href":"https:\/\/gfeb.org\/tr\/wp-json\/wp\/v2\/pages\/276","targetHints":{"allow":["GET"]}}],"collection":[{"href":"https:\/\/gfeb.org\/tr\/wp-json\/wp\/v2\/pages"}],"about":[{"href":"https:\/\/gfeb.org\/tr\/wp-json\/wp\/v2\/types\/page"}],"author":[{"embeddable":true,"href":"https:\/\/gfeb.org\/tr\/wp-json\/wp\/v2\/users\/1"}],"replies":[{"embeddable":true,"href":"https:\/\/gfeb.org\/tr\/wp-json\/wp\/v2\/comments?post=276"}],"version-history":[{"count":5,"href":"https:\/\/gfeb.org\/tr\/wp-json\/wp\/v2\/pages\/276\/revisions"}],"predecessor-version":[{"id":909,"href":"https:\/\/gfeb.org\/tr\/wp-json\/wp\/v2\/pages\/276\/revisions\/909"}],"wp:attachment":[{"href":"https:\/\/gfeb.org\/tr\/wp-json\/wp\/v2\/media?parent=276"}],"curies":[{"name":"wp","href":"https:\/\/api.w.org\/{rel}","templated":true}]}}