{"id":278,"date":"2024-02-21T23:25:06","date_gmt":"2024-02-21T23:25:06","guid":{"rendered":"https:\/\/gfeb.org\/tr\/?page_id=278"},"modified":"2024-03-08T10:35:36","modified_gmt":"2024-03-08T10:35:36","slug":"partner-weca","status":"publish","type":"page","link":"https:\/\/gfeb.org\/tr\/partner-weca\/","title":{"rendered":"partner weca"},"content":{"rendered":"<p>[et_pb_section fb_built=&#8221;1&#8243; next_background_color=&#8221;#ffffff&#8221; _builder_version=&#8221;4.24.0&#8243; _module_preset=&#8221;default&#8221; use_background_color_gradient=&#8221;on&#8221; background_color_gradient_direction=&#8221;270deg&#8221; background_color_gradient_stops=&#8221;#5a7414 0%|#1f5100 100%&#8221; bottom_divider_style=&#8221;wave&#8221; bottom_divider_height=&#8221;32px&#8221; global_colors_info=&#8221;{}&#8221;][et_pb_row _builder_version=&#8221;4.24.0&#8243; _module_preset=&#8221;default&#8221; global_colors_info=&#8221;{}&#8221;][et_pb_column type=&#8221;4_4&#8243; _builder_version=&#8221;4.24.0&#8243; _module_preset=&#8221;default&#8221; global_colors_info=&#8221;{}&#8221;][et_pb_text _builder_version=&#8221;4.24.0&#8243; _module_preset=&#8221;default&#8221; header_text_align=&#8221;center&#8221; header_text_color=&#8221;#FFFFFF&#8221; hover_enabled=&#8221;0&#8243; global_colors_info=&#8221;{}&#8221; sticky_enabled=&#8221;0&#8243;]<\/p>\n<h1>Ortak WECA<\/h1>\n<p>[\/et_pb_text][\/et_pb_column][\/et_pb_row][\/et_pb_section][et_pb_section fb_built=&#8221;1&#8243; _builder_version=&#8221;4.24.0&#8243; _module_preset=&#8221;default&#8221; global_colors_info=&#8221;{}&#8221;][et_pb_row _builder_version=&#8221;4.24.0&#8243; _module_preset=&#8221;default&#8221; custom_margin=&#8221;|auto|-141px|auto||&#8221; custom_padding=&#8221;3px|||||&#8221; global_colors_info=&#8221;{}&#8221;][et_pb_column type=&#8221;4_4&#8243; _builder_version=&#8221;4.24.0&#8243; _module_preset=&#8221;default&#8221; global_colors_info=&#8221;{}&#8221;][et_pb_image src=&#8221;https:\/\/gfeb.org\/tr\/wp-content\/uploads\/sites\/5\/2024\/02\/WECA.png&#8221; title_text=&#8221;WECA&#8221; _builder_version=&#8221;4.24.0&#8243; _module_preset=&#8221;default&#8221; global_colors_info=&#8221;{}&#8221;][\/et_pb_image][\/et_pb_column][\/et_pb_row][\/et_pb_section][et_pb_section fb_built=&#8221;1&#8243; _builder_version=&#8221;4.24.0&#8243; _module_preset=&#8221;default&#8221; custom_padding=&#8221;0px|||||&#8221; global_colors_info=&#8221;{}&#8221;][et_pb_row _builder_version=&#8221;4.24.0&#8243; _module_preset=&#8221;default&#8221; min_height=&#8221;368px&#8221; custom_padding=&#8221;3px|||||&#8221; global_colors_info=&#8221;{}&#8221;][et_pb_column type=&#8221;4_4&#8243; _builder_version=&#8221;4.24.0&#8243; _module_preset=&#8221;default&#8221; global_colors_info=&#8221;{}&#8221;][et_pb_text _builder_version=&#8221;4.24.0&#8243; _module_preset=&#8221;default&#8221; custom_padding=&#8221;2px||||false|false&#8221; hover_enabled=&#8221;0&#8243; global_colors_info=&#8221;{}&#8221; sticky_enabled=&#8221;0&#8243;]<\/p>\n<div class=\"et_pb_module et_pb_text et_pb_text_2  et_pb_text_align_left et_pb_bg_layout_light\">\n<div class=\"et_pb_text_inner\">\n<h3>ARNAVUTLUK KADIN EKONOM\u0130 ODASI<span>\u00a0(WECA)<\/span><\/h3>\n<\/div>\n<\/div>\n<p>[\/et_pb_text][et_pb_text _builder_version=&#8221;4.24.0&#8243; _module_preset=&#8221;default&#8221; custom_padding=&#8221;2px||||false|false&#8221; hover_enabled=&#8221;0&#8243; global_colors_info=&#8221;{}&#8221; sticky_enabled=&#8221;0&#8243;]<\/p>\n<p style=\"text-align: justify;\">Arnavutluk Kad\u0131n Ekonomi Odas\u0131 (WECA), 26 Haziran 2020&#8217;de resmi olarak kuruldu.<\/p>\n<p style=\"text-align: justify;\">Oda, Arnavutluk&#8217;ta kad\u0131n giri\u015fimcili\u011finin g\u00fc\u00e7lendirilmesi i\u00e7in toplum \u00fczerinde etkide bulunmak amac\u0131yla bir grup kad\u0131n giri\u015fimci ve profesyonelin ortak \u00e7\u0131karlar\u0131n\u0131 temsil eder. \u0130\u015f d\u00fcnyas\u0131n\u0131n \u00e7e\u015fitli alanlar\u0131nda y\u0131llarca deneyim kazand\u0131ktan sonra, kad\u0131nlar\u0131n liderli\u011findeki i\u015fletmelerin toplulu\u011funu geni\u015fletmek i\u00e7in bilgi, enerji,\u00a0 ve katk\u0131da bulunma arzusu ile bir araya geldiler.<\/p>\n<p style=\"text-align: justify;\">WECA&#8217;n\u0131n misyonu, ekonominin destekleyicileri olarak kad\u0131nlar\u0131 giri\u015fimcilikte g\u00fc\u00e7lendirmek ve ekonomik konulardaki t\u00fcm karar alma s\u00fcre\u00e7lerine katk\u0131da bulunmakt\u0131r.<\/p>\n<p style=\"text-align: justify;\">Amac\u0131, lobicilik ve savunuculuk yoluyla ekonominin t\u00fcm sekt\u00f6rlerinde kad\u0131n giri\u015fimcilerin, profesyonellerin ve serbest \u00e7al\u0131\u015fanlar\u0131n ekonomik \u00e7\u0131karlar\u0131n\u0131 korumakt\u0131r.<\/p>\n<p style=\"text-align: justify;\">WECA, kad\u0131n giri\u015fimcili\u011finin kapasitelerinin geli\u015ftirilmesinin gereklili\u011fini vurgulamaktad\u0131r. Bu hizmetler, bilgi sa\u011flama, e\u011fitim, tan\u0131t\u0131m faaliyetleri, yeni i\u015fletmelerin olu\u015fturulmas\u0131n\u0131n kolayla\u015ft\u0131r\u0131lmas\u0131, ment\u00f6rl\u00fck ve ko\u00e7luk programlar\u0131 arac\u0131l\u0131\u011f\u0131yla destek sunarak sa\u011flanmaktad\u0131r. Ayr\u0131ca, kad\u0131n giri\u015fimcileri yerel ve uluslararas\u0131 faaliyetlerde, etkinliklerde ve forumlarda temsil ederek, i\u015flerini sosyal medya a\u011f\u0131 ve farkl\u0131 platformlar arac\u0131l\u0131\u011f\u0131yla tan\u0131tarak desteklemektedir.<\/p>\n<p style=\"text-align: justify;\">Deneyimi ve uzmanl\u0131\u011f\u0131, i\u015f geli\u015ftirme ve kad\u0131n giri\u015fimcili\u011fine odaklanan AB programlar\u0131 ile \u00e7al\u0131\u015fmak suretiyle farkl\u0131 yerel ve uluslararas\u0131 kurulu\u015flarla i\u015f birli\u011fi yaparak geli\u015ftirilmi\u015ftir. WECA&#8217;n\u0131n \u00fcyelikleri, Arnavutluk genelinde 120 kad\u0131ndan olu\u015fmaktad\u0131r.<\/p>\n<p>[\/et_pb_text][\/et_pb_column][\/et_pb_row][et_pb_row column_structure=&#8221;1_3,1_3,1_3&#8243; _builder_version=&#8221;4.24.0&#8243; _module_preset=&#8221;default&#8221; global_colors_info=&#8221;{}&#8221;][et_pb_column type=&#8221;1_3&#8243; _builder_version=&#8221;4.24.0&#8243; _module_preset=&#8221;default&#8221; global_colors_info=&#8221;{}&#8221;][et_pb_blurb use_icon=&#8221;on&#8221; font_icon=&#8221;&#x5a;||divi||400&#8243; icon_placement=&#8221;left&#8221; _builder_version=&#8221;4.24.0&#8243; _module_preset=&#8221;default&#8221; hover_enabled=&#8221;0&#8243; global_colors_info=&#8221;{}&#8221; sticky_enabled=&#8221;0&#8243;]<\/p>\n<p><strong>\u0130\u015f d\u00fcnyas\u0131ndaki kad\u0131nlar\u0131n say\u0131s\u0131n\u0131 art\u0131r\u0131n ve kad\u0131n giri\u015fimcilerin toplumdaki rol\u00fcn\u00fc te\u015fvik edin<\/strong><\/p>\n<p>[\/et_pb_blurb][\/et_pb_column][et_pb_column type=&#8221;1_3&#8243; _builder_version=&#8221;4.24.0&#8243; _module_preset=&#8221;default&#8221; global_colors_info=&#8221;{}&#8221;][et_pb_blurb use_icon=&#8221;on&#8221; font_icon=&#8221;&#x5a;||divi||400&#8243; icon_placement=&#8221;left&#8221; _builder_version=&#8221;4.24.0&#8243; _module_preset=&#8221;default&#8221; hover_enabled=&#8221;0&#8243; locked=&#8221;off&#8221; global_colors_info=&#8221;{}&#8221; sticky_enabled=&#8221;0&#8243;]<\/p>\n<p><strong>E\u011fitim ve mentorluk yoluyla kad\u0131n giri\u015fimcilerin kapasitesinin art\u0131r\u0131lmas\u0131<\/strong><\/p>\n<p>[\/et_pb_blurb][\/et_pb_column][et_pb_column type=&#8221;1_3&#8243; _builder_version=&#8221;4.24.0&#8243; _module_preset=&#8221;default&#8221; global_colors_info=&#8221;{}&#8221;][et_pb_blurb use_icon=&#8221;on&#8221; font_icon=&#8221;&#x5a;||divi||400&#8243; icon_placement=&#8221;left&#8221; _builder_version=&#8221;4.24.0&#8243; _module_preset=&#8221;default&#8221; hover_enabled=&#8221;0&#8243; locked=&#8221;off&#8221; global_colors_info=&#8221;{}&#8221; sticky_enabled=&#8221;0&#8243;]<\/p>\n<p><strong>Kad\u0131nlar aras\u0131nda daha yak\u0131n ticari i\u015fbirli\u011fini te\u015fvik etmek i\u00e7in a\u011f olu\u015fturma faaliyetlerini desteklemek<\/strong><\/p>\n<p>[\/et_pb_blurb][\/et_pb_column][\/et_pb_row][et_pb_row column_structure=&#8221;1_3,1_3,1_3&#8243; _builder_version=&#8221;4.24.0&#8243; _module_preset=&#8221;default&#8221; global_colors_info=&#8221;{}&#8221;][et_pb_column type=&#8221;1_3&#8243; _builder_version=&#8221;4.24.0&#8243; _module_preset=&#8221;default&#8221; global_colors_info=&#8221;{}&#8221;][et_pb_blurb use_icon=&#8221;on&#8221; font_icon=&#8221;&#x5a;||divi||400&#8243; icon_placement=&#8221;left&#8221; _builder_version=&#8221;4.24.0&#8243; _module_preset=&#8221;default&#8221; hover_enabled=&#8221;0&#8243; global_colors_info=&#8221;{}&#8221; sticky_enabled=&#8221;0&#8243;]<\/p>\n<p><strong>Gen\u00e7 kad\u0131n giri\u015fimcileri ba\u015far\u0131lar\u0131nda te\u015fvik edin ve destekleyin<\/strong><\/p>\n<p>[\/et_pb_blurb][\/et_pb_column][et_pb_column type=&#8221;1_3&#8243; _builder_version=&#8221;4.24.0&#8243; _module_preset=&#8221;default&#8221; global_colors_info=&#8221;{}&#8221;][et_pb_blurb use_icon=&#8221;on&#8221; font_icon=&#8221;&#x5a;||divi||400&#8243; icon_placement=&#8221;left&#8221; _builder_version=&#8221;4.24.0&#8243; _module_preset=&#8221;default&#8221; hover_enabled=&#8221;0&#8243; locked=&#8221;off&#8221; global_colors_info=&#8221;{}&#8221; sticky_enabled=&#8221;0&#8243;]<\/p>\n<p><strong>Lobicilik ve savunuculuk i\u00e7in kad\u0131n giri\u015fimcileri temsil etmek<\/strong><\/p>\n<p>[\/et_pb_blurb][\/et_pb_column][et_pb_column type=&#8221;1_3&#8243; _builder_version=&#8221;4.24.0&#8243; _module_preset=&#8221;default&#8221; global_colors_info=&#8221;{}&#8221;][\/et_pb_column][\/et_pb_row][et_pb_row _builder_version=&#8221;4.24.0&#8243; _module_preset=&#8221;default&#8221; custom_padding=&#8221;||0px|||&#8221; global_colors_info=&#8221;{}&#8221;][et_pb_column type=&#8221;4_4&#8243; _builder_version=&#8221;4.24.0&#8243; _module_preset=&#8221;default&#8221; global_colors_info=&#8221;{}&#8221;][et_pb_divider _builder_version=&#8221;4.24.0&#8243; _module_preset=&#8221;default&#8221; global_colors_info=&#8221;{}&#8221;][\/et_pb_divider][\/et_pb_column][\/et_pb_row][et_pb_row column_structure=&#8221;1_2,1_2&#8243; _builder_version=&#8221;4.24.0&#8243; _module_preset=&#8221;default&#8221; global_colors_info=&#8221;{}&#8221;][et_pb_column type=&#8221;1_2&#8243; _builder_version=&#8221;4.24.0&#8243; _module_preset=&#8221;default&#8221; global_colors_info=&#8221;{}&#8221;][et_pb_text _builder_version=&#8221;4.24.0&#8243; _module_preset=&#8221;default&#8221; global_colors_info=&#8221;{}&#8221;]<\/p>\n<p>Website <a href=\"https:\/\/weca.al\" target=\"_blank\" rel=\"noopener\">https:\/\/weca.al<\/a><span><br \/><\/span>Contact email: menaxhim@weca.al<\/p>\n<p>[\/et_pb_text][\/et_pb_column][et_pb_column type=&#8221;1_2&#8243; _builder_version=&#8221;4.24.0&#8243; _module_preset=&#8221;default&#8221; global_colors_info=&#8221;{}&#8221;][et_pb_social_media_follow _builder_version=&#8221;4.24.0&#8243; _module_preset=&#8221;default&#8221; text_orientation=&#8221;left&#8221; global_colors_info=&#8221;{}&#8221;][et_pb_social_media_follow_network social_network=&#8221;facebook&#8221; url=&#8221;https:\/\/www.facebook.com\/dhomaekonomikeegruas&#8221; _builder_version=&#8221;4.24.0&#8243; _module_preset=&#8221;default&#8221; background_color=&#8221;#3b5998&#8243; global_colors_info=&#8221;{}&#8221; follow_button=&#8221;off&#8221; url_new_window=&#8221;on&#8221;]facebook[\/et_pb_social_media_follow_network][et_pb_social_media_follow_network social_network=&#8221;linkedin&#8221; url=&#8221;https:\/\/linkedin.com\/company\/dhoma-ekonomike-e-gruas\/&#8221; _builder_version=&#8221;4.24.0&#8243; _module_preset=&#8221;default&#8221; background_color=&#8221;#007bb6&#8243; global_colors_info=&#8221;{}&#8221; follow_button=&#8221;off&#8221; url_new_window=&#8221;on&#8221;]linkedin[\/et_pb_social_media_follow_network][et_pb_social_media_follow_network social_network=&#8221;instagram&#8221; url=&#8221;https:\/\/www.instagram.com\/dhoma_ekonomike_gruas&#8221; _builder_version=&#8221;4.24.0&#8243; _module_preset=&#8221;default&#8221; background_color=&#8221;#ea2c59&#8243; global_colors_info=&#8221;{}&#8221; follow_button=&#8221;off&#8221; url_new_window=&#8221;on&#8221;]instagram[\/et_pb_social_media_follow_network][\/et_pb_social_media_follow][\/et_pb_column][\/et_pb_row][\/et_pb_section]<\/p>\n","protected":false},"excerpt":{"rendered":"<p>Ortak WECA ARNAVUTLUK KADIN EKONOM\u0130 ODASI\u00a0(WECA) Arnavutluk Kad\u0131n Ekonomi Odas\u0131 (WECA), 26 Haziran 2020&#8217;de resmi olarak kuruldu. Oda, Arnavutluk&#8217;ta kad\u0131n giri\u015fimcili\u011finin g\u00fc\u00e7lendirilmesi i\u00e7in toplum \u00fczerinde etkide bulunmak amac\u0131yla bir grup kad\u0131n giri\u015fimci ve profesyonelin ortak \u00e7\u0131karlar\u0131n\u0131 temsil eder. \u0130\u015f d\u00fcnyas\u0131n\u0131n \u00e7e\u015fitli alanlar\u0131nda y\u0131llarca deneyim kazand\u0131ktan sonra, kad\u0131nlar\u0131n liderli\u011findeki i\u015fletmelerin toplulu\u011funu geni\u015fletmek i\u00e7in bilgi, enerji,\u00a0 ve [&hellip;]<\/p>\n","protected":false},"author":1,"featured_media":0,"parent":0,"menu_order":0,"comment_status":"closed","ping_status":"closed","template":"","meta":{"_et_pb_use_builder":"on","_et_pb_old_content":"<!-- wp:divi\/placeholder \/-->","_et_gb_content_width":"","footnotes":""},"class_list":["post-278","page","type-page","status-publish","hentry"],"_links":{"self":[{"href":"https:\/\/gfeb.org\/tr\/wp-json\/wp\/v2\/pages\/278","targetHints":{"allow":["GET"]}}],"collection":[{"href":"https:\/\/gfeb.org\/tr\/wp-json\/wp\/v2\/pages"}],"about":[{"href":"https:\/\/gfeb.org\/tr\/wp-json\/wp\/v2\/types\/page"}],"author":[{"embeddable":true,"href":"https:\/\/gfeb.org\/tr\/wp-json\/wp\/v2\/users\/1"}],"replies":[{"embeddable":true,"href":"https:\/\/gfeb.org\/tr\/wp-json\/wp\/v2\/comments?post=278"}],"version-history":[{"count":6,"href":"https:\/\/gfeb.org\/tr\/wp-json\/wp\/v2\/pages\/278\/revisions"}],"predecessor-version":[{"id":911,"href":"https:\/\/gfeb.org\/tr\/wp-json\/wp\/v2\/pages\/278\/revisions\/911"}],"wp:attachment":[{"href":"https:\/\/gfeb.org\/tr\/wp-json\/wp\/v2\/media?parent=278"}],"curies":[{"name":"wp","href":"https:\/\/api.w.org\/{rel}","templated":true}]}}