{"id":280,"date":"2024-02-21T23:25:32","date_gmt":"2024-02-21T23:25:32","guid":{"rendered":"https:\/\/gfeb.org\/tr\/?page_id=280"},"modified":"2024-03-08T10:41:32","modified_gmt":"2024-03-08T10:41:32","slug":"partner-best","status":"publish","type":"page","link":"https:\/\/gfeb.org\/tr\/partner-best\/","title":{"rendered":"partner best"},"content":{"rendered":"<p>[et_pb_section fb_built=&#8221;1&#8243; next_background_color=&#8221;#ffffff&#8221; _builder_version=&#8221;4.24.0&#8243; _module_preset=&#8221;default&#8221; use_background_color_gradient=&#8221;on&#8221; background_color_gradient_direction=&#8221;270deg&#8221; background_color_gradient_stops=&#8221;#5a7414 0%|#1f5100 100%&#8221; bottom_divider_style=&#8221;wave&#8221; bottom_divider_height=&#8221;32px&#8221; global_colors_info=&#8221;{}&#8221;][et_pb_row _builder_version=&#8221;4.24.0&#8243; _module_preset=&#8221;default&#8221; global_colors_info=&#8221;{}&#8221;][et_pb_column type=&#8221;4_4&#8243; _builder_version=&#8221;4.24.0&#8243; _module_preset=&#8221;default&#8221; global_colors_info=&#8221;{}&#8221;][et_pb_text _builder_version=&#8221;4.24.0&#8243; _module_preset=&#8221;default&#8221; header_text_align=&#8221;center&#8221; header_text_color=&#8221;#FFFFFF&#8221; hover_enabled=&#8221;0&#8243; global_colors_info=&#8221;{}&#8221; sticky_enabled=&#8221;0&#8243;]<\/p>\n<h1>Ortak BEST<\/h1>\n<p>[\/et_pb_text][\/et_pb_column][\/et_pb_row][\/et_pb_section][et_pb_section fb_built=&#8221;1&#8243; _builder_version=&#8221;4.24.0&#8243; _module_preset=&#8221;default&#8221; global_colors_info=&#8221;{}&#8221;][et_pb_row _builder_version=&#8221;4.24.0&#8243; _module_preset=&#8221;default&#8221; custom_margin=&#8221;|auto|-141px|auto||&#8221; custom_padding=&#8221;3px|||||&#8221; global_colors_info=&#8221;{}&#8221;][et_pb_column type=&#8221;4_4&#8243; _builder_version=&#8221;4.24.0&#8243; _module_preset=&#8221;default&#8221; global_colors_info=&#8221;{}&#8221;][et_pb_image src=&#8221;https:\/\/gfeb.org\/tr\/wp-content\/uploads\/sites\/5\/2024\/02\/BEST.png&#8221; title_text=&#8221;BEST&#8221; _builder_version=&#8221;4.24.0&#8243; _module_preset=&#8221;default&#8221; global_colors_info=&#8221;{}&#8221;][\/et_pb_image][\/et_pb_column][\/et_pb_row][\/et_pb_section][et_pb_section fb_built=&#8221;1&#8243; _builder_version=&#8221;4.24.0&#8243; _module_preset=&#8221;default&#8221; custom_padding=&#8221;0px|||||&#8221; global_colors_info=&#8221;{}&#8221;][et_pb_row _builder_version=&#8221;4.24.0&#8243; _module_preset=&#8221;default&#8221; min_height=&#8221;368px&#8221; custom_padding=&#8221;3px|||||&#8221; global_colors_info=&#8221;{}&#8221;][et_pb_column type=&#8221;4_4&#8243; _builder_version=&#8221;4.24.0&#8243; _module_preset=&#8221;default&#8221; global_colors_info=&#8221;{}&#8221;][et_pb_text _builder_version=&#8221;4.24.0&#8243; _module_preset=&#8221;default&#8221; custom_padding=&#8221;2px||||false|false&#8221; hover_enabled=&#8221;0&#8243; global_colors_info=&#8221;{}&#8221; sticky_enabled=&#8221;0&#8243;]<\/p>\n<div class=\"et_pb_module et_pb_text et_pb_text_2  et_pb_text_align_left et_pb_bg_layout_light\">\n<div class=\"et_pb_text_inner\">\n<h3>BEST INSTITUT GMBH \u2013 KAR\u0130YER VE PERSONEL E\u011e\u0130T\u0130M\u0130<\/h3>\n<\/div>\n<\/div>\n<p>[\/et_pb_text][et_pb_text _builder_version=&#8221;4.24.0&#8243; _module_preset=&#8221;default&#8221; custom_padding=&#8221;2px||||false|false&#8221; hover_enabled=&#8221;0&#8243; global_colors_info=&#8221;{}&#8221; sticky_enabled=&#8221;0&#8243;]<\/p>\n<p style=\"text-align: justify;\">BEST Institut GmbH, s\u00fcrekli e\u011fitim, mesleki niteliklendirme ve kariyer hizmetleri sunan ba\u011f\u0131ms\u0131z bir Avusturya kurulu\u015fu olarak 1990 y\u0131l\u0131nda kurulmu\u015ftur. Ana faaliyetleri gen\u00e7ler ve yeti\u015fkinler i\u00e7in inovatif e\u011fitim programlar\u0131n\u0131n geli\u015ftirilmesi, olup hedef kitlesinin bir\u00e7o\u011fu dezavantajl\u0131 gruplar, m\u00fcltecilerdir. Bu gruplardaki i\u015f arayanlar\u0131na ya da \u00e7al\u0131\u015fanlara s\u00fcrekli mesleki e\u011fitim, dan\u0131\u015fmanl\u0131k ve ko\u00e7luk vermektedir.\u00a0 E\u011fitim d\u00fczenlemeleri hem i\u015fg\u00fcc\u00fc piyasas\u0131n\u0131n \u00f6zel ihtiya\u00e7lar\u0131na hem de kat\u0131l\u0131mc\u0131lar\u0131n bireysel durumlar\u0131na, becerilerine ve yeteneklerine, \u00f6nceki deneyimlerine ve ya\u015fam ko\u015fullar\u0131na dayanan m\u00fc\u015fteri odakl\u0131d\u0131r.<\/p>\n<p>[\/et_pb_text][\/et_pb_column][\/et_pb_row][et_pb_row column_structure=&#8221;1_3,1_3,1_3&#8243; _builder_version=&#8221;4.24.0&#8243; _module_preset=&#8221;default&#8221; global_colors_info=&#8221;{}&#8221;][et_pb_column type=&#8221;1_3&#8243; _builder_version=&#8221;4.24.0&#8243; _module_preset=&#8221;default&#8221; global_colors_info=&#8221;{}&#8221;][et_pb_blurb title=&#8221;Sa\u011flam know-how&#8221; use_icon=&#8221;on&#8221; font_icon=&#8221;&#x5a;||divi||400&#8243; icon_placement=&#8221;left&#8221; _builder_version=&#8221;4.24.0&#8243; _module_preset=&#8221;default&#8221; hover_enabled=&#8221;0&#8243; global_colors_info=&#8221;{}&#8221; sticky_enabled=&#8221;0&#8243;]<\/p>\n<p>\u00c7ok y\u0131ll\u0131k deneyim, \u00e7ok disiplinli ekiplerin yan\u0131 s\u0131ra hedefe y\u00f6nelik ortakl\u0131klar ve akademik ara\u015ft\u0131rma d\u00fcnyas\u0131 ile g\u00fc\u00e7l\u00fc ba\u011flar\u0131m\u0131z, insan kaynaklar\u0131 y\u00f6netimi alan\u0131nda size optimal dan\u0131\u015fmanl\u0131k, y\u00f6ntem ve ara\u00e7lar sa\u011flar. Hizmetlerimiz \u00f6zellikle pratik ihtiya\u00e7lar\u0131 kar\u015f\u0131lamak \u00fczere tasarlanm\u0131\u015ft\u0131r.<\/p>\n<p>[\/et_pb_blurb][\/et_pb_column][et_pb_column type=&#8221;1_3&#8243; _builder_version=&#8221;4.24.0&#8243; _module_preset=&#8221;default&#8221; global_colors_info=&#8221;{}&#8221;][et_pb_blurb title=&#8221;\u00d6zel \u00c7\u00f6z\u00fcmler&#8221; use_icon=&#8221;on&#8221; font_icon=&#8221;&#x5a;||divi||400&#8243; icon_placement=&#8221;left&#8221; _builder_version=&#8221;4.24.0&#8243; _module_preset=&#8221;default&#8221; hover_enabled=&#8221;0&#8243; locked=&#8221;off&#8221; global_colors_info=&#8221;{}&#8221; sticky_enabled=&#8221;0&#8243;]<\/p>\n<p>Her \u015firket yap\u0131, personel ve felsefe a\u00e7\u0131s\u0131ndan benzersizdir. Bu nedenle, \u00fcr\u00fcnlerimiz ve hizmetlerimiz, belirli bir se\u00e7im arac\u0131ndan e\u011fitim d\u00fczenlemesine kadar hepsi, ihtiya\u00e7lar\u0131n\u0131za ve \u00f6zel durumunuza odaklanarak, bu sayede \u00f6nemli olan ek de\u011feri sa\u011flar.<\/p>\n<p>[\/et_pb_blurb][\/et_pb_column][et_pb_column type=&#8221;1_3&#8243; _builder_version=&#8221;4.24.0&#8243; _module_preset=&#8221;default&#8221; global_colors_info=&#8221;{}&#8221;][et_pb_blurb title=&#8221;Hedefe Y\u00f6nelik Ortakl\u0131k&#8221; use_icon=&#8221;on&#8221; font_icon=&#8221;&#x5a;||divi||400&#8243; icon_placement=&#8221;left&#8221; _builder_version=&#8221;4.24.0&#8243; _module_preset=&#8221;default&#8221; hover_enabled=&#8221;0&#8243; locked=&#8221;off&#8221; global_colors_info=&#8221;{}&#8221; sticky_enabled=&#8221;0&#8243;]<\/p>\n<p>Standart bir envanter kullanmadan size en uygun \u00fcr\u00fcnleri ve \u00f6nlemleri se\u00e7iyoruz. Bu nedenle, tek \u00fcr\u00fcnlere ili\u015fkin pazarlama bask\u0131s\u0131na tabi olmayan g\u00fcvenilir bir ortak olarak hareket edebiliriz. Ayr\u0131ca, yetkin ortaklar a\u011f\u0131, geni\u015f bir yelpazede d\u00fczenlemelerin ve projelerin geli\u015ftirilmesini ve uygulanmas\u0131n\u0131 sa\u011flar.<\/p>\n<p>[\/et_pb_blurb][\/et_pb_column][\/et_pb_row][et_pb_row column_structure=&#8221;1_3,1_3,1_3&#8243; _builder_version=&#8221;4.24.0&#8243; _module_preset=&#8221;default&#8221; global_colors_info=&#8221;{}&#8221;][et_pb_column type=&#8221;1_3&#8243; _builder_version=&#8221;4.24.0&#8243; _module_preset=&#8221;default&#8221; global_colors_info=&#8221;{}&#8221;][et_pb_blurb title=&#8221;Kurumi\u00e7i veya D\u0131\u015f Kaynak Kullan\u0131m\u0131&#8221; use_icon=&#8221;on&#8221; font_icon=&#8221;&#x5a;||divi||400&#8243; icon_placement=&#8221;left&#8221; _builder_version=&#8221;4.24.0&#8243; _module_preset=&#8221;default&#8221; hover_enabled=&#8221;0&#8243; global_colors_info=&#8221;{}&#8221; sticky_enabled=&#8221;0&#8243;]<\/p>\n<p>Talep \u00fczerine, hizmetlerimizi \u015firketinize de sunabiliriz &#8211; Viyana ve A\u015fa\u011f\u0131 Avusturya&#8217;da 12&#8217;den fazla ofisimizle, d\u00fczenlemelerimizi profesyonelce i\u015fyerinizde ger\u00e7ekle\u015ftirebiliriz. Esneklik ve ba\u011f\u0131ms\u0131zl\u0131k en \u00f6nemli \u00f6nceliklerimizden biridir.<\/p>\n<p>[\/et_pb_blurb][\/et_pb_column][et_pb_column type=&#8221;1_3&#8243; _builder_version=&#8221;4.24.0&#8243; _module_preset=&#8221;default&#8221; global_colors_info=&#8221;{}&#8221;][et_pb_blurb title=&#8221;Kalite Y\u00f6netimi&#8221; use_icon=&#8221;on&#8221; font_icon=&#8221;&#x5a;||divi||400&#8243; icon_placement=&#8221;left&#8221; _builder_version=&#8221;4.24.0&#8243; _module_preset=&#8221;default&#8221; hover_enabled=&#8221;0&#8243; locked=&#8221;off&#8221; global_colors_info=&#8221;{}&#8221; sticky_enabled=&#8221;0&#8243;]<\/p>\n<p>Kalite stratejimiz, Avrupa Kalite Y\u00f6netimi Vakf\u0131 (EFQM) taraf\u0131ndan belirlenen gereklilik ve kriterlere uygun olarak \u015fekillenir. \u00d6z\u00fc, hizmetlerimizi sizin ihtiya\u00e7lar\u0131n\u0131za ve ba\u015far\u0131n\u0131za odaklanacak bir modelde sunmakt\u0131r. M\u00fc\u015fterilerimiz i\u00e7in en \u00fcst d\u00fczey fayda ve memnuniyeti sa\u011flamak amac\u0131yla, uygulamada veya de\u011ferlendirme \u00e7al\u0131\u015fmalar\u0131n\u0131n sonu\u00e7lar\u0131na g\u00f6re en de\u011ferli oldu\u011fu kan\u0131tlanm\u0131\u015f olan \u0130K y\u00f6ntemlerini ve ara\u00e7lar\u0131n\u0131 uygular ve \u00f6neririz. Talep \u00fczerine, \u00f6nerilen ve zaten uygulanm\u0131\u015f olan \u0130K \u00f6nlemlerini de de\u011ferlendirebiliriz.<\/p>\n<p>[\/et_pb_blurb][\/et_pb_column][et_pb_column type=&#8221;1_3&#8243; _builder_version=&#8221;4.24.0&#8243; _module_preset=&#8221;default&#8221; global_colors_info=&#8221;{}&#8221;][et_pb_blurb title=&#8221;25 y\u0131ll\u0131k deneyim&#8221; use_icon=&#8221;on&#8221; font_icon=&#8221;&#x5a;||divi||400&#8243; icon_placement=&#8221;left&#8221; _builder_version=&#8221;4.24.0&#8243; _module_preset=&#8221;default&#8221; hover_enabled=&#8221;0&#8243; global_colors_info=&#8221;{}&#8221; sticky_enabled=&#8221;0&#8243;]<\/p>\n<p>\u0130stihdam\u0131n modern d\u00fcnyas\u0131n\u0131n gerekliliklerine uygun olarak, BEST geni\u015f bir kurs ve seminer yelpazesi sunmaktad\u0131r. Bilgisayar &amp; Bili\u015fim, ekonomi, dil, istatistik &amp; SPSS gibi alanlara, uzmanl\u0131k niteliklerinin yan\u0131 s\u0131ra ki\u015filik geli\u015fimi &amp; ileti\u015fim, bireysel &amp; grup ko\u00e7lu\u011funa \u00f6zel \u00f6nem veriyoruz.<\/p>\n<p>[\/et_pb_blurb][\/et_pb_column][\/et_pb_row][et_pb_row _builder_version=&#8221;4.24.0&#8243; _module_preset=&#8221;default&#8221; custom_padding=&#8221;||0px|||&#8221; global_colors_info=&#8221;{}&#8221;][et_pb_column type=&#8221;4_4&#8243; _builder_version=&#8221;4.24.0&#8243; _module_preset=&#8221;default&#8221; global_colors_info=&#8221;{}&#8221;][et_pb_divider _builder_version=&#8221;4.24.0&#8243; _module_preset=&#8221;default&#8221; global_colors_info=&#8221;{}&#8221;][\/et_pb_divider][\/et_pb_column][\/et_pb_row][et_pb_row column_structure=&#8221;1_2,1_2&#8243; _builder_version=&#8221;4.24.0&#8243; _module_preset=&#8221;default&#8221; global_colors_info=&#8221;{}&#8221;][et_pb_column type=&#8221;1_2&#8243; _builder_version=&#8221;4.24.0&#8243; _module_preset=&#8221;default&#8221; global_colors_info=&#8221;{}&#8221;][et_pb_text _builder_version=&#8221;4.24.0&#8243; _module_preset=&#8221;default&#8221; global_colors_info=&#8221;{}&#8221;]<\/p>\n<p>Website <a href=\"https:\/\/best.at\" target=\"_blank\" rel=\"noopener\">https:\/\/best.at<\/a><span><br \/><\/span>Contact email: office@best.at<\/p>\n<p>[\/et_pb_text][\/et_pb_column][et_pb_column type=&#8221;1_2&#8243; _builder_version=&#8221;4.24.0&#8243; _module_preset=&#8221;default&#8221; global_colors_info=&#8221;{}&#8221;][\/et_pb_column][\/et_pb_row][\/et_pb_section]<\/p>\n","protected":false},"excerpt":{"rendered":"<p>Ortak BEST BEST INSTITUT GMBH \u2013 KAR\u0130YER VE PERSONEL E\u011e\u0130T\u0130M\u0130 BEST Institut GmbH, s\u00fcrekli e\u011fitim, mesleki niteliklendirme ve kariyer hizmetleri sunan ba\u011f\u0131ms\u0131z bir Avusturya kurulu\u015fu olarak 1990 y\u0131l\u0131nda kurulmu\u015ftur. Ana faaliyetleri gen\u00e7ler ve yeti\u015fkinler i\u00e7in inovatif e\u011fitim programlar\u0131n\u0131n geli\u015ftirilmesi, olup hedef kitlesinin bir\u00e7o\u011fu dezavantajl\u0131 gruplar, m\u00fcltecilerdir. Bu gruplardaki i\u015f arayanlar\u0131na ya da \u00e7al\u0131\u015fanlara s\u00fcrekli mesleki [&hellip;]<\/p>\n","protected":false},"author":1,"featured_media":0,"parent":0,"menu_order":0,"comment_status":"closed","ping_status":"closed","template":"","meta":{"_et_pb_use_builder":"on","_et_pb_old_content":"<!-- wp:divi\/placeholder \/-->","_et_gb_content_width":"","footnotes":""},"class_list":["post-280","page","type-page","status-publish","hentry"],"_links":{"self":[{"href":"https:\/\/gfeb.org\/tr\/wp-json\/wp\/v2\/pages\/280","targetHints":{"allow":["GET"]}}],"collection":[{"href":"https:\/\/gfeb.org\/tr\/wp-json\/wp\/v2\/pages"}],"about":[{"href":"https:\/\/gfeb.org\/tr\/wp-json\/wp\/v2\/types\/page"}],"author":[{"embeddable":true,"href":"https:\/\/gfeb.org\/tr\/wp-json\/wp\/v2\/users\/1"}],"replies":[{"embeddable":true,"href":"https:\/\/gfeb.org\/tr\/wp-json\/wp\/v2\/comments?post=280"}],"version-history":[{"count":6,"href":"https:\/\/gfeb.org\/tr\/wp-json\/wp\/v2\/pages\/280\/revisions"}],"predecessor-version":[{"id":913,"href":"https:\/\/gfeb.org\/tr\/wp-json\/wp\/v2\/pages\/280\/revisions\/913"}],"wp:attachment":[{"href":"https:\/\/gfeb.org\/tr\/wp-json\/wp\/v2\/media?parent=280"}],"curies":[{"name":"wp","href":"https:\/\/api.w.org\/{rel}","templated":true}]}}