{"id":78,"date":"2024-02-03T16:49:17","date_gmt":"2024-02-03T16:49:17","guid":{"rendered":"https:\/\/gfeb.org\/tr\/?page_id=78"},"modified":"2024-03-08T08:36:19","modified_gmt":"2024-03-08T08:36:19","slug":"about","status":"publish","type":"page","link":"https:\/\/gfeb.org\/tr\/about\/","title":{"rendered":"about"},"content":{"rendered":"<p>[et_pb_section fb_built=&#8221;1&#8243; next_background_color=&#8221;#ffffff&#8221; _builder_version=&#8221;4.24.0&#8243; _module_preset=&#8221;default&#8221; use_background_color_gradient=&#8221;on&#8221; background_color_gradient_direction=&#8221;270deg&#8221; background_color_gradient_stops=&#8221;#5a7414 0%|#1f5100 100%&#8221; bottom_divider_style=&#8221;wave&#8221; bottom_divider_height=&#8221;32px&#8221; global_colors_info=&#8221;{}&#8221;][et_pb_row _builder_version=&#8221;4.24.0&#8243; _module_preset=&#8221;default&#8221; global_colors_info=&#8221;{}&#8221;][et_pb_column type=&#8221;4_4&#8243; _builder_version=&#8221;4.24.0&#8243; _module_preset=&#8221;default&#8221; global_colors_info=&#8221;{}&#8221;][et_pb_text _builder_version=&#8221;4.24.0&#8243; _module_preset=&#8221;default&#8221; header_text_align=&#8221;center&#8221; header_text_color=&#8221;#FFFFFF&#8221; hover_enabled=&#8221;0&#8243; global_colors_info=&#8221;{}&#8221; sticky_enabled=&#8221;0&#8243;]<\/p>\n<h1>Proje Hakk\u0131nda<\/h1>\n<p>[\/et_pb_text][\/et_pb_column][\/et_pb_row][\/et_pb_section][et_pb_section fb_built=&#8221;1&#8243; _builder_version=&#8221;4.24.0&#8243; _module_preset=&#8221;default&#8221; min_height=&#8221;475.7px&#8221; custom_padding=&#8221;3px||5px|||&#8221; global_colors_info=&#8221;{}&#8221;][et_pb_row _builder_version=&#8221;4.24.0&#8243; _module_preset=&#8221;default&#8221; min_height=&#8221;98px&#8221; custom_padding=&#8221;||5px|||&#8221; global_colors_info=&#8221;{}&#8221;][et_pb_column type=&#8221;4_4&#8243; _builder_version=&#8221;4.24.0&#8243; _module_preset=&#8221;default&#8221; global_colors_info=&#8221;{}&#8221;][et_pb_text _builder_version=&#8221;4.24.0&#8243; _module_preset=&#8221;default&#8221; custom_padding=&#8221;2px||||false|false&#8221; hover_enabled=&#8221;0&#8243; global_colors_info=&#8221;{}&#8221; sticky_enabled=&#8221;0&#8243;]<\/p>\n<p>G-FEB projesi, Balkan b\u00f6lgesinde Mesleki E\u011fitim ve \u00d6\u011fretim (ME\u00d6) sistemini yenilik\u00e7i ve piyasaya \u00f6zel e\u011fitim \u00e7\u00f6z\u00fcmleri olu\u015fturarak geli\u015ftirmeyi ama\u00e7lamaktad\u0131r.<\/p>\n<p>\u00a0Bu \u00e7\u00f6z\u00fcmler, kad\u0131n giri\u015fimciler aras\u0131nda s\u00fcrekli \u00f6\u011frenme f\u0131rsatlar\u0131 sunacak ve ye\u015fil ve s\u00fcrd\u00fcr\u00fclebilirlik becerilerinin geli\u015fimini te\u015fvik edecektir. Proje, Balkan b\u00f6lgesi ve T\u00fcrkiye&#8217;de d\u00fc\u015f\u00fck kaliteli mesleki e\u011fitim ve \u00f6\u011fretim, \u00f6zellikle kad\u0131nlar ve dezavantajl\u0131 gruplar aras\u0131ndaki y\u00fcksek i\u015fsizlik oranlar\u0131, i\u015fg\u00fcc\u00fc piyasas\u0131yla beceri uyu\u015fmazl\u0131\u011f\u0131 ve ye\u015fil giri\u015fimlerin eksikli\u011fi gibi bir dizi zorlu\u011fa yan\u0131t vermektedir.<\/p>\n<p>[\/et_pb_text][\/et_pb_column][\/et_pb_row][et_pb_row _builder_version=&#8221;4.24.0&#8243; _module_preset=&#8221;default&#8221; custom_margin=&#8221;|auto|-22px|auto||&#8221; custom_padding=&#8221;3px|||||&#8221; global_colors_info=&#8221;{}&#8221;][et_pb_column type=&#8221;4_4&#8243; _builder_version=&#8221;4.24.0&#8243; _module_preset=&#8221;default&#8221; global_colors_info=&#8221;{}&#8221;][et_pb_image src=&#8221;https:\/\/gfeb.org\/tr\/wp-content\/uploads\/sites\/5\/2024\/02\/about.jpg&#8221; title_text=&#8221;about&#8221; _builder_version=&#8221;4.24.0&#8243; _module_preset=&#8221;default&#8221; custom_margin=&#8221;||-2px|||&#8221; global_colors_info=&#8221;{}&#8221;][\/et_pb_image][\/et_pb_column][\/et_pb_row][\/et_pb_section][et_pb_section fb_built=&#8221;1&#8243; _builder_version=&#8221;4.24.0&#8243; _module_preset=&#8221;default&#8221; custom_padding=&#8221;0px|||||&#8221; global_colors_info=&#8221;{}&#8221;][et_pb_row _builder_version=&#8221;4.24.0&#8243; _module_preset=&#8221;default&#8221; min_height=&#8221;368px&#8221; custom_padding=&#8221;3px|||||&#8221; global_colors_info=&#8221;{}&#8221;][et_pb_column type=&#8221;4_4&#8243; _builder_version=&#8221;4.24.0&#8243; _module_preset=&#8221;default&#8221; global_colors_info=&#8221;{}&#8221;][et_pb_text _builder_version=&#8221;4.24.0&#8243; _module_preset=&#8221;default&#8221; custom_margin=&#8221;-8px|||||&#8221; custom_padding=&#8221;2px||||false|false&#8221; hover_enabled=&#8221;0&#8243; global_colors_info=&#8221;{}&#8221; sticky_enabled=&#8221;0&#8243;]<\/p>\n<p style=\"text-align: justify;\">Projenin hedefleri aras\u0131nda ye\u015fil giri\u015fimcilik \u00fczerine ME\u00d6 m\u00fcfredat\u0131n\u0131n geli\u015ftirilmesi, ME\u00d6 sekt\u00f6r\u00fc ile i\u015fg\u00fcc\u00fc piyasas\u0131 aras\u0131ndaki bo\u015flu\u011fun kapat\u0131lmas\u0131, ME\u00d6 \u00f6\u011fretmenleri ve e\u011fitmenlerinin kapasitelerinin art\u0131r\u0131lmas\u0131, kamu ve \u00f6zel sekt\u00f6r payda\u015flar aras\u0131ndaki i\u015f birli\u011finin g\u00fc\u00e7lendirilmesi, ME\u00d6 \u00f6\u011fretmenlerinin, e\u011fitmenlerinin ve kad\u0131n giri\u015fimcilerin ye\u015fil ve dijital becerilerinin geli\u015ftirilmesi ve kad\u0131nlar\u0131n ye\u015fil giri\u015fimcili\u011finde e\u011fitilmesi yer almaktad\u0131r.<\/p>\n<p style=\"text-align: justify;\">Konsorsiyum, Yunanistan, Arnavutluk, Bosna-Hersek, Kuzey Makedonya, Karada\u011f, T\u00fcrkiye ve Avusturya&#8217;dan sekiz kurulu\u015ftan olu\u015fmaktad\u0131r. Bu ortaklar, mesleki e\u011fitim ve \u00f6\u011fretim alan\u0131ndaki uzmanl\u0131klar\u0131n\u0131, kad\u0131n giri\u015fimcileri desteklemeyi ve i\u015f piyasas\u0131na eri\u015fimi kolayla\u015ft\u0131rmay\u0131 kullanarak y\u00fcksek kaliteli sonu\u00e7lar \u00fcretmeyi ve hedef gruplar \u00fczerindeki etkiyi maksimize etmeyi ama\u00e7lamaktad\u0131r.<\/p>\n<p style=\"text-align: justify;\">G-FEB projesi, ye\u015fil giri\u015fimcilik sekt\u00f6r\u00fcnde mesleki e\u011fitimin \u00f6nemini vurgulamak ve toplumun, daha ye\u015fil, daha s\u00fcrd\u00fcr\u00fclebilir uygulamalara, ak\u0131ll\u0131 uzmanla\u015fma ve dijitalle\u015fme ile birlikte ge\u00e7i\u015f yapma sorumlulu\u011funu vurgulamak \u00fczere tasarlanm\u0131\u015ft\u0131r.<\/p>\n<p style=\"text-align: left;\">\u00c7e\u015fitli hedef gruplar\u0131 \u00fczerindeki etkisinin \u00f6zeti a\u015fa\u011f\u0131da belirtilmi\u015ftir:<\/p>\n<p style=\"text-align: left;\">\n<p style=\"text-align: left;\"><strong>Kat\u0131l\u0131mc\u0131 Kurulu\u015flar:<\/strong><\/p>\n<p style=\"text-align: left;\">1-\u00c7evre Dostu uygulamalarda uzmanl\u0131klar\u0131n\u0131 art\u0131racaklar ve \u00c7evresel Ayak \u0130zi y\u00f6ntemleriyle uyumlu hale gelecekler, bu da ye\u015fil i\u015fletmeleri desteklemeye yard\u0131mc\u0131 olacakt\u0131r.<\/p>\n<p style=\"text-align: left;\">2- E\u011fitim programlar\u0131n\u0131 ve hareketliliklerini kat\u0131l\u0131mc\u0131lar ve payda\u015flarla birlikte de\u011ferlendirecekler ve programlar\u0131n\u0131n\/etkinliklerinin geli\u015ftirilmesi ve tan\u0131nmas\u0131 i\u00e7in geri bildirim sa\u011flayacaklar.<\/p>\n<p style=\"text-align: left;\">3- 8 kurulu\u015fun bu ortakl\u0131kta payda\u015flar\u0131yla i\u015f birli\u011fi yapmas\u0131yla, a\u011flar\u0131 geni\u015fleyecek ve gelecekteki i\u015f birli\u011fini te\u015fvik edecekler.<\/p>\n<p style=\"text-align: left;\">4- AB projelerini y\u00f6netme konusunda deneyim kazanacaklar, AB \u00e7al\u0131\u015fma davran\u0131\u015flar\u0131 hakk\u0131nda bilgi edinecekler ve kurumsal kapasitelerini art\u0131racaklar.<\/p>\n<p style=\"text-align: left;\">\n<p style=\"text-align: left;\"><strong>E\u011fitmenler ve \u00d6\u011frenciler:<\/strong><\/p>\n<p style=\"text-align: left;\">1-E\u011fitim ve inceleme ziyaretleri arac\u0131l\u0131\u011f\u0131yla farkl\u0131 \u00fclkelerde \u00f6\u011frenme f\u0131rsatlar\u0131na sahip olacaklar, artan bilgi ve yeni bak\u0131\u015f a\u00e7\u0131lar\u0131yla geri d\u00f6necekler.<\/p>\n<p style=\"text-align: left;\">2-Daha \u00f6nceki uygulamalar\u0131n\u0131 payla\u015farak ve e\u011fitim programlar\u0131ndan beceri kazanarak becerilerini geli\u015ftirecekler.<\/p>\n<p style=\"text-align: left;\">3-Di\u011fer kat\u0131l\u0131mc\u0131 \u00fclkelerden payda\u015flarla ili\u015fkiler kurarak mesleki a\u011flar\u0131n\u0131 geni\u015fletecekler.<\/p>\n<p style=\"text-align: left;\">4-Ye\u015fil uygulamalar\u0131n el\u00e7ileri olarak rol\u00fcn\u00fc art\u0131racaklar ve bu yeni yakla\u015f\u0131m ile KOB\u0130&#8217;ler aras\u0131nda bir k\u00f6pr\u00fc g\u00f6revi \u00fcstlenecekler.<\/p>\n<p style=\"text-align: left;\">\n<p style=\"text-align: left;\">\u00a0<strong>KOB\u0130&#8217;ler:<\/strong><\/p>\n<p style=\"text-align: left;\">1-Ye\u015fil bak\u0131\u015f a\u00e7\u0131s\u0131n\u0131 benimsemek i\u00e7in bu uygulamalarda uzmanla\u015fm\u0131\u015f yeni personel ve materyaller alacaklar.<\/p>\n<p style=\"text-align: left;\">2-\u0130\u015fletme sekt\u00f6r\u00fcnde ye\u015fil uygulamalar\u0131 benimsemek i\u00e7in ileri ara\u015ft\u0131rmalar\u0131 te\u015fvik ederek, projenin sonu\u00e7lar\u0131n\u0131 do\u011frudan alacaklar.<\/p>\n<p style=\"text-align: left;\">3-Erasmus programlar\u0131 ve bunlarda deneyimli kurulu\u015flar ile tan\u0131\u015facaklar ve gelecekteki i\u015f birliklerine yol a\u00e7abilecekler.<\/p>\n<p style=\"text-align: left;\">\n<p style=\"text-align: left;\"><strong>Mesleki E\u011fitim ve \u00d6\u011fretim Kurumlar\u0131:<\/strong><\/p>\n<p style=\"text-align: left;\">1-G-FEB&#8217;in sunaca\u011f\u0131 e\u011fitim materyalleri arac\u0131l\u0131\u011f\u0131yla belirlenen zay\u0131f alanlarda geli\u015fme sa\u011flayacaklar.<\/p>\n<p style=\"text-align: left;\">2-\u00d6zellikle kad\u0131nlar olmak \u00fczere k\u0131r\u0131lgan gruplardan insanlar\u0131 dahil edecekler.<\/p>\n<p>[\/et_pb_text][\/et_pb_column][\/et_pb_row][\/et_pb_section]<\/p>\n","protected":false},"excerpt":{"rendered":"<p>Proje Hakk\u0131ndaG-FEB projesi, Balkan b\u00f6lgesinde Mesleki E\u011fitim ve \u00d6\u011fretim (ME\u00d6) sistemini yenilik\u00e7i ve piyasaya \u00f6zel e\u011fitim \u00e7\u00f6z\u00fcmleri olu\u015fturarak geli\u015ftirmeyi ama\u00e7lamaktad\u0131r. \u00a0Bu \u00e7\u00f6z\u00fcmler, kad\u0131n giri\u015fimciler aras\u0131nda s\u00fcrekli \u00f6\u011frenme f\u0131rsatlar\u0131 sunacak ve ye\u015fil ve s\u00fcrd\u00fcr\u00fclebilirlik becerilerinin geli\u015fimini te\u015fvik edecektir. Proje, Balkan b\u00f6lgesi ve T\u00fcrkiye&#8217;de d\u00fc\u015f\u00fck kaliteli mesleki e\u011fitim ve \u00f6\u011fretim, \u00f6zellikle kad\u0131nlar ve dezavantajl\u0131 gruplar aras\u0131ndaki y\u00fcksek [&hellip;]<\/p>\n","protected":false},"author":1,"featured_media":0,"parent":0,"menu_order":0,"comment_status":"closed","ping_status":"closed","template":"","meta":{"_et_pb_use_builder":"on","_et_pb_old_content":"","_et_gb_content_width":"","footnotes":""},"class_list":["post-78","page","type-page","status-publish","hentry"],"_links":{"self":[{"href":"https:\/\/gfeb.org\/tr\/wp-json\/wp\/v2\/pages\/78","targetHints":{"allow":["GET"]}}],"collection":[{"href":"https:\/\/gfeb.org\/tr\/wp-json\/wp\/v2\/pages"}],"about":[{"href":"https:\/\/gfeb.org\/tr\/wp-json\/wp\/v2\/types\/page"}],"author":[{"embeddable":true,"href":"https:\/\/gfeb.org\/tr\/wp-json\/wp\/v2\/users\/1"}],"replies":[{"embeddable":true,"href":"https:\/\/gfeb.org\/tr\/wp-json\/wp\/v2\/comments?post=78"}],"version-history":[{"count":14,"href":"https:\/\/gfeb.org\/tr\/wp-json\/wp\/v2\/pages\/78\/revisions"}],"predecessor-version":[{"id":896,"href":"https:\/\/gfeb.org\/tr\/wp-json\/wp\/v2\/pages\/78\/revisions\/896"}],"wp:attachment":[{"href":"https:\/\/gfeb.org\/tr\/wp-json\/wp\/v2\/media?parent=78"}],"curies":[{"name":"wp","href":"https:\/\/api.w.org\/{rel}","templated":true}]}}