{"id":80,"date":"2024-02-03T16:49:17","date_gmt":"2024-02-03T16:49:17","guid":{"rendered":"https:\/\/gfeb.org\/tr\/?page_id=80"},"modified":"2024-03-08T09:37:53","modified_gmt":"2024-03-08T09:37:53","slug":"partners","status":"publish","type":"page","link":"https:\/\/gfeb.org\/tr\/partners\/","title":{"rendered":"partners"},"content":{"rendered":"<p>[et_pb_section fb_built=&#8221;1&#8243; next_background_color=&#8221;#ffffff&#8221; _builder_version=&#8221;4.24.0&#8243; _module_preset=&#8221;default&#8221; use_background_color_gradient=&#8221;on&#8221; background_color_gradient_direction=&#8221;270deg&#8221; background_color_gradient_stops=&#8221;#5a7414 0%|#1f5100 100%&#8221; bottom_divider_style=&#8221;wave&#8221; bottom_divider_height=&#8221;32px&#8221; global_colors_info=&#8221;{}&#8221;][et_pb_row _builder_version=&#8221;4.24.0&#8243; _module_preset=&#8221;default&#8221; locked=&#8221;off&#8221; global_colors_info=&#8221;{}&#8221;][et_pb_column type=&#8221;4_4&#8243; _builder_version=&#8221;4.24.0&#8243; _module_preset=&#8221;default&#8221; global_colors_info=&#8221;{}&#8221;][et_pb_text _builder_version=&#8221;4.24.0&#8243; _module_preset=&#8221;default&#8221; header_text_align=&#8221;center&#8221; header_text_color=&#8221;#FFFFFF&#8221; hover_enabled=&#8221;0&#8243; global_colors_info=&#8221;{}&#8221; sticky_enabled=&#8221;0&#8243;]<\/p>\n<h1>Ortaklar<\/h1>\n<p>[\/et_pb_text][\/et_pb_column][\/et_pb_row][\/et_pb_section][et_pb_section fb_built=&#8221;1&#8243; _builder_version=&#8221;4.24.0&#8243; _module_preset=&#8221;default&#8221; custom_padding=&#8221;||3px|||&#8221; global_colors_info=&#8221;{}&#8221;][et_pb_row _builder_version=&#8221;4.24.0&#8243; _module_preset=&#8221;default&#8221; global_colors_info=&#8221;{}&#8221;][et_pb_column type=&#8221;4_4&#8243; _builder_version=&#8221;4.24.0&#8243; _module_preset=&#8221;default&#8221; global_colors_info=&#8221;{}&#8221;][et_pb_text _builder_version=&#8221;4.24.0&#8243; _module_preset=&#8221;default&#8221; custom_margin=&#8221;||11px|||&#8221; hover_enabled=&#8221;0&#8243; global_colors_info=&#8221;{}&#8221; sticky_enabled=&#8221;0&#8243;]<\/p>\n<p style=\"text-align: justify;\">Ortakl\u0131k, beceriler, deneyim, uzmanl\u0131k, bilgi ve operasyonel ge\u00e7mi\u015f a\u00e7\u0131s\u0131ndan birbirini tamamlayan birle\u015fik bir ekip olu\u015fturmak \u00fczere bir araya getirilmi\u015ftir. Her proje \u00e7\u0131kt\u0131s\u0131 belirli bir orta\u011fa atanm\u0131\u015f olsa da t\u00fcm ortaklar t\u00fcm faaliyetlere katk\u0131da bulunacakt\u0131r. Bu, her orta\u011f\u0131n deneyimine ve alanlar\u0131nda uzman olanlar\u0131n \u00e7al\u0131\u015fmalar\u0131na dayanarak benzersiz bir katk\u0131 sunabilmesi nedeniyledir. Bu benzersiz katk\u0131, \u00f6zellikle atanan konular ve egzersizler ba\u011flam\u0131nda son derece de\u011ferlidir.<\/p>\n<p>[\/et_pb_text][\/et_pb_column][\/et_pb_row][et_pb_row _builder_version=&#8221;4.24.0&#8243; _module_preset=&#8221;default&#8221; custom_margin=&#8221;-19px|auto|25px|auto||&#8221; custom_padding=&#8221;2px|||||&#8221; global_colors_info=&#8221;{}&#8221;][et_pb_column type=&#8221;4_4&#8243; _builder_version=&#8221;4.24.0&#8243; _module_preset=&#8221;default&#8221; global_colors_info=&#8221;{}&#8221;][et_pb_image src=&#8221;https:\/\/gfeb.org\/tr\/wp-content\/uploads\/sites\/5\/2024\/02\/partners_bgrd.jpg&#8221; title_text=&#8221;partners_bgrd&#8221; _builder_version=&#8221;4.24.0&#8243; _module_preset=&#8221;default&#8221; global_colors_info=&#8221;{}&#8221;][\/et_pb_image][et_pb_text _builder_version=&#8221;4.24.0&#8243; _module_preset=&#8221;default&#8221; hover_enabled=&#8221;0&#8243; global_colors_info=&#8221;{}&#8221; sticky_enabled=&#8221;0&#8243;]<\/p>\n<p>G-FEB projesi, a\u015fa\u011f\u0131da a\u00e7\u0131kland\u0131\u011f\u0131 gibi 7 farkl\u0131 \u00fclkeden, STK&#8217;lar ve \u00f6zel kurulu\u015flar olmak \u00fczere 8 kurulu\u015f aras\u0131nda \u00e7ok uluslu bir ortakl\u0131k kurmu\u015ftur:<\/p>\n<p>[\/et_pb_text][\/et_pb_column][\/et_pb_row][\/et_pb_section][et_pb_section fb_built=&#8221;1&#8243; _builder_version=&#8221;4.24.0&#8243; _module_preset=&#8221;default&#8221; custom_padding=&#8221;||||false|false&#8221; global_colors_info=&#8221;{}&#8221;][et_pb_row column_structure=&#8221;1_2,1_2&#8243; _builder_version=&#8221;4.24.0&#8243; _module_preset=&#8221;default&#8221; min_height=&#8221;503.3px&#8221; global_colors_info=&#8221;{}&#8221;][et_pb_column type=&#8221;1_2&#8243; _builder_version=&#8221;4.24.0&#8243; _module_preset=&#8221;default&#8221; global_colors_info=&#8221;{}&#8221;][et_pb_image src=&#8221;https:\/\/gfeb.org\/tr\/wp-content\/uploads\/sites\/5\/2024\/02\/SEGE.png&#8221; title_text=&#8221;SEGE&#8221; _builder_version=&#8221;4.24.0&#8243; _module_preset=&#8221;default&#8221; min_height=&#8221;415.3px&#8221; custom_margin=&#8221;-56px||||false|false&#8221; custom_padding=&#8221;0px||0px|||&#8221; global_colors_info=&#8221;{}&#8221;][\/et_pb_image][\/et_pb_column][et_pb_column type=&#8221;1_2&#8243; _builder_version=&#8221;4.24.0&#8243; _module_preset=&#8221;default&#8221; global_colors_info=&#8221;{}&#8221;][et_pb_text _builder_version=&#8221;4.24.0&#8243; _module_preset=&#8221;default&#8221; global_colors_info=&#8221;{}&#8221;]<\/p>\n<h3>SYNDESMOS EPICHERIMATION GYNAIKON ELLADAS (SEGE)<\/h3>\n<p>[\/et_pb_text][et_pb_text _builder_version=&#8221;4.24.0&#8243; _module_preset=&#8221;default&#8221; hover_enabled=&#8221;0&#8243; global_colors_info=&#8221;{}&#8221; sticky_enabled=&#8221;0&#8243;]<\/p>\n<p style=\"text-align: justify;\">Yunanistan Kad\u0131n Giri\u015fimciler Derne\u011fi &#8211; S.E.G.E &#8211; 1997 y\u0131l\u0131nda kurulmu\u015f ulusal bir sivil toplum kurulu\u015fu ve k\u00e2r amac\u0131 g\u00fctmeyen bir organizasyondur ve i\u015f d\u00fcnyas\u0131nda faaliyet g\u00f6steren Yunanistan&#8217;daki kad\u0131nlara hitap etmektedir. Her kad\u0131n\u0131n giri\u015fimcilik ve ki\u015fisel geli\u015fimi i\u00e7in g\u00fc\u00e7lendirilmesi, Yunanistan Kad\u0131n Giri\u015fimciler Derne\u011fi &#8211; S.E.G.E&#8217;nin felsefesinin merkezi \u00e7ekirde\u011fidir. S.E.G.E&#8217;nin misyonu, kad\u0131nlar\u0131n geli\u015fimini ve i\u015flerinin s\u00fcrd\u00fcr\u00fclebilirli\u011fini desteklemektir; bunu Dan\u0131\u015fmanl\u0131k, E\u011fitim, Ment\u00f6rl\u00fck gibi faaliyetlerin uygulanmas\u0131 yoluyla ger\u00e7ekle\u015ftirir. Ayn\u0131 zamanda, S.E.G.E., her kad\u0131n\u0131n profesyonel ve ki\u015fisel y\u00f6nde yol bulmas\u0131na yard\u0131mc\u0131 olmak amac\u0131yla tasarlanm\u0131\u015f faaliyetlere aktif olarak kat\u0131l\u0131r.<\/p>\n<p>[\/et_pb_text][et_pb_button button_url=&#8221;\/tr\/partner-sege&#8221; button_text=&#8221;Daha fazlas\u0131n\u0131 \u00f6\u011fren&#8221; _builder_version=&#8221;4.24.0&#8243; _module_preset=&#8221;default&#8221; hover_enabled=&#8221;0&#8243; global_colors_info=&#8221;{}&#8221; sticky_enabled=&#8221;0&#8243;][\/et_pb_button][\/et_pb_column][\/et_pb_row][\/et_pb_section][et_pb_section fb_built=&#8221;1&#8243; _builder_version=&#8221;4.24.0&#8243; _module_preset=&#8221;default&#8221; custom_margin=&#8221;||||false|false&#8221; custom_padding=&#8221;||||false|false&#8221; global_colors_info=&#8221;{}&#8221;][et_pb_row column_structure=&#8221;1_2,1_2&#8243; _builder_version=&#8221;4.24.0&#8243; _module_preset=&#8221;default&#8221; custom_margin=&#8221;|auto||auto|false|false&#8221; custom_padding=&#8221;0px||11px|||&#8221; global_colors_info=&#8221;{}&#8221;][et_pb_column type=&#8221;1_2&#8243; _builder_version=&#8221;4.24.0&#8243; _module_preset=&#8221;default&#8221; global_colors_info=&#8221;{}&#8221;][et_pb_image src=&#8221;https:\/\/gfeb.org\/tr\/wp-content\/uploads\/sites\/5\/2024\/02\/AAIE.png&#8221; title_text=&#8221;AAIE&#8221; _builder_version=&#8221;4.24.0&#8243; _module_preset=&#8221;default&#8221; custom_margin=&#8221;-50px||||false|false&#8221; global_colors_info=&#8221;{}&#8221;][\/et_pb_image][\/et_pb_column][et_pb_column type=&#8221;1_2&#8243; _builder_version=&#8221;4.24.0&#8243; _module_preset=&#8221;default&#8221; global_colors_info=&#8221;{}&#8221;][et_pb_text _builder_version=&#8221;4.24.0&#8243; _module_preset=&#8221;default&#8221; hover_enabled=&#8221;0&#8243; global_colors_info=&#8221;{}&#8221; sticky_enabled=&#8221;0&#8243;]<\/p>\n<h3>ALBANYA SANAY\u0130 \u00c7EVREC\u0130LER DERNE\u011e\u0130 (AAIE)<\/h3>\n<p>[\/et_pb_text][et_pb_text _builder_version=&#8221;4.24.0&#8243; _module_preset=&#8221;default&#8221; hover_enabled=&#8221;0&#8243; global_colors_info=&#8221;{}&#8221; sticky_enabled=&#8221;0&#8243;]<\/p>\n<p style=\"text-align: justify;\">AAIE, Uluslararas\u0131 ve Ulusal kurulu\u015flarla i\u015f birli\u011fi yapma konusunda geni\u015f deneyime sahip olup, \u00e7e\u015fitli sosyo-ekonomik politika giri\u015fimlerinin analizi, ara\u015ft\u0131r\u0131lmas\u0131, planlanmas\u0131, uygulanmas\u0131 ve de\u011ferlendirilmesinde on be\u015f y\u0131ldan fazla bir uzmanl\u0131\u011fa sahiptir. Bu uzmanl\u0131k \u00f6zellikle \u00e7evre alan\u0131nda yo\u011funla\u015fm\u0131\u015ft\u0131r.<\/p>\n<p style=\"text-align: justify;\">\n<p style=\"text-align: justify;\">Sivil toplum kurulu\u015fu olarak, projelerimiz \u00e7evre ve insan geli\u015fimine odaklanm\u0131\u015f olup, \u00fclkenin sosyal ve ekonomik iyile\u015fmesini te\u015fvik etmeye adanm\u0131\u015ft\u0131r.<\/p>\n<p>[\/et_pb_text][et_pb_button button_url=&#8221;\/tr\/partner-aaie&#8221; button_text=&#8221;Daha fazlas\u0131n\u0131 \u00f6\u011fren&#8221; _builder_version=&#8221;4.24.0&#8243; _module_preset=&#8221;default&#8221; hover_enabled=&#8221;0&#8243; global_colors_info=&#8221;{}&#8221; sticky_enabled=&#8221;0&#8243;][\/et_pb_button][\/et_pb_column][\/et_pb_row][et_pb_row column_structure=&#8221;1_2,1_2&#8243; _builder_version=&#8221;4.24.0&#8243; _module_preset=&#8221;default&#8221; custom_margin=&#8221;|auto|15px|auto||&#8221; global_colors_info=&#8221;{}&#8221;][et_pb_column type=&#8221;1_2&#8243; _builder_version=&#8221;4.24.0&#8243; _module_preset=&#8221;default&#8221; global_colors_info=&#8221;{}&#8221;][et_pb_image src=&#8221;https:\/\/gfeb.org\/tr\/wp-content\/uploads\/sites\/5\/2024\/02\/UPZ.png&#8221; title_text=&#8221;UPZ&#8221; _builder_version=&#8221;4.24.0&#8243; _module_preset=&#8221;default&#8221; custom_margin=&#8221;-56px||||false|false&#8221; global_colors_info=&#8221;{}&#8221;][\/et_pb_image][\/et_pb_column][et_pb_column type=&#8221;1_2&#8243; _builder_version=&#8221;4.24.0&#8243; _module_preset=&#8221;default&#8221; global_colors_info=&#8221;{}&#8221;][et_pb_text _builder_version=&#8221;4.24.0&#8243; _module_preset=&#8221;default&#8221; hover_enabled=&#8221;0&#8243; global_colors_info=&#8221;{}&#8221; sticky_enabled=&#8221;0&#8243;]<\/p>\n<h3>BOSNA-HERSEK \u0130\u015e KADINLARI DERNE\u011e\u0130 (ABW B\u0130H)<\/h3>\n<p>[\/et_pb_text][et_pb_text _builder_version=&#8221;4.24.0&#8243; _module_preset=&#8221;default&#8221; hover_enabled=&#8221;0&#8243; global_colors_info=&#8221;{}&#8221; sticky_enabled=&#8221;0&#8243;]<\/p>\n<p style=\"text-align: justify;\">Bosna-Hersek \u0130\u015f Kad\u0131nlar\u0131 Derne\u011fi (ABW BiH): Kad\u0131n Giri\u015fimcili\u011finin Desteklenmesi, E\u011fitimi ve Tan\u0131t\u0131m\u0131.<\/p>\n<p style=\"text-align: justify;\">Bosna-Hersek \u0130\u015f Kad\u0131nlar\u0131 Derne\u011fi (ABW BiH), kad\u0131n giri\u015fimcili\u011finin desteklenmesi, e\u011fitimi ve tan\u0131t\u0131m\u0131 yoluyla de\u011fi\u015fim ve ilerleme i\u00e7in bir g\u00fcc\u00fc temsil eder. Ba\u015far\u0131l\u0131 i\u015f kad\u0131nlar\u0131, y\u00f6neticiler ve uzmanlar taraf\u0131ndan kurulmu\u015ftur. Dernek \u00fcyeleri, BiH&#8217;de daha olumlu bir ekonomik ortam olu\u015fturmak i\u00e7in aktif olarak \u00e7al\u0131\u015fmaktad\u0131r.<\/p>\n<p style=\"text-align: justify;\">ABW BiH&#8217;nin misyonu, a\u011f olu\u015fturma, e\u011fitim ve dan\u0131\u015fmanl\u0131k arac\u0131l\u0131\u011f\u0131yla kad\u0131n giri\u015fimcili\u011finin geli\u015fimini desteklemektir. Derne\u011fin vizyonu, geli\u015ftirilmi\u015f kalk\u0131nma politikalar\u0131 ve yeni i\u015flerin yarat\u0131lmas\u0131yla kad\u0131n giri\u015fimcili\u011finin geli\u015fimi i\u00e7in sosyal \u00e7er\u00e7evenin g\u00fc\u00e7lendirilmesidir.<\/p>\n<p>[\/et_pb_text][et_pb_button button_url=&#8221;\/tr\/partner-upz&#8221; button_text=&#8221;Daha fazlas\u0131n\u0131 \u00f6\u011fren&#8221; _builder_version=&#8221;4.24.0&#8243; _module_preset=&#8221;default&#8221; hover_enabled=&#8221;0&#8243; global_colors_info=&#8221;{}&#8221; sticky_enabled=&#8221;0&#8243;][\/et_pb_button][\/et_pb_column][\/et_pb_row][et_pb_row column_structure=&#8221;1_2,1_2&#8243; _builder_version=&#8221;4.24.0&#8243; _module_preset=&#8221;default&#8221; min_height=&#8221;404.3px&#8221; custom_margin=&#8221;|auto||auto|false|false&#8221; custom_padding=&#8221;||0px|||&#8221; global_colors_info=&#8221;{}&#8221;][et_pb_column type=&#8221;1_2&#8243; _builder_version=&#8221;4.24.0&#8243; _module_preset=&#8221;default&#8221; global_colors_info=&#8221;{}&#8221;][et_pb_image src=&#8221;https:\/\/gfeb.org\/tr\/wp-content\/uploads\/sites\/5\/2024\/02\/ABW.png&#8221; title_text=&#8221;ABW&#8221; _builder_version=&#8221;4.24.0&#8243; _module_preset=&#8221;default&#8221; custom_margin=&#8221;||||false|false&#8221; global_colors_info=&#8221;{}&#8221;][\/et_pb_image][\/et_pb_column][et_pb_column type=&#8221;1_2&#8243; _builder_version=&#8221;4.24.0&#8243; _module_preset=&#8221;default&#8221; global_colors_info=&#8221;{}&#8221;][et_pb_text _builder_version=&#8221;4.24.0&#8243; _module_preset=&#8221;default&#8221; hover_enabled=&#8221;0&#8243; global_colors_info=&#8221;{}&#8221; sticky_enabled=&#8221;0&#8243;]<\/p>\n<h3>\u0130\u015e KADINLARI DERNE\u011e\u0130 &#8211; KUZEY MAKEDONYA<\/h3>\n<p>[\/et_pb_text][et_pb_text _builder_version=&#8221;4.24.0&#8243; _module_preset=&#8221;default&#8221; hover_enabled=&#8221;0&#8243; global_colors_info=&#8221;{}&#8221; sticky_enabled=&#8221;0&#8243;]<\/p>\n<p style=\"text-align: justify;\">Kuzey Makedonya \u0130\u015f Kad\u0131nlar\u0131 Derne\u011fi, h\u00fck\u00fcmet, STK&#8217;lar ve \u00f6zel sekt\u00f6rle olan diyalogda belirli ve yetkin bir ortakt\u0131r. Bu, \u00f6zellikle kad\u0131n giri\u015fimcili\u011fine ekonomik b\u00fcy\u00fcmenin bir fakt\u00f6r\u00fc olarak \u00f6zel bir vurguyla, sosyal ve ekonomik geli\u015fime katk\u0131da bulunur.<\/p>\n<p style=\"text-align: justify;\">Dernek, Kezey Makedonya ve b\u00f6lgedeki kad\u0131n giri\u015fimcileri desteklemek ve tan\u0131tmak amac\u0131yla i\u015f kad\u0131nlar\u0131 aras\u0131ndaki diyalog ve i\u015f birli\u011finin d\u00fczenlenmesinde \u00f6nc\u00fc bir rol oynamaktad\u0131r.<\/p>\n<p style=\"text-align: justify;\">\u0130\u015f Kad\u0131nlar\u0131 Derne\u011fi, \u00fclkede ve b\u00f6lgede kad\u0131n giri\u015fimcili\u011fini te\u015fvik etmek ve g\u00fc\u00e7lendirmek i\u00e7in aktif olarak \u00e7al\u0131\u015fan bir STK olarak Temmuz 2010&#8217;da resmen kurulmu\u015ftur. Kad\u0131n giri\u015fimcili\u011fi, \u00f6zel sekt\u00f6rde ekonomik kalk\u0131nman\u0131n ayr\u0131 bir dal\u0131 olarak, devlet kurumlar\u0131 ve derneklerde a\u00e7\u0131k\u00e7a tan\u0131mlanmam\u0131\u015ft\u0131r.<\/p>\n<p>[\/et_pb_text][et_pb_button button_url=&#8221;\/tr\/partner-abw&#8221; button_text=&#8221;Daha fazlas\u0131n\u0131 \u00f6\u011fren&#8221; _builder_version=&#8221;4.24.0&#8243; _module_preset=&#8221;default&#8221; hover_enabled=&#8221;0&#8243; global_colors_info=&#8221;{}&#8221; sticky_enabled=&#8221;0&#8243;][\/et_pb_button][\/et_pb_column][\/et_pb_row][et_pb_row column_structure=&#8221;1_2,1_2&#8243; _builder_version=&#8221;4.24.0&#8243; _module_preset=&#8221;default&#8221; min_height=&#8221;488.3px&#8221; custom_margin=&#8221;|auto|12px|auto|false|false&#8221; custom_padding=&#8221;||0px||false|false&#8221; global_colors_info=&#8221;{}&#8221;][et_pb_column type=&#8221;1_2&#8243; _builder_version=&#8221;4.24.0&#8243; _module_preset=&#8221;default&#8221; global_colors_info=&#8221;{}&#8221;][et_pb_image src=&#8221;https:\/\/gfeb.org\/tr\/wp-content\/uploads\/sites\/5\/2024\/02\/APZ.png&#8221; title_text=&#8221;APZ&#8221; _builder_version=&#8221;4.24.0&#8243; _module_preset=&#8221;default&#8221; custom_margin=&#8221;-76px||||false|false&#8221; global_colors_info=&#8221;{}&#8221;][\/et_pb_image][\/et_pb_column][et_pb_column type=&#8221;1_2&#8243; _builder_version=&#8221;4.24.0&#8243; _module_preset=&#8221;default&#8221; global_colors_info=&#8221;{}&#8221;][et_pb_text _builder_version=&#8221;4.24.0&#8243; _module_preset=&#8221;default&#8221; hover_enabled=&#8221;0&#8243; global_colors_info=&#8221;{}&#8221; sticky_enabled=&#8221;0&#8243;]<\/p>\n<h3>\u0130\u015e KADINLARI DERNE\u011e\u0130 \u2013 KARADA\u011e<\/h3>\n<p>[\/et_pb_text][et_pb_text _builder_version=&#8221;4.24.0&#8243; _module_preset=&#8221;default&#8221; hover_enabled=&#8221;0&#8243; global_colors_info=&#8221;{}&#8221; sticky_enabled=&#8221;0&#8243;]<\/p>\n<p style=\"text-align: justify;\">Karada\u011f \u0130\u015f Kad\u0131nlar\u0131 Derne\u011fi, i\u015f d\u00fcnyas\u0131ndaki kad\u0131nlar\u0131 desteklemekte, kad\u0131n liderli\u011fi ve giri\u015fimcili\u011fini te\u015fvik etmekte, i\u015f ortam\u0131n\u0131n iyile\u015ftirilmesi i\u00e7in savunuculuk yapmakta ve yerel, b\u00f6lgesel ve uluslararas\u0131 d\u00fczeyde s\u00fcrekli olarak a\u011f olu\u015fturmay\u0131 te\u015fvik etmektedir.<\/p>\n<p style=\"text-align: justify;\">Karada\u011f \u0130\u015f Kad\u0131nlar\u0131 Derne\u011fi, kamu-\u00f6zel sekt\u00f6r diyalo\u011funda sayg\u0131n bir ortak olarak tan\u0131nmakta ve kad\u0131n giri\u015fimcili\u011fini ekonomik b\u00fcy\u00fcmenin bir fakt\u00f6r\u00fc olarak \u00f6zel bir odak noktas\u0131 olarak g\u00f6stererek sosyal ve ekonomik kalk\u0131nmaya katk\u0131da bulunmaktad\u0131r.<\/p>\n<p>[\/et_pb_text][et_pb_button button_url=&#8221;\/tr\/partner-apz&#8221; button_text=&#8221;Daha fazlas\u0131n\u0131 \u00f6\u011fren&#8221; _builder_version=&#8221;4.24.0&#8243; _module_preset=&#8221;default&#8221; hover_enabled=&#8221;0&#8243; global_colors_info=&#8221;{}&#8221; sticky_enabled=&#8221;0&#8243;][\/et_pb_button][\/et_pb_column][\/et_pb_row][et_pb_row column_structure=&#8221;1_2,1_2&#8243; _builder_version=&#8221;4.24.0&#8243; _module_preset=&#8221;default&#8221; min_height=&#8221;514.1px&#8221; custom_margin=&#8221;|auto||auto|false|false&#8221; custom_padding=&#8221;17px|||||&#8221; global_colors_info=&#8221;{}&#8221;][et_pb_column type=&#8221;1_2&#8243; _builder_version=&#8221;4.24.0&#8243; _module_preset=&#8221;default&#8221; global_colors_info=&#8221;{}&#8221;][et_pb_image src=&#8221;https:\/\/gfeb.org\/tr\/wp-content\/uploads\/sites\/5\/2024\/02\/KAGIDER.png&#8221; title_text=&#8221;KAGIDER&#8221; _builder_version=&#8221;4.24.0&#8243; _module_preset=&#8221;default&#8221; custom_margin=&#8221;||||false|false&#8221; global_colors_info=&#8221;{}&#8221;][\/et_pb_image][\/et_pb_column][et_pb_column type=&#8221;1_2&#8243; _builder_version=&#8221;4.24.0&#8243; _module_preset=&#8221;default&#8221; global_colors_info=&#8221;{}&#8221;][et_pb_text _builder_version=&#8221;4.24.0&#8243; _module_preset=&#8221;default&#8221; hover_enabled=&#8221;0&#8243; global_colors_info=&#8221;{}&#8221; sticky_enabled=&#8221;0&#8243;]<\/p>\n<h3><span>T\u00dcRK\u0130YE KADIN G\u0130R\u0130\u015e\u0130MC\u0130LER DERNE\u011e\u0130 <\/span><span>(KAGIDER)<\/span><\/h3>\n<p>[\/et_pb_text][et_pb_text _builder_version=&#8221;4.24.0&#8243; _module_preset=&#8221;default&#8221; hover_enabled=&#8221;0&#8243; global_colors_info=&#8221;{}&#8221; sticky_enabled=&#8221;0&#8243;]<\/p>\n<p style=\"text-align: justify;\">T\u00fcrkiye Kad\u0131n Giri\u015fimciler Derne\u011fi (KAG\u0130DER), kad\u0131nlar\u0131 giri\u015fimcilik arac\u0131l\u0131\u011f\u0131yla g\u00fc\u00e7lendirmeyi ama\u00e7layan bir sivil toplum kurulu\u015fudur. T\u00fcrkiye Kad\u0131n Giri\u015fimciler Derne\u011fi, Eyl\u00fcl 2002&#8217;de T\u00fcrkiye&#8217;de faaliyet g\u00f6steren 37 kad\u0131n giri\u015fimci taraf\u0131ndan kurulan, k\u00e2r amac\u0131 g\u00fctmeyen bir sivil toplum kurulu\u015fudur.<\/p>\n<p style=\"text-align: justify;\">KAG\u0130DER, kamu, \u00f6zel sekt\u00f6r ve sivil toplum payda\u015fl\u0131\u011f\u0131nda kurulu\u015fundan bu yana bir\u00e7ok proje ve i\u015f birli\u011finde yer alm\u0131\u015ft\u0131r. Kurulu\u015fun hedefleri aras\u0131nda gen\u00e7 kad\u0131nlar\u0131 i\u015f ya\u015fam\u0131na haz\u0131rlamak, giri\u015fimci olmak isteyen kad\u0131nlara e\u011fitim ve ment\u00f6rl\u00fck deste\u011fi sa\u011flamak, rol model kad\u0131n giri\u015fimci say\u0131s\u0131n\u0131 art\u0131rmak ve g\u00f6r\u00fcn\u00fcr k\u0131lmak bulunmaktad\u0131r.<\/p>\n<p>[\/et_pb_text][et_pb_button button_url=&#8221;\/tr\/partner-kagider&#8221; button_text=&#8221;Daha fazlas\u0131n\u0131 \u00f6\u011fren&#8221; _builder_version=&#8221;4.24.0&#8243; _module_preset=&#8221;default&#8221; hover_enabled=&#8221;0&#8243; global_colors_info=&#8221;{}&#8221; sticky_enabled=&#8221;0&#8243;][\/et_pb_button][\/et_pb_column][\/et_pb_row][et_pb_row column_structure=&#8221;1_2,1_2&#8243; _builder_version=&#8221;4.24.0&#8243; _module_preset=&#8221;default&#8221; custom_margin=&#8221;|auto|-45px|auto||&#8221; custom_padding=&#8221;||0px||false|false&#8221; global_colors_info=&#8221;{}&#8221;][et_pb_column type=&#8221;1_2&#8243; _builder_version=&#8221;4.24.0&#8243; _module_preset=&#8221;default&#8221; global_colors_info=&#8221;{}&#8221;][et_pb_image src=&#8221;https:\/\/gfeb.org\/tr\/wp-content\/uploads\/sites\/5\/2024\/02\/WECA.png&#8221; title_text=&#8221;WECA&#8221; _builder_version=&#8221;4.24.0&#8243; _module_preset=&#8221;default&#8221; custom_margin=&#8221;||||false|false&#8221; global_colors_info=&#8221;{}&#8221;][\/et_pb_image][\/et_pb_column][et_pb_column type=&#8221;1_2&#8243; _builder_version=&#8221;4.24.0&#8243; _module_preset=&#8221;default&#8221; global_colors_info=&#8221;{}&#8221;][et_pb_text _builder_version=&#8221;4.24.0&#8243; _module_preset=&#8221;default&#8221; hover_enabled=&#8221;0&#8243; global_colors_info=&#8221;{}&#8221; sticky_enabled=&#8221;0&#8243;]<\/p>\n<h3>ARNAVUTLUK KADIN EKONOM\u0130 ODASI<span>\u00a0(WECA)<\/span><\/h3>\n<p>[\/et_pb_text][et_pb_text _builder_version=&#8221;4.24.0&#8243; _module_preset=&#8221;default&#8221; hover_enabled=&#8221;0&#8243; global_colors_info=&#8221;{}&#8221; sticky_enabled=&#8221;0&#8243;]<\/p>\n<p style=\"text-align: justify;\">Arnavutluk Kad\u0131n Ekonomi Odas\u0131 (WECA), 26 Haziran 2020&#8217;de resmi olarak kuruldu.<\/p>\n<p style=\"text-align: justify;\">Oda, Arnavutluk&#8217;ta kad\u0131n giri\u015fimcili\u011finin g\u00fc\u00e7lendirilmesi i\u00e7in toplum \u00fczerinde etkide bulunmak amac\u0131yla bir grup kad\u0131n giri\u015fimci ve profesyonelin ortak \u00e7\u0131karlar\u0131n\u0131 temsil eder. \u0130\u015f d\u00fcnyas\u0131n\u0131n \u00e7e\u015fitli alanlar\u0131nda y\u0131llarca deneyim kazand\u0131ktan sonra, kad\u0131nlar\u0131n liderli\u011findeki i\u015fletmelerin toplulu\u011funu geni\u015fletmek i\u00e7in bilgi, enerji,\u00a0 ve katk\u0131da bulunma arzusu ile bir araya geldiler.<\/p>\n<p style=\"text-align: justify;\">WECA&#8217;n\u0131n misyonu, ekonominin destekleyicileri olarak kad\u0131nlar\u0131 giri\u015fimcilikte g\u00fc\u00e7lendirmek ve ekonomik konulardaki t\u00fcm karar alma s\u00fcre\u00e7lerine katk\u0131da bulunmakt\u0131r.<\/p>\n<p>[\/et_pb_text][et_pb_button button_url=&#8221;\/tr\/partner-weca&#8221; button_text=&#8221;Daha fazlas\u0131n\u0131 \u00f6\u011fren&#8221; _builder_version=&#8221;4.24.0&#8243; _module_preset=&#8221;default&#8221; hover_enabled=&#8221;0&#8243; global_colors_info=&#8221;{}&#8221; sticky_enabled=&#8221;0&#8243;][\/et_pb_button][\/et_pb_column][\/et_pb_row][et_pb_row column_structure=&#8221;1_2,1_2&#8243; _builder_version=&#8221;4.24.0&#8243; _module_preset=&#8221;default&#8221; min_height=&#8221;459.6px&#8221; custom_margin=&#8221;|auto||auto|false|false&#8221; custom_padding=&#8221;104px||0px||false|false&#8221; global_colors_info=&#8221;{}&#8221;][et_pb_column type=&#8221;1_2&#8243; _builder_version=&#8221;4.24.0&#8243; _module_preset=&#8221;default&#8221; global_colors_info=&#8221;{}&#8221;][et_pb_image src=&#8221;https:\/\/gfeb.org\/tr\/wp-content\/uploads\/sites\/5\/2024\/02\/BEST.png&#8221; title_text=&#8221;BEST&#8221; _builder_version=&#8221;4.24.0&#8243; _module_preset=&#8221;default&#8221; custom_margin=&#8221;-76px||||false|false&#8221; global_colors_info=&#8221;{}&#8221;][\/et_pb_image][\/et_pb_column][et_pb_column type=&#8221;1_2&#8243; _builder_version=&#8221;4.24.0&#8243; _module_preset=&#8221;default&#8221; global_colors_info=&#8221;{}&#8221;][et_pb_text _builder_version=&#8221;4.24.0&#8243; _module_preset=&#8221;default&#8221; hover_enabled=&#8221;0&#8243; global_colors_info=&#8221;{}&#8221; sticky_enabled=&#8221;0&#8243;]<\/p>\n<h3>BEST INSTITUT GMBH \u2013 KAR\u0130YER VE PERSONEL E\u011e\u0130T\u0130M\u0130<\/h3>\n<p>[\/et_pb_text][et_pb_text _builder_version=&#8221;4.24.0&#8243; _module_preset=&#8221;default&#8221; hover_enabled=&#8221;0&#8243; global_colors_info=&#8221;{}&#8221; sticky_enabled=&#8221;0&#8243;]<\/p>\n<p style=\"text-align: justify;\">BEST Institut GmbH, s\u00fcrekli e\u011fitim, mesleki niteliklendirme ve kariyer hizmetleri sunan ba\u011f\u0131ms\u0131z bir Avusturya kurulu\u015fu olarak 1990 y\u0131l\u0131nda kurulmu\u015ftur. Ana faaliyetleri gen\u00e7ler ve yeti\u015fkinler i\u00e7in inovatif e\u011fitim programlar\u0131n\u0131n geli\u015ftirilmesi, olup hedef kitlesinin bir\u00e7o\u011fu dezavantajl\u0131 gruplar, m\u00fcltecilerdir. Bu gruplardaki i\u015f arayanlar\u0131na ya da \u00e7al\u0131\u015fanlara s\u00fcrekli mesleki e\u011fitim, dan\u0131\u015fmanl\u0131k ve ko\u00e7luk vermektedir.\u00a0<\/p>\n<p>[\/et_pb_text][et_pb_button button_url=&#8221;\/tr\/partner-best&#8221; button_text=&#8221;Daha fazlas\u0131n\u0131 \u00f6\u011fren&#8221; _builder_version=&#8221;4.24.0&#8243; _module_preset=&#8221;default&#8221; hover_enabled=&#8221;0&#8243; global_colors_info=&#8221;{}&#8221; sticky_enabled=&#8221;0&#8243;][\/et_pb_button][\/et_pb_column][\/et_pb_row][\/et_pb_section]<\/p>\n","protected":false},"excerpt":{"rendered":"<p>OrtaklarOrtakl\u0131k, beceriler, deneyim, uzmanl\u0131k, bilgi ve operasyonel ge\u00e7mi\u015f a\u00e7\u0131s\u0131ndan birbirini tamamlayan birle\u015fik bir ekip olu\u015fturmak \u00fczere bir araya getirilmi\u015ftir. Her proje \u00e7\u0131kt\u0131s\u0131 belirli bir orta\u011fa atanm\u0131\u015f olsa da t\u00fcm ortaklar t\u00fcm faaliyetlere katk\u0131da bulunacakt\u0131r. Bu, her orta\u011f\u0131n deneyimine ve alanlar\u0131nda uzman olanlar\u0131n \u00e7al\u0131\u015fmalar\u0131na dayanarak benzersiz bir katk\u0131 sunabilmesi nedeniyledir. Bu benzersiz katk\u0131, \u00f6zellikle atanan konular [&hellip;]<\/p>\n","protected":false},"author":1,"featured_media":0,"parent":0,"menu_order":0,"comment_status":"closed","ping_status":"closed","template":"","meta":{"_et_pb_use_builder":"on","_et_pb_old_content":"","_et_gb_content_width":"","footnotes":""},"class_list":["post-80","page","type-page","status-publish","hentry"],"_links":{"self":[{"href":"https:\/\/gfeb.org\/tr\/wp-json\/wp\/v2\/pages\/80","targetHints":{"allow":["GET"]}}],"collection":[{"href":"https:\/\/gfeb.org\/tr\/wp-json\/wp\/v2\/pages"}],"about":[{"href":"https:\/\/gfeb.org\/tr\/wp-json\/wp\/v2\/types\/page"}],"author":[{"embeddable":true,"href":"https:\/\/gfeb.org\/tr\/wp-json\/wp\/v2\/users\/1"}],"replies":[{"embeddable":true,"href":"https:\/\/gfeb.org\/tr\/wp-json\/wp\/v2\/comments?post=80"}],"version-history":[{"count":31,"href":"https:\/\/gfeb.org\/tr\/wp-json\/wp\/v2\/pages\/80\/revisions"}],"predecessor-version":[{"id":898,"href":"https:\/\/gfeb.org\/tr\/wp-json\/wp\/v2\/pages\/80\/revisions\/898"}],"wp:attachment":[{"href":"https:\/\/gfeb.org\/tr\/wp-json\/wp\/v2\/media?parent=80"}],"curies":[{"name":"wp","href":"https:\/\/api.w.org\/{rel}","templated":true}]}}