{"id":98,"date":"2024-02-03T16:51:46","date_gmt":"2024-02-03T16:51:46","guid":{"rendered":"https:\/\/gfeb.org\/tr\/?page_id=98"},"modified":"2025-03-19T12:02:48","modified_gmt":"2025-03-19T12:02:48","slug":"home","status":"publish","type":"page","link":"https:\/\/gfeb.org\/tr\/","title":{"rendered":"Home"},"content":{"rendered":"<p>[et_pb_section fb_built=&#8221;1&#8243; next_background_color=&#8221;#ffffff&#8221; _builder_version=&#8221;4.24.0&#8243; _module_preset=&#8221;default&#8221; use_background_color_gradient=&#8221;on&#8221; background_color_gradient_direction=&#8221;270deg&#8221; background_color_gradient_stops=&#8221;#5a7414 0%|#1f5100 100%&#8221; custom_padding=&#8221;15px|||||&#8221; bottom_divider_style=&#8221;wave&#8221; bottom_divider_height=&#8221;37px&#8221; global_colors_info=&#8221;{}&#8221;][et_pb_row column_structure=&#8221;2_5,3_5&#8243; make_equal=&#8221;on&#8221; _builder_version=&#8221;4.24.0&#8243; _module_preset=&#8221;default&#8221; custom_margin=&#8221;|auto|-12px|auto||&#8221; global_colors_info=&#8221;{}&#8221;][et_pb_column type=&#8221;2_5&#8243; _builder_version=&#8221;4.24.0&#8243; _module_preset=&#8221;default&#8221; global_colors_info=&#8221;{}&#8221;][et_pb_text _builder_version=&#8221;4.24.0&#8243; _module_preset=&#8221;default&#8221; text_text_color=&#8221;#FFFFFF&#8221; header_font=&#8221;|600|||||||&#8221; header_text_color=&#8221;#FFFFFF&#8221; header_font_size=&#8221;31px&#8221; header_line_height=&#8221;1.2em&#8221; width=&#8221;100%&#8221; custom_padding=&#8221;|0px||||&#8221; global_colors_info=&#8221;{}&#8221;]<\/p>\n<h1>Balkanlarda<br \/><span style=\"color: #a3cf01;\">Kad\u0131n Giri\u015fimcilerin<\/span><br \/>Ye\u015fil D\u00f6n\u00fc\u015f\u00fcmleri<\/h1>\n<p>[\/et_pb_text][et_pb_button button_url=&#8221;\/tr\/about&#8221; button_text=&#8221;Daha fazlas\u0131n\u0131 \u00f6\u011fren&#8221; _builder_version=&#8221;4.24.0&#8243; _module_preset=&#8221;default&#8221; custom_button=&#8221;on&#8221; button_text_size=&#8221;16px&#8221; button_border_width=&#8221;2px&#8221; button_border_color=&#8221;#FFFFFF&#8221; button_border_radius=&#8221;10px&#8221; button_letter_spacing=&#8221;1px&#8221; background_layout=&#8221;dark&#8221; animation_style=&#8221;fade&#8221; animation_duration=&#8221;1600ms&#8221; global_colors_info=&#8221;{}&#8221; button_bg_color__hover_enabled=&#8221;on|hover&#8221; button_bg_color__hover=&#8221;RGBA(255,255,255,0)&#8221; button_bg_enable_color__hover=&#8221;on&#8221; button_border_width__hover_enabled=&#8221;on|hover&#8221; button_border_width__hover=&#8221;2px&#8221; button_border_color__hover_enabled=&#8221;on|hover&#8221; button_border_color__hover=&#8221;#FFFFFF&#8221;][\/et_pb_button][et_pb_button button_url=&#8221;https:\/\/gfeb.org\/collaboration\/&#8221; button_text=&#8221;I\u015fbirli\u011fi yapmak&#8221; _builder_version=&#8221;4.24.0&#8243; _module_preset=&#8221;default&#8221; custom_button=&#8221;on&#8221; button_text_size=&#8221;16px&#8221; button_text_color=&#8221;#0A0000&#8243; button_bg_color=&#8221;#A3CF01&#8243; button_border_color=&#8221;#FFFFFF&#8221; button_border_radius=&#8221;12px&#8221; button_letter_spacing=&#8221;1px&#8221; hover_enabled=&#8221;0&#8243; global_colors_info=&#8221;{}&#8221; sticky_enabled=&#8221;0&#8243; locked=&#8221;off&#8221;][\/et_pb_button][\/et_pb_column][et_pb_column type=&#8221;3_5&#8243; _builder_version=&#8221;4.24.0&#8243; _module_preset=&#8221;default&#8221; global_colors_info=&#8221;{}&#8221;][et_pb_image src=&#8221;https:\/\/gfeb.org\/tr\/wp-content\/uploads\/sites\/5\/2024\/02\/option03.png&#8221; title_text=&#8221;option03&#8243; _builder_version=&#8221;4.24.0&#8243; _module_preset=&#8221;default&#8221; width=&#8221;99.8%&#8221; custom_margin=&#8221;|||-26px||&#8221; animation_style=&#8221;slide&#8221; animation_direction=&#8221;right&#8221; global_colors_info=&#8221;{}&#8221;][\/et_pb_image][\/et_pb_column][\/et_pb_row][\/et_pb_section][et_pb_section fb_built=&#8221;1&#8243; _builder_version=&#8221;4.24.0&#8243; _module_preset=&#8221;default&#8221; custom_padding=&#8221;||80px||false|false&#8221; global_colors_info=&#8221;{}&#8221;][et_pb_row column_structure=&#8221;1_3,1_3,1_3&#8243; use_custom_gutter=&#8221;on&#8221; gutter_width=&#8221;1&#8243; _builder_version=&#8221;4.24.0&#8243; _module_preset=&#8221;default&#8221; custom_margin=&#8221;-139px||||false|false&#8221; custom_padding=&#8221;1px|||||&#8221; global_colors_info=&#8221;{}&#8221;][et_pb_column type=&#8221;1_3&#8243; _builder_version=&#8221;4.24.0&#8243; _module_preset=&#8221;default&#8221; global_colors_info=&#8221;{}&#8221;][et_pb_blurb title=&#8221;Ye\u015fil Ol&#8221; use_icon=&#8221;on&#8221; font_icon=&#8221;&#xf18c;||fa||400&#8243; icon_color=&#8221;#5A7414&#8243; image_icon_background_color=&#8221;#A3CF01&#8243; icon_placement=&#8221;left&#8221; _builder_version=&#8221;4.24.0&#8243; _module_preset=&#8221;default&#8221; header_font=&#8221;|700|||||||&#8221; header_text_color=&#8221;#5A7414&#8243; body_font_size=&#8221;13px&#8221; background_color=&#8221;#FFFFFF&#8221; custom_margin=&#8221;22px|22px|22px|22px|true|true&#8221; custom_padding=&#8221;22px|22px|22px|22px|true|true&#8221; animation_style=&#8221;slide&#8221; animation_direction=&#8221;bottom&#8221; border_radii=&#8221;on|13px|13px|13px|13px&#8221; border_radii_image=&#8221;on|16px|16px|16px|16px&#8221; border_width_all_image=&#8221;13px&#8221; border_color_all_image=&#8221;#A3CF01&#8243; box_shadow_style=&#8221;preset1&#8243; global_colors_info=&#8221;{}&#8221;]<\/p>\n<p>Kad\u0131n giri\u015fimcileri ye\u015fil giri\u015fimcilik kavram\u0131na yakla\u015ft\u0131r<\/p>\n<p>[\/et_pb_blurb][\/et_pb_column][et_pb_column type=&#8221;1_3&#8243; _builder_version=&#8221;4.24.0&#8243; _module_preset=&#8221;default&#8221; global_colors_info=&#8221;{}&#8221;][et_pb_blurb title=&#8221;Bilgili Ol&#8221; use_icon=&#8221;on&#8221; font_icon=&#8221;&#xf0eb;||fa||900&#8243; icon_color=&#8221;#5A7414&#8243; image_icon_background_color=&#8221;#A3CF01&#8243; icon_placement=&#8221;left&#8221; _builder_version=&#8221;4.24.0&#8243; _module_preset=&#8221;default&#8221; header_font=&#8221;|700|||||||&#8221; header_text_color=&#8221;#5A7414&#8243; body_font_size=&#8221;13px&#8221; background_color=&#8221;#FFFFFF&#8221; custom_margin=&#8221;22px|22px|22px|22px|true|true&#8221; custom_padding=&#8221;22px|22px|22px|22px|true|true&#8221; animation_style=&#8221;slide&#8221; animation_direction=&#8221;bottom&#8221; border_radii=&#8221;on|13px|13px|13px|13px&#8221; border_radii_image=&#8221;on|16px|16px|16px|16px&#8221; border_width_all_image=&#8221;13px&#8221; border_color_all_image=&#8221;#A3CF01&#8243; box_shadow_style=&#8221;preset1&#8243; global_colors_info=&#8221;{}&#8221;]<\/p>\n<p>Kad\u0131nlara kapsay\u0131c\u0131 \u00f6\u011fretim y\u00f6ntemleriyle \u00e7evre dostu i\u015fletmecilik \u00f6\u011fretme<\/p>\n<p>[\/et_pb_blurb][\/et_pb_column][et_pb_column type=&#8221;1_3&#8243; _builder_version=&#8221;4.24.0&#8243; _module_preset=&#8221;default&#8221; global_colors_info=&#8221;{}&#8221;][et_pb_blurb title=&#8221;\u00d6rnek Ol&#8221; use_icon=&#8221;on&#8221; font_icon=&#8221;&#xf130;||fa||900&#8243; icon_color=&#8221;#5A7414&#8243; image_icon_background_color=&#8221;#A3CF01&#8243; icon_placement=&#8221;left&#8221; _builder_version=&#8221;4.24.0&#8243; _module_preset=&#8221;default&#8221; header_font=&#8221;|700|||||||&#8221; header_text_color=&#8221;#5A7414&#8243; body_font_size=&#8221;13px&#8221; background_color=&#8221;#FFFFFF&#8221; custom_margin=&#8221;22px|22px|22px|22px|true|true&#8221; custom_padding=&#8221;22px|22px|22px|22px|true|true&#8221; animation_style=&#8221;slide&#8221; animation_direction=&#8221;bottom&#8221; border_radii=&#8221;on|13px|13px|13px|13px&#8221; border_radii_image=&#8221;on|16px|16px|16px|16px&#8221; border_width_all_image=&#8221;13px&#8221; border_color_all_image=&#8221;#A3CF01&#8243; box_shadow_style=&#8221;preset1&#8243; global_colors_info=&#8221;{}&#8221;]<\/p>\n<p>Kad\u0131n giri\u015fimcilerin ve ye\u015fil giri\u015fimcilerin iyi uygulamalar\u0131n\u0131 ve vaka \u00e7al\u0131\u015fmalar\u0131n\u0131 sunma<\/p>\n<p>[\/et_pb_blurb][\/et_pb_column][\/et_pb_row][\/et_pb_section][et_pb_section fb_built=&#8221;1&#8243; next_background_color=&#8221;#ffffff&#8221; _builder_version=&#8221;4.24.0&#8243; _module_preset=&#8221;default&#8221; use_background_color_gradient=&#8221;on&#8221; background_color_gradient_direction=&#8221;270deg&#8221; background_color_gradient_stops=&#8221;#5a7414 0%|#1f5100 100%&#8221; custom_padding=&#8221;||79px||false|false&#8221; bottom_divider_style=&#8221;wave&#8221; bottom_divider_height=&#8221;40px&#8221; global_colors_info=&#8221;{}&#8221;][et_pb_row column_structure=&#8221;1_2,1_2&#8243; _builder_version=&#8221;4.24.0&#8243; _module_preset=&#8221;default&#8221; global_colors_info=&#8221;{}&#8221;][et_pb_column type=&#8221;1_2&#8243; _builder_version=&#8221;4.24.0&#8243; _module_preset=&#8221;default&#8221; global_colors_info=&#8221;{}&#8221;][et_pb_gallery gallery_ids=&#8221;121,122,120&#8243; fullwidth=&#8221;on&#8221; _builder_version=&#8221;4.24.0&#8243; _module_preset=&#8221;default&#8221; auto=&#8221;on&#8221; auto_speed=&#8221;1700&#8243; global_colors_info=&#8221;{}&#8221;][\/et_pb_gallery][\/et_pb_column][et_pb_column type=&#8221;1_2&#8243; _builder_version=&#8221;4.24.0&#8243; _module_preset=&#8221;default&#8221; global_colors_info=&#8221;{}&#8221;][et_pb_text _builder_version=&#8221;4.24.0&#8243; _module_preset=&#8221;default&#8221; text_text_color=&#8221;#FFFFFF&#8221; header_text_color=&#8221;#FFFFFF&#8221; header_font_size=&#8221;28px&#8221; header_2_font=&#8221;|600|||||||&#8221; header_2_text_color=&#8221;#FFFFFF&#8221; header_3_text_color=&#8221;#FFFFFF&#8221; text_orientation=&#8221;justified&#8221; global_colors_info=&#8221;{}&#8221;]<\/p>\n<h2>Proje Hakk\u0131nda<\/h2>\n<p>Proje, Balkan b\u00f6lgesinde Mesleki E\u011fitim ve \u00d6\u011fretim (ME\u00d6) sistemini geli\u015ftirmeye odaklanmaktad\u0131r. Bu, yenilik\u00e7i, pazar odakl\u0131 e\u011fitim \u00e7\u00f6z\u00fcmlerinin tan\u0131t\u0131lmas\u0131yla sa\u011flanacakt\u0131r; bu \u00e7\u00f6z\u00fcmler, kad\u0131n giri\u015fimciler i\u00e7in s\u00fcrekli \u00f6\u011frenme f\u0131rsatlar\u0131 ve ye\u015fil ve s\u00fcrd\u00fcr\u00fclebilirlik becerilerinin geli\u015ftirilmesini sa\u011flayacakt\u0131r.<\/p>\n<p>\u00a0Proje, Balkanlar b\u00f6lgesi ve T\u00fcrkiye&#8217;de birka\u00e7 zorlu\u011fa yan\u0131t verecektir. Bunlar, mesleki e\u011fitim ve \u00f6\u011fretimin d\u00fc\u015f\u00fck kalitesi, ye\u015fil sekt\u00f6rde e\u011fitim ve \u00f6\u011fretim eksikli\u011fi, \u00f6zellikle kad\u0131nlar ve di\u011fer k\u0131r\u0131lgan gruplar aras\u0131nda y\u00fcksek i\u015fsizlik oranlar\u0131, beceriler ile i\u015f piyasas\u0131 aras\u0131ndaki uyumsuzluk ve b\u00f6lgede ye\u015fil giri\u015fimlerin azl\u0131\u011f\u0131d\u0131r.<\/p>\n<p>[\/et_pb_text][et_pb_button button_url=&#8221;\/tr\/about&#8221; button_text=&#8221;Daha fazlas\u0131n\u0131 \u00f6\u011fren&#8221; _builder_version=&#8221;4.24.0&#8243; _module_preset=&#8221;default&#8221; custom_button=&#8221;on&#8221; button_text_size=&#8221;16px&#8221; button_border_width=&#8221;2px&#8221; button_border_color=&#8221;#FFFFFF&#8221; button_border_radius=&#8221;10px&#8221; button_letter_spacing=&#8221;1px&#8221; background_layout=&#8221;dark&#8221; animation_style=&#8221;fade&#8221; animation_duration=&#8221;1600ms&#8221; locked=&#8221;off&#8221; global_colors_info=&#8221;{}&#8221; button_bg_color__hover_enabled=&#8221;on|hover&#8221; button_bg_color__hover=&#8221;RGBA(255,255,255,0)&#8221; button_bg_enable_color__hover=&#8221;on&#8221; button_border_width__hover_enabled=&#8221;on|hover&#8221; button_border_width__hover=&#8221;2px&#8221; button_border_color__hover_enabled=&#8221;on|hover&#8221; button_border_color__hover=&#8221;#FFFFFF&#8221;][\/et_pb_button][\/et_pb_column][\/et_pb_row][\/et_pb_section][et_pb_section fb_built=&#8221;1&#8243; _builder_version=&#8221;4.24.0&#8243; _module_preset=&#8221;default&#8221; custom_padding=&#8221;||11px|||&#8221; global_colors_info=&#8221;{}&#8221;][et_pb_row _builder_version=&#8221;4.24.0&#8243; _module_preset=&#8221;default&#8221; global_colors_info=&#8221;{}&#8221;][et_pb_column type=&#8221;4_4&#8243; _builder_version=&#8221;4.24.0&#8243; _module_preset=&#8221;default&#8221; global_colors_info=&#8221;{}&#8221;][et_pb_text _builder_version=&#8221;4.24.0&#8243; _module_preset=&#8221;default&#8221; text_text_color=&#8221;#A3CF01&#8243; header_2_font=&#8221;|700|||||||&#8221; header_2_text_align=&#8221;center&#8221; header_2_text_color=&#8221;#5A7414&#8243; global_colors_info=&#8221;{}&#8221;]<\/p>\n<h2>Ortaklar<\/h2>\n<p>[\/et_pb_text][\/et_pb_column][\/et_pb_row][et_pb_row column_structure=&#8221;1_4,1_4,1_4,1_4&#8243; use_custom_gutter=&#8221;on&#8221; gutter_width=&#8221;2&#8243; _builder_version=&#8221;4.24.0&#8243; _module_preset=&#8221;default&#8221; global_colors_info=&#8221;{}&#8221;][et_pb_column type=&#8221;1_4&#8243; _builder_version=&#8221;4.24.0&#8243; _module_preset=&#8221;default&#8221; global_colors_info=&#8221;{}&#8221;][et_pb_image src=&#8221;https:\/\/gfeb.org\/tr\/wp-content\/uploads\/sites\/5\/2024\/02\/SEGE.png&#8221; title_text=&#8221;SEGE&#8221; _builder_version=&#8221;4.24.0&#8243; _module_preset=&#8221;default&#8221; global_colors_info=&#8221;{}&#8221;][\/et_pb_image][\/et_pb_column][et_pb_column type=&#8221;1_4&#8243; _builder_version=&#8221;4.24.0&#8243; _module_preset=&#8221;default&#8221; global_colors_info=&#8221;{}&#8221;][et_pb_image src=&#8221;https:\/\/gfeb.org\/tr\/wp-content\/uploads\/sites\/5\/2024\/02\/AAIE.png&#8221; title_text=&#8221;AAIE&#8221; _builder_version=&#8221;4.24.0&#8243; _module_preset=&#8221;default&#8221; global_colors_info=&#8221;{}&#8221;][\/et_pb_image][\/et_pb_column][et_pb_column type=&#8221;1_4&#8243; _builder_version=&#8221;4.24.0&#8243; _module_preset=&#8221;default&#8221; global_colors_info=&#8221;{}&#8221;][et_pb_image src=&#8221;https:\/\/gfeb.org\/tr\/wp-content\/uploads\/sites\/5\/2024\/02\/UPZ.png&#8221; title_text=&#8221;UPZ&#8221; _builder_version=&#8221;4.24.0&#8243; _module_preset=&#8221;default&#8221; global_colors_info=&#8221;{}&#8221;][\/et_pb_image][\/et_pb_column][et_pb_column type=&#8221;1_4&#8243; _builder_version=&#8221;4.24.0&#8243; _module_preset=&#8221;default&#8221; global_colors_info=&#8221;{}&#8221;][et_pb_image src=&#8221;https:\/\/gfeb.org\/tr\/wp-content\/uploads\/sites\/5\/2024\/02\/ABW.png&#8221; title_text=&#8221;ABW&#8221; _builder_version=&#8221;4.24.0&#8243; _module_preset=&#8221;default&#8221; global_colors_info=&#8221;{}&#8221;][\/et_pb_image][\/et_pb_column][\/et_pb_row][et_pb_row column_structure=&#8221;1_4,1_4,1_4,1_4&#8243; use_custom_gutter=&#8221;on&#8221; gutter_width=&#8221;2&#8243; _builder_version=&#8221;4.24.0&#8243; _module_preset=&#8221;default&#8221; global_colors_info=&#8221;{}&#8221;][et_pb_column type=&#8221;1_4&#8243; _builder_version=&#8221;4.24.0&#8243; _module_preset=&#8221;default&#8221; global_colors_info=&#8221;{}&#8221;][et_pb_image src=&#8221;https:\/\/gfeb.org\/tr\/wp-content\/uploads\/sites\/5\/2024\/02\/APZ.png&#8221; title_text=&#8221;APZ&#8221; _builder_version=&#8221;4.24.0&#8243; _module_preset=&#8221;default&#8221; global_colors_info=&#8221;{}&#8221;][\/et_pb_image][\/et_pb_column][et_pb_column type=&#8221;1_4&#8243; _builder_version=&#8221;4.24.0&#8243; _module_preset=&#8221;default&#8221; global_colors_info=&#8221;{}&#8221;][et_pb_image src=&#8221;https:\/\/gfeb.org\/tr\/wp-content\/uploads\/sites\/5\/2024\/02\/KAGIDER.png&#8221; title_text=&#8221;KAGIDER&#8221; _builder_version=&#8221;4.24.0&#8243; _module_preset=&#8221;default&#8221; global_colors_info=&#8221;{}&#8221;][\/et_pb_image][et_pb_button button_url=&#8221;\/about&#8221; button_text=&#8221;Learn more&#8221; _builder_version=&#8221;4.24.0&#8243; _module_preset=&#8221;default&#8221; custom_button=&#8221;on&#8221; button_text_size=&#8221;16px&#8221; button_border_width=&#8221;2px&#8221; button_border_color=&#8221;#FFFFFF&#8221; button_border_radius=&#8221;10px&#8221; button_letter_spacing=&#8221;1px&#8221; background_layout=&#8221;dark&#8221; animation_style=&#8221;fade&#8221; animation_duration=&#8221;1600ms&#8221; locked=&#8221;off&#8221; global_colors_info=&#8221;{}&#8221; button_bg_color__hover_enabled=&#8221;on|hover&#8221; button_bg_color__hover=&#8221;RGBA(255,255,255,0)&#8221; button_bg_enable_color__hover=&#8221;on&#8221; button_border_width__hover_enabled=&#8221;on|hover&#8221; button_border_width__hover=&#8221;2px&#8221; button_border_color__hover_enabled=&#8221;on|hover&#8221; button_border_color__hover=&#8221;#FFFFFF&#8221;][\/et_pb_button][\/et_pb_column][et_pb_column type=&#8221;1_4&#8243; _builder_version=&#8221;4.24.0&#8243; _module_preset=&#8221;default&#8221; global_colors_info=&#8221;{}&#8221;][et_pb_image src=&#8221;https:\/\/gfeb.org\/tr\/wp-content\/uploads\/sites\/5\/2024\/02\/WECA.png&#8221; title_text=&#8221;WECA&#8221; _builder_version=&#8221;4.24.0&#8243; _module_preset=&#8221;default&#8221; global_colors_info=&#8221;{}&#8221;][\/et_pb_image][\/et_pb_column][et_pb_column type=&#8221;1_4&#8243; _builder_version=&#8221;4.24.0&#8243; _module_preset=&#8221;default&#8221; global_colors_info=&#8221;{}&#8221;][et_pb_image src=&#8221;https:\/\/gfeb.org\/tr\/wp-content\/uploads\/sites\/5\/2024\/02\/BEST.png&#8221; title_text=&#8221;BEST&#8221; _builder_version=&#8221;4.24.0&#8243; _module_preset=&#8221;default&#8221; global_colors_info=&#8221;{}&#8221;][\/et_pb_image][\/et_pb_column][\/et_pb_row][\/et_pb_section][et_pb_section fb_built=&#8221;1&#8243; next_background_color=&#8221;#ffffff&#8221; _builder_version=&#8221;4.24.0&#8243; _module_preset=&#8221;default&#8221; use_background_color_gradient=&#8221;on&#8221; background_color_gradient_direction=&#8221;270deg&#8221; background_color_gradient_stops=&#8221;#5a7414 0%|#1f5100 100%&#8221; bottom_divider_style=&#8221;wave&#8221; bottom_divider_height=&#8221;40px&#8221; global_colors_info=&#8221;{}&#8221;][et_pb_row column_structure=&#8221;1_2,1_2&#8243; _builder_version=&#8221;4.24.0&#8243; _module_preset=&#8221;default&#8221; global_colors_info=&#8221;{}&#8221;][et_pb_column type=&#8221;1_2&#8243; _builder_version=&#8221;4.24.0&#8243; _module_preset=&#8221;default&#8221; global_colors_info=&#8221;{}&#8221;][et_pb_text _builder_version=&#8221;4.24.0&#8243; _module_preset=&#8221;default&#8221; text_text_color=&#8221;#FFFFFF&#8221; header_text_color=&#8221;#FFFFFF&#8221; header_font_size=&#8221;28px&#8221; header_2_font=&#8221;|600|||||||&#8221; header_2_text_color=&#8221;#FFFFFF&#8221; header_3_text_color=&#8221;#FFFFFF&#8221; text_orientation=&#8221;justified&#8221; global_colors_info=&#8221;{}&#8221;]<\/p>\n<h2>\u00c7\u0131kt\u0131lar<\/h2>\n<p>Amac\u0131m\u0131z bir dizi ana hedefe sahip bir \u00e7evrimi\u00e7i platform geli\u015ftirmektir. Platform, Avrupa&#8217;dan kad\u0131n giri\u015fimcilerin ve ye\u015fil giri\u015fimcilerin iyi uygulamalar\u0131n\u0131 ve vaka \u00e7al\u0131\u015fmalar\u0131n\u0131 sergileyecek. Ayr\u0131ca, Mesleki E\u011fitim ve \u00d6\u011fretim sekt\u00f6r\u00fcn\u00fcn iyi uygulamalar\u0131n\u0131 ve vaka \u00e7al\u0131\u015fmalar\u0131n\u0131 da e\u011fitim metodolojileri, beceri geli\u015ftirme y\u00f6ntemleri ve i\u015fg\u00fcc\u00fc piyasas\u0131 ile ba\u011flant\u0131lar\u0131n\u0131 i\u00e7erecek \u015fekilde vurgulayacakt\u0131r. Platform, Mesleki E\u011fitim ve \u00d6\u011fretim \u00f6\u011fretmenleri ve e\u011fitmenleri i\u00e7in ME\u00d6 \u00f6\u011fretmenleri m\u00fcfredat\u0131na dayanan e-\u00f6\u011frenme materyalleri sunacakt\u0131r.<\/p>\n<p>Proje, projenin logo, belge ve sunum \u015fablonlar\u0131n\u0131 i\u00e7eren \u00e7ekici bir g\u00f6rsel kimlik olu\u015fturmay\u0131 ama\u00e7lamaktad\u0131r. \u00d6zellikle Balkan b\u00f6lgesinde olmak \u00fczere farkl\u0131 ortak \u00fclkelerde proje faaliyetlerinin, sonu\u00e7lar\u0131n\u0131n ve etkinliklerinin kamuoyunda fark\u0131ndal\u0131\u011f\u0131n\u0131 art\u0131rmay\u0131 hedeflemektedir. Proje, vizyonunu ve hedeflerini geni\u015f kitlelere tutarl\u0131 bir \u015fekilde tan\u0131tacak ve yayacakt\u0131r.<\/p>\n<p>[\/et_pb_text][\/et_pb_column][et_pb_column type=&#8221;1_2&#8243; _builder_version=&#8221;4.24.0&#8243; _module_preset=&#8221;default&#8221; global_colors_info=&#8221;{}&#8221;][et_pb_image src=&#8221;https:\/\/gfeb.org\/tr\/wp-content\/uploads\/sites\/5\/2024\/02\/gal01.jpg&#8221; title_text=&#8221;gal01&#8243; _builder_version=&#8221;4.24.0&#8243; _module_preset=&#8221;default&#8221; global_colors_info=&#8221;{}&#8221;][\/et_pb_image][\/et_pb_column][\/et_pb_row][\/et_pb_section][et_pb_section fb_built=&#8221;1&#8243; _builder_version=&#8221;4.24.0&#8243; _module_preset=&#8221;default&#8221; global_colors_info=&#8221;{}&#8221;][et_pb_row _builder_version=&#8221;4.24.0&#8243; _module_preset=&#8221;default&#8221; global_colors_info=&#8221;{}&#8221;][et_pb_column type=&#8221;4_4&#8243; _builder_version=&#8221;4.24.0&#8243; _module_preset=&#8221;default&#8221; global_colors_info=&#8221;{}&#8221;][et_pb_text _builder_version=&#8221;4.24.0&#8243; _module_preset=&#8221;default&#8221; header_2_font=&#8221;|700|||||||&#8221; header_2_text_align=&#8221;center&#8221; header_2_text_color=&#8221;#5A7414&#8243; global_colors_info=&#8221;{}&#8221;]<\/p>\n<h2>G\u00fcncel Haberler<\/h2>\n<p>[\/et_pb_text][et_pb_blog fullwidth=&#8221;off&#8221; posts_number=&#8221;3&#8243; include_categories=&#8221;10&#8243; use_manual_excerpt=&#8221;off&#8221; _builder_version=&#8221;4.24.0&#8243; _module_preset=&#8221;default&#8221; border_width_all=&#8221;0px&#8221; border_radii_image=&#8221;off|10px|10px||&#8221; global_colors_info=&#8221;{}&#8221;][\/et_pb_blog][\/et_pb_column][\/et_pb_row][\/et_pb_section]<\/p>\n","protected":false},"excerpt":{"rendered":"<p>BalkanlardaKad\u0131n Giri\u015fimcilerinYe\u015fil D\u00f6n\u00fc\u015f\u00fcmleriKad\u0131n giri\u015fimcileri ye\u015fil giri\u015fimcilik kavram\u0131na yakla\u015ft\u0131rKad\u0131nlara kapsay\u0131c\u0131 \u00f6\u011fretim y\u00f6ntemleriyle \u00e7evre dostu i\u015fletmecilik \u00f6\u011fretmeKad\u0131n giri\u015fimcilerin ve ye\u015fil giri\u015fimcilerin iyi uygulamalar\u0131n\u0131 ve vaka \u00e7al\u0131\u015fmalar\u0131n\u0131 sunmaProje Hakk\u0131nda Proje, Balkan b\u00f6lgesinde Mesleki E\u011fitim ve \u00d6\u011fretim (ME\u00d6) sistemini geli\u015ftirmeye odaklanmaktad\u0131r. Bu, yenilik\u00e7i, pazar odakl\u0131 e\u011fitim \u00e7\u00f6z\u00fcmlerinin tan\u0131t\u0131lmas\u0131yla sa\u011flanacakt\u0131r; bu \u00e7\u00f6z\u00fcmler, kad\u0131n giri\u015fimciler i\u00e7in s\u00fcrekli \u00f6\u011frenme f\u0131rsatlar\u0131 ve ye\u015fil [&hellip;]<\/p>\n","protected":false},"author":1,"featured_media":0,"parent":0,"menu_order":0,"comment_status":"closed","ping_status":"closed","template":"","meta":{"_et_pb_use_builder":"on","_et_pb_old_content":"","_et_gb_content_width":"","footnotes":""},"class_list":["post-98","page","type-page","status-publish","hentry"],"_links":{"self":[{"href":"https:\/\/gfeb.org\/tr\/wp-json\/wp\/v2\/pages\/98","targetHints":{"allow":["GET"]}}],"collection":[{"href":"https:\/\/gfeb.org\/tr\/wp-json\/wp\/v2\/pages"}],"about":[{"href":"https:\/\/gfeb.org\/tr\/wp-json\/wp\/v2\/types\/page"}],"author":[{"embeddable":true,"href":"https:\/\/gfeb.org\/tr\/wp-json\/wp\/v2\/users\/1"}],"replies":[{"embeddable":true,"href":"https:\/\/gfeb.org\/tr\/wp-json\/wp\/v2\/comments?post=98"}],"version-history":[{"count":26,"href":"https:\/\/gfeb.org\/tr\/wp-json\/wp\/v2\/pages\/98\/revisions"}],"predecessor-version":[{"id":978,"href":"https:\/\/gfeb.org\/tr\/wp-json\/wp\/v2\/pages\/98\/revisions\/978"}],"wp:attachment":[{"href":"https:\/\/gfeb.org\/tr\/wp-json\/wp\/v2\/media?parent=98"}],"curies":[{"name":"wp","href":"https:\/\/api.w.org\/{rel}","templated":true}]}}